{"id":8594,"date":"2024-09-26T08:41:13","date_gmt":"2024-09-26T08:41:13","guid":{"rendered":"https:\/\/kodasema.com\/koda-loft-micro\/"},"modified":"2025-08-22T11:52:23","modified_gmt":"2025-08-22T11:52:23","slug":"koda-loft-micro","status":"publish","type":"page","link":"https:\/\/kodasema.com\/et\/koda-loft-micro\/","title":{"rendered":"KODA Loft Micro"},"content":{"rendered":"\t\t<div data-elementor-type=\"wp-page\" data-elementor-id=\"8594\" class=\"elementor elementor-8594 elementor-646\" data-elementor-post-type=\"page\">\n\t\t\t\t<div class=\"elementor-element elementor-element-f2f72c8 head-image e-flex e-con-boxed e-con e-parent\" data-id=\"f2f72c8\" data-element_type=\"container\" data-settings=\"{&quot;background_background&quot;:&quot;classic&quot;}\">\n\t\t\t\t\t<div class=\"e-con-inner\">\n\t\t\t\t<div class=\"elementor-element elementor-element-9ad66c8 elementor-widget elementor-widget-text-editor\" data-id=\"9ad66c8\" data-element_type=\"widget\" data-widget_type=\"text-editor.default\">\n\t\t\t\t\t\t\t\t\tKODA Loft Micro\t\t\t\t\t\t\t\t<\/div>\n\t\t\t\t<div class=\"elementor-element elementor-element-4cbe8bc elementor-widget elementor-widget-text-editor\" data-id=\"4cbe8bc\" data-element_type=\"widget\" data-widget_type=\"text-editor.default\">\n\t\t\t\t\t\t\t\t\t<p style=\"text-align: center;\">MINIARHITEKTUURI ELAMUS<\/p>\t\t\t\t\t\t\t\t<\/div>\n\t\t<div class=\"elementor-element elementor-element-0b20be1 e-grid e-con-boxed e-con e-child\" data-id=\"0b20be1\" data-element_type=\"container\">\n\t\t\t\t\t<div class=\"e-con-inner\">\n\t\t\t\t<div class=\"elementor-element elementor-element-be1e3c5 elementor-align-center elementor-mobile-align-center elementor-widget elementor-widget-button\" data-id=\"be1e3c5\" data-element_type=\"widget\" data-widget_type=\"button.default\">\n\t\t\t\t\t\t\t\t\t\t<a class=\"elementor-button elementor-button-link elementor-size-sm\" href=\"#explore\">\n\t\t\t\t\t\t<span class=\"elementor-button-content-wrapper\">\n\t\t\t\t\t\t\t\t\t<span class=\"elementor-button-text\">VAATA L\u00c4HEMALT<\/span>\n\t\t\t\t\t<\/span>\n\t\t\t\t\t<\/a>\n\t\t\t\t\t\t\t\t<\/div>\n\t\t\t\t\t<\/div>\n\t\t\t\t<\/div>\n\t\t\t\t\t<\/div>\n\t\t\t\t<\/div>\n\t\t<div class=\"elementor-element elementor-element-17cd39b e-con-full e-flex e-con e-parent\" data-id=\"17cd39b\" data-element_type=\"container\">\n\t\t\t\t<div class=\"elementor-element elementor-element-df3b737 elementor-widget elementor-widget-menu-anchor\" data-id=\"df3b737\" data-element_type=\"widget\" data-widget_type=\"menu-anchor.default\">\n\t\t\t\t\t\t\t<div class=\"elementor-menu-anchor\" id=\"explore\"><\/div>\n\t\t\t\t\t\t<\/div>\n\t\t\t\t<div class=\"elementor-element elementor-element-e9d7f88 elementor-widget elementor-widget-text-editor\" data-id=\"e9d7f88\" data-element_type=\"widget\" data-widget_type=\"text-editor.default\">\n\t\t\t\t\t\t\t\t\t<p>KODA Lofti v\u00e4ikseima mudeli \u2013 Micro \u2013 v\u00e4ikese pindala t\u00f5ttu (19.95m2) on selle paigaldamine mitmel pool \u00fcle maailma lihtsam, kuna ei n\u00f5ua keeruliste ehituslubade taotlemist. Minimaalse vajaliku ruumi kontseptsioon on siin t\u00e4ielikult lahendatud keskkonnateadlikkusega &#8211; kulutades v\u00e4hem elektrit, omades v\u00e4hem asju ja tekitades v\u00e4hem j\u00e4\u00e4tmeid.<\/p>\t\t\t\t\t\t\t\t<\/div>\n\t\t\t\t<\/div>\n\t\t<div class=\"elementor-element elementor-element-432b870 e-con-full e-flex e-con e-parent\" data-id=\"432b870\" data-element_type=\"container\">\n\t\t<div class=\"elementor-element elementor-element-53094f5 e-con-full e-flex e-con e-child\" data-id=\"53094f5\" data-element_type=\"container\">\n\t\t\t\t<div class=\"elementor-element elementor-element-0eb6e93 elementor-widget elementor-widget-text-editor\" data-id=\"0eb6e93\" data-element_type=\"widget\" data-widget_type=\"text-editor.default\">\n\t\t\t\t\t\t\t\t\t<p>V\u00e4ikemajad on muutumas j\u00e4rjest populaarsemaks. See trend inspireeris ka Kodasema arhitekte ning disainereid proovima k\u00e4tt eriti v\u00e4ikese elumaja kavandamisega.<\/p><p>KODA Loft Micros on olemas k\u00f5ik vajalik: k\u00f6\u00f6ginurk, du\u0161iruum, eraldi magamis- ja puhkeala \u2013 ja seda v\u00e4hem kui 20 ruutmeetril.<\/p>\t\t\t\t\t\t\t\t<\/div>\n\t\t<div class=\"elementor-element elementor-element-a8fe369 e-con-full e-flex e-con e-child\" data-id=\"a8fe369\" data-element_type=\"container\">\n\t\t\t\t<div class=\"elementor-element elementor-element-980ca33 elementor-align-left elementor-widget elementor-widget-button\" data-id=\"980ca33\" data-element_type=\"widget\" data-widget_type=\"button.default\">\n\t\t\t\t\t\t\t\t\t\t<a class=\"elementor-button elementor-button-link elementor-size-sm\" href=\"https:\/\/kodasema.com\/et\/kontakt\/\">\n\t\t\t\t\t\t<span class=\"elementor-button-content-wrapper\">\n\t\t\t\t\t\t\t\t\t<span class=\"elementor-button-text\">Hinnad al. \u20ac71,800<\/span>\n\t\t\t\t\t<\/span>\n\t\t\t\t\t<\/a>\n\t\t\t\t\t\t\t\t<\/div>\n\t\t\t\t<\/div>\n\t\t\t\t<div class=\"elementor-element elementor-element-36637fd elementor-widget elementor-widget-text-editor\" data-id=\"36637fd\" data-element_type=\"widget\" data-widget_type=\"text-editor.default\">\n\t\t\t\t\t\t\t\t\t<p><span style=\"color: #ff9900;\"><strong><a href=\"http:\/\/eepurl.com\/iJ0x8w\" target=\"_blank\" rel=\"noopener\">Personaalse KODA Loft Micro hinnapakkumise saamiseks vajutage siia -&gt;&gt;&gt;<\/a><\/strong><\/span><\/p><p>KODA \u00fcldise, regioonip\u00f5hise hinnakirja saamiseks palun t\u00e4itke lehe jaluses olev vorm.<\/p>\t\t\t\t\t\t\t\t<\/div>\n\t\t\t\t<div class=\"elementor-element elementor-element-b3f6200 elementor-icon-list--layout-traditional elementor-list-item-link-full_width elementor-widget elementor-widget-icon-list\" data-id=\"b3f6200\" data-element_type=\"widget\" data-widget_type=\"icon-list.default\">\n\t\t\t\t\t\t\t<ul class=\"elementor-icon-list-items\">\n\t\t\t\t\t\t\t<li class=\"elementor-icon-list-item\">\n\t\t\t\t\t\t\t\t\t\t\t<a href=\"https:\/\/kodasema.com\/wp-content\/uploads\/2024\/09\/211008_KODA-Loft-Micro_fact-sheet-1.pdf\" target=\"_blank\">\n\n\t\t\t\t\t\t\t\t\t\t\t\t<span class=\"elementor-icon-list-icon\">\n\t\t\t\t\t\t\t<svg aria-hidden=\"true\" class=\"e-font-icon-svg e-far-file-pdf\" viewBox=\"0 0 384 512\" xmlns=\"http:\/\/www.w3.org\/2000\/svg\"><path d=\"M369.9 97.9L286 14C277 5 264.8-.1 252.1-.1H48C21.5 0 0 21.5 0 48v416c0 26.5 21.5 48 48 48h288c26.5 0 48-21.5 48-48V131.9c0-12.7-5.1-25-14.1-34zM332.1 128H256V51.9l76.1 76.1zM48 464V48h160v104c0 13.3 10.7 24 24 24h104v288H48zm250.2-143.7c-12.2-12-47-8.7-64.4-6.5-17.2-10.5-28.7-25-36.8-46.3 3.9-16.1 10.1-40.6 5.4-56-4.2-26.2-37.8-23.6-42.6-5.9-4.4 16.1-.4 38.5 7 67.1-10 23.9-24.9 56-35.4 74.4-20 10.3-47 26.2-51 46.2-3.3 15.8 26 55.2 76.1-31.2 22.4-7.4 46.8-16.5 68.4-20.1 18.9 10.2 41 17 55.8 17 25.5 0 28-28.2 17.5-38.7zm-198.1 77.8c5.1-13.7 24.5-29.5 30.4-35-19 30.3-30.4 35.7-30.4 35zm81.6-190.6c7.4 0 6.7 32.1 1.8 40.8-4.4-13.9-4.3-40.8-1.8-40.8zm-24.4 136.6c9.7-16.9 18-37 24.7-54.7 8.3 15.1 18.9 27.2 30.1 35.5-20.8 4.3-38.9 13.1-54.8 19.2zm131.6-5s-5 6-37.3-7.8c35.1-2.6 40.9 5.4 37.3 7.8z\"><\/path><\/svg>\t\t\t\t\t\t<\/span>\n\t\t\t\t\t\t\t\t\t\t<span class=\"elementor-icon-list-text\">KODA Loft Micro\/pdf\/<\/span>\n\t\t\t\t\t\t\t\t\t\t\t<\/a>\n\t\t\t\t\t\t\t\t\t<\/li>\n\t\t\t\t\t\t<\/ul>\n\t\t\t\t\t\t<\/div>\n\t\t\t\t<\/div>\n\t\t<div class=\"elementor-element elementor-element-91e6731 e-con-full e-flex e-con e-child\" data-id=\"91e6731\" data-element_type=\"container\" data-settings=\"{&quot;background_background&quot;:&quot;classic&quot;}\">\n\t\t\t\t<\/div>\n\t\t\t\t<\/div>\n\t\t<div class=\"elementor-element elementor-element-c3fe860 e-con-full e-flex e-con e-parent\" data-id=\"c3fe860\" data-element_type=\"container\">\n\t\t<div class=\"elementor-element elementor-element-66cd6ac e-con-full e-flex e-con e-child\" data-id=\"66cd6ac\" data-element_type=\"container\" data-settings=\"{&quot;background_background&quot;:&quot;classic&quot;}\">\n\t\t\t\t<\/div>\n\t\t<div class=\"elementor-element elementor-element-11b49c4 e-con-full e-flex e-con e-child\" data-id=\"11b49c4\" data-element_type=\"container\">\n\t\t\t\t<div class=\"elementor-element elementor-element-a19b295 elementor-widget elementor-widget-text-editor\" data-id=\"a19b295\" data-element_type=\"widget\" data-widget_type=\"text-editor.default\">\n\t\t\t\t\t\t\t\t\t<p>KODA kolmekordse klaasiga fassaad muudab maja mikroversiooni sobivaks iga ilma ja aastaaja jaoks. Et vaateid laiendada, on v\u00f5imalik aknaid lisada ka k\u00fclgedele.<\/p><p>Mini-arhitektuuritehnika, mida KODA Loft Micro pakub, aitab kaasa selgele ja minimalistlikule elustiilile. Omage ainult nii palju, kui tegelikult vajate. Teie ruumi esteetika ja lihtsus toetavad rahulikku meelt ja suurenenud heaolu.<\/p>\t\t\t\t\t\t\t\t<\/div>\n\t\t\t\t<\/div>\n\t\t\t\t<\/div>\n\t\t<div class=\"elementor-element elementor-element-b258fc6 e-con-full e-flex e-con e-parent\" data-id=\"b258fc6\" data-element_type=\"container\">\n\t\t<div class=\"elementor-element elementor-element-882acc8 e-con-full e-flex e-con e-child\" data-id=\"882acc8\" data-element_type=\"container\">\n\t\t\t\t<div class=\"elementor-element elementor-element-8274980 elementor-widget elementor-widget-text-editor\" data-id=\"8274980\" data-element_type=\"widget\" data-widget_type=\"text-editor.default\">\n\t\t\t\t\t\t\t\t\t<p>K\u00f5ik KODA suurused sobivad aastaringseks elamiseks ja kiireks ruumivajaduse kasvuks.<\/p><p>Samuti kohandub KODA Loft Micro suuremate arenduste elluviimiseks erinevatele \u00e4ridele v\u00f5i t\u00fchjade linna-kruntide t\u00e4itmiseks.<\/p>\t\t\t\t\t\t\t\t<\/div>\n\t\t\t\t<\/div>\n\t\t<div class=\"elementor-element elementor-element-36f0490 e-con-full e-flex e-con e-child\" data-id=\"36f0490\" data-element_type=\"container\" data-settings=\"{&quot;background_background&quot;:&quot;classic&quot;}\">\n\t\t\t\t<\/div>\n\t\t\t\t<\/div>\n\t\t<div class=\"elementor-element elementor-element-7fa6c42 e-con-full e-flex e-con e-parent\" data-id=\"7fa6c42\" data-element_type=\"container\">\n\t\t<div class=\"elementor-element elementor-element-1aa58a2 e-con-full e-flex e-con e-child\" data-id=\"1aa58a2\" data-element_type=\"container\" data-settings=\"{&quot;background_background&quot;:&quot;classic&quot;}\">\n\t\t\t\t<\/div>\n\t\t<div class=\"elementor-element elementor-element-7988874 e-con-full e-flex e-con e-child\" data-id=\"7988874\" data-element_type=\"container\">\n\t\t\t\t<div class=\"elementor-element elementor-element-462d042 elementor-widget elementor-widget-text-editor\" data-id=\"462d042\" data-element_type=\"widget\" data-widget_type=\"text-editor.default\">\n\t\t\t\t\t\t\t\t\t<p>V\u00e4ike skaala muudab KODA Loft Micro kuluefektiivsemaks ka teisaldamise, t\u00f5stmise ja transpordi kitsaste teede kaudu ligip\u00e4\u00e4setavatele kruntidele.<\/p><p>KODA mikroversioon on taskukohane esteetiline alternatiiv suurele luksuskorterile.<\/p><p>Arhitektid: Maria Alnek, \u00dclar Mark.<br \/>Sisearhitektid: Maria Alnek, Kadri Tonto<\/p>\t\t\t\t\t\t\t\t<\/div>\n\t\t\t\t<\/div>\n\t\t\t\t<\/div>\n\t\t\t\t<\/div>\n\t\t","protected":false},"excerpt":{"rendered":"<p>MINIARHITEKTUURI ELAMUS VAATA L\u00c4HEMALT KODA Lofti v\u00e4ikseima mudeli \u2013 Micro \u2013 v\u00e4ikese pindala t\u00f5ttu (19.95m2) on selle paigaldamine mitmel pool \u00fcle maailma lihtsam, kuna ei n\u00f5ua keeruliste ehituslubade taotlemist. Minimaalse vajaliku ruumi kontseptsioon on siin t\u00e4ielikult lahendatud keskkonnateadlikkusega &#8211; kulutades v\u00e4hem elektrit, omades v\u00e4hem asju ja tekitades v\u00e4hem j\u00e4\u00e4tmeid. V\u00e4ikemajad on muutumas j\u00e4rjest populaarsemaks. See [&hellip;]<\/p>\n","protected":false},"author":1,"featured_media":9709,"parent":0,"menu_order":2,"comment_status":"closed","ping_status":"closed","template":"","meta":{"_acf_changed":false,"footnotes":""},"class_list":["post-8594","page","type-page","status-publish","has-post-thumbnail","hentry"],"acf":[],"yoast_head":"<!-- This site is optimized with the Yoast SEO plugin v26.1.1 - https:\/\/yoast.com\/wordpress\/plugins\/seo\/ -->\n<title>KODA Loft Micro | KODA by Kodasema<\/title>\n<meta name=\"description\" content=\"KODA Lofti v\u00e4ikseima mudeli \u2013 Micro \u2013 v\u00e4ikese pindala t\u00f5ttu (19.95m2)\u00a0 on selle paigaldamine mitmel pool \u00fcle maailma lihtsam, kuna ei n\u00f5ua keeruliste ehituslubade taotlemist. Minimaalse vajaliku ruumi kontseptsioon on siin t\u00e4ielikult lahendatud keskkonnateadlikkusega - kulutades v\u00e4hem elektrit, omades v\u00e4hem asju ja tekitades v\u00e4hem j\u00e4\u00e4tmeid.\" \/>\n<meta name=\"robots\" content=\"index, follow, max-snippet:-1, max-image-preview:large, max-video-preview:-1\" \/>\n<link rel=\"canonical\" href=\"https:\/\/kodasema.com\/et\/koda-loft-micro\/\" \/>\n<meta property=\"og:locale\" content=\"et_EE\" \/>\n<meta property=\"og:type\" content=\"article\" \/>\n<meta property=\"og:title\" content=\"KODA Loft Micro | KODA by Kodasema\" \/>\n<meta property=\"og:description\" content=\"KODA Lofti v\u00e4ikseima mudeli \u2013 Micro \u2013 v\u00e4ikese pindala t\u00f5ttu (19.95m2)\u00a0 on selle paigaldamine mitmel pool \u00fcle maailma lihtsam, kuna ei n\u00f5ua keeruliste ehituslubade taotlemist. Minimaalse vajaliku ruumi kontseptsioon on siin t\u00e4ielikult lahendatud keskkonnateadlikkusega - kulutades v\u00e4hem elektrit, omades v\u00e4hem asju ja tekitades v\u00e4hem j\u00e4\u00e4tmeid.\" \/>\n<meta property=\"og:url\" content=\"https:\/\/kodasema.com\/et\/koda-loft-micro\/\" \/>\n<meta property=\"og:site_name\" content=\"KODA\" \/>\n<meta property=\"article:publisher\" content=\"https:\/\/www.facebook.com\/kodabykodasema\/\" \/>\n<meta property=\"article:modified_time\" content=\"2025-08-22T11:52:23+00:00\" \/>\n<meta property=\"og:image\" content=\"https:\/\/kodasema.com\/wp-content\/uploads\/2022\/09\/KODA-Loft-Micro_Photo-credit_TonuTunnel-KODASEMA0130_300x500-2048x1536-1.jpg\" \/>\n\t<meta property=\"og:image:width\" content=\"2048\" \/>\n\t<meta property=\"og:image:height\" content=\"1536\" \/>\n\t<meta property=\"og:image:type\" content=\"image\/jpeg\" \/>\n<meta name=\"twitter:card\" content=\"summary_large_image\" \/>\n<meta name=\"twitter:label1\" content=\"Est. reading time\" \/>\n\t<meta name=\"twitter:data1\" content=\"2 minutit\" \/>\n<script type=\"application\/ld+json\" class=\"yoast-schema-graph\">{\"@context\":\"https:\/\/schema.org\",\"@graph\":[{\"@type\":\"WebPage\",\"@id\":\"https:\/\/kodasema.com\/et\/koda-loft-micro\/\",\"url\":\"https:\/\/kodasema.com\/et\/koda-loft-micro\/\",\"name\":\"KODA Loft Micro | KODA by Kodasema\",\"isPartOf\":{\"@id\":\"https:\/\/kodasema.com\/en\/#website\"},\"primaryImageOfPage\":{\"@id\":\"https:\/\/kodasema.com\/et\/koda-loft-micro\/#primaryimage\"},\"image\":{\"@id\":\"https:\/\/kodasema.com\/et\/koda-loft-micro\/#primaryimage\"},\"thumbnailUrl\":\"https:\/\/kodasema.com\/wp-content\/uploads\/2022\/09\/KODA-Loft-Micro_Photo-credit_TonuTunnel-KODASEMA0130_300x500-2048x1536-1.jpg\",\"datePublished\":\"2024-09-26T08:41:13+00:00\",\"dateModified\":\"2025-08-22T11:52:23+00:00\",\"description\":\"KODA Lofti v\u00e4ikseima mudeli \u2013 Micro \u2013 v\u00e4ikese pindala t\u00f5ttu (19.95m2)\u00a0 on selle paigaldamine mitmel pool \u00fcle maailma lihtsam, kuna ei n\u00f5ua keeruliste ehituslubade taotlemist. Minimaalse vajaliku ruumi kontseptsioon on siin t\u00e4ielikult lahendatud keskkonnateadlikkusega - kulutades v\u00e4hem elektrit, omades v\u00e4hem asju ja tekitades v\u00e4hem j\u00e4\u00e4tmeid.\",\"breadcrumb\":{\"@id\":\"https:\/\/kodasema.com\/et\/koda-loft-micro\/#breadcrumb\"},\"inLanguage\":\"et\",\"potentialAction\":[{\"@type\":\"ReadAction\",\"target\":[\"https:\/\/kodasema.com\/et\/koda-loft-micro\/\"]}]},{\"@type\":\"ImageObject\",\"inLanguage\":\"et\",\"@id\":\"https:\/\/kodasema.com\/et\/koda-loft-micro\/#primaryimage\",\"url\":\"https:\/\/kodasema.com\/wp-content\/uploads\/2022\/09\/KODA-Loft-Micro_Photo-credit_TonuTunnel-KODASEMA0130_300x500-2048x1536-1.jpg\",\"contentUrl\":\"https:\/\/kodasema.com\/wp-content\/uploads\/2022\/09\/KODA-Loft-Micro_Photo-credit_TonuTunnel-KODASEMA0130_300x500-2048x1536-1.jpg\",\"width\":2048,\"height\":1536},{\"@type\":\"BreadcrumbList\",\"@id\":\"https:\/\/kodasema.com\/et\/koda-loft-micro\/#breadcrumb\",\"itemListElement\":[{\"@type\":\"ListItem\",\"position\":1,\"name\":\"Home\",\"item\":\"https:\/\/kodasema.com\/et\/\"},{\"@type\":\"ListItem\",\"position\":2,\"name\":\"KODA Loft Micro\"}]},{\"@type\":\"WebSite\",\"@id\":\"https:\/\/kodasema.com\/en\/#website\",\"url\":\"https:\/\/kodasema.com\/en\/\",\"name\":\"KODA\",\"description\":\"QUALITY AND DESIGN MEETS FLEXIBLE, INNOVATIVE SPACE\",\"publisher\":{\"@id\":\"https:\/\/kodasema.com\/en\/#organization\"},\"potentialAction\":[{\"@type\":\"SearchAction\",\"target\":{\"@type\":\"EntryPoint\",\"urlTemplate\":\"https:\/\/kodasema.com\/en\/?s={search_term_string}\"},\"query-input\":{\"@type\":\"PropertyValueSpecification\",\"valueRequired\":true,\"valueName\":\"search_term_string\"}}],\"inLanguage\":\"et\"},{\"@type\":\"Organization\",\"@id\":\"https:\/\/kodasema.com\/en\/#organization\",\"name\":\"KODA\",\"url\":\"https:\/\/kodasema.com\/en\/\",\"logo\":{\"@type\":\"ImageObject\",\"inLanguage\":\"et\",\"@id\":\"https:\/\/kodasema.com\/en\/#\/schema\/logo\/image\/\",\"url\":\"https:\/\/kodasema.com\/wp-content\/uploads\/2024\/09\/logo-dark.svg\",\"contentUrl\":\"https:\/\/kodasema.com\/wp-content\/uploads\/2024\/09\/logo-dark.svg\",\"width\":123,\"height\":34,\"caption\":\"KODA\"},\"image\":{\"@id\":\"https:\/\/kodasema.com\/en\/#\/schema\/logo\/image\/\"},\"sameAs\":[\"https:\/\/www.facebook.com\/kodabykodasema\/\"]}]}<\/script>\n<!-- \/ Yoast SEO plugin. -->","yoast_head_json":{"title":"KODA Loft Micro | KODA by Kodasema","description":"KODA Lofti v\u00e4ikseima mudeli \u2013 Micro \u2013 v\u00e4ikese pindala t\u00f5ttu (19.95m2)\u00a0 on selle paigaldamine mitmel pool \u00fcle maailma lihtsam, kuna ei n\u00f5ua keeruliste ehituslubade taotlemist. Minimaalse vajaliku ruumi kontseptsioon on siin t\u00e4ielikult lahendatud keskkonnateadlikkusega - kulutades v\u00e4hem elektrit, omades v\u00e4hem asju ja tekitades v\u00e4hem j\u00e4\u00e4tmeid.","robots":{"index":"index","follow":"follow","max-snippet":"max-snippet:-1","max-image-preview":"max-image-preview:large","max-video-preview":"max-video-preview:-1"},"canonical":"https:\/\/kodasema.com\/et\/koda-loft-micro\/","og_locale":"et_EE","og_type":"article","og_title":"KODA Loft Micro | KODA by Kodasema","og_description":"KODA Lofti v\u00e4ikseima mudeli \u2013 Micro \u2013 v\u00e4ikese pindala t\u00f5ttu (19.95m2)\u00a0 on selle paigaldamine mitmel pool \u00fcle maailma lihtsam, kuna ei n\u00f5ua keeruliste ehituslubade taotlemist. Minimaalse vajaliku ruumi kontseptsioon on siin t\u00e4ielikult lahendatud keskkonnateadlikkusega - kulutades v\u00e4hem elektrit, omades v\u00e4hem asju ja tekitades v\u00e4hem j\u00e4\u00e4tmeid.","og_url":"https:\/\/kodasema.com\/et\/koda-loft-micro\/","og_site_name":"KODA","article_publisher":"https:\/\/www.facebook.com\/kodabykodasema\/","article_modified_time":"2025-08-22T11:52:23+00:00","og_image":[{"width":2048,"height":1536,"url":"https:\/\/kodasema.com\/wp-content\/uploads\/2022\/09\/KODA-Loft-Micro_Photo-credit_TonuTunnel-KODASEMA0130_300x500-2048x1536-1.jpg","type":"image\/jpeg"}],"twitter_card":"summary_large_image","twitter_misc":{"Est. reading time":"2 minutit"},"schema":{"@context":"https:\/\/schema.org","@graph":[{"@type":"WebPage","@id":"https:\/\/kodasema.com\/et\/koda-loft-micro\/","url":"https:\/\/kodasema.com\/et\/koda-loft-micro\/","name":"KODA Loft Micro | KODA by Kodasema","isPartOf":{"@id":"https:\/\/kodasema.com\/en\/#website"},"primaryImageOfPage":{"@id":"https:\/\/kodasema.com\/et\/koda-loft-micro\/#primaryimage"},"image":{"@id":"https:\/\/kodasema.com\/et\/koda-loft-micro\/#primaryimage"},"thumbnailUrl":"https:\/\/kodasema.com\/wp-content\/uploads\/2022\/09\/KODA-Loft-Micro_Photo-credit_TonuTunnel-KODASEMA0130_300x500-2048x1536-1.jpg","datePublished":"2024-09-26T08:41:13+00:00","dateModified":"2025-08-22T11:52:23+00:00","description":"KODA Lofti v\u00e4ikseima mudeli \u2013 Micro \u2013 v\u00e4ikese pindala t\u00f5ttu (19.95m2)\u00a0 on selle paigaldamine mitmel pool \u00fcle maailma lihtsam, kuna ei n\u00f5ua keeruliste ehituslubade taotlemist. Minimaalse vajaliku ruumi kontseptsioon on siin t\u00e4ielikult lahendatud keskkonnateadlikkusega - kulutades v\u00e4hem elektrit, omades v\u00e4hem asju ja tekitades v\u00e4hem j\u00e4\u00e4tmeid.","breadcrumb":{"@id":"https:\/\/kodasema.com\/et\/koda-loft-micro\/#breadcrumb"},"inLanguage":"et","potentialAction":[{"@type":"ReadAction","target":["https:\/\/kodasema.com\/et\/koda-loft-micro\/"]}]},{"@type":"ImageObject","inLanguage":"et","@id":"https:\/\/kodasema.com\/et\/koda-loft-micro\/#primaryimage","url":"https:\/\/kodasema.com\/wp-content\/uploads\/2022\/09\/KODA-Loft-Micro_Photo-credit_TonuTunnel-KODASEMA0130_300x500-2048x1536-1.jpg","contentUrl":"https:\/\/kodasema.com\/wp-content\/uploads\/2022\/09\/KODA-Loft-Micro_Photo-credit_TonuTunnel-KODASEMA0130_300x500-2048x1536-1.jpg","width":2048,"height":1536},{"@type":"BreadcrumbList","@id":"https:\/\/kodasema.com\/et\/koda-loft-micro\/#breadcrumb","itemListElement":[{"@type":"ListItem","position":1,"name":"Home","item":"https:\/\/kodasema.com\/et\/"},{"@type":"ListItem","position":2,"name":"KODA Loft Micro"}]},{"@type":"WebSite","@id":"https:\/\/kodasema.com\/en\/#website","url":"https:\/\/kodasema.com\/en\/","name":"KODA","description":"QUALITY AND DESIGN MEETS FLEXIBLE, INNOVATIVE SPACE","publisher":{"@id":"https:\/\/kodasema.com\/en\/#organization"},"potentialAction":[{"@type":"SearchAction","target":{"@type":"EntryPoint","urlTemplate":"https:\/\/kodasema.com\/en\/?s={search_term_string}"},"query-input":{"@type":"PropertyValueSpecification","valueRequired":true,"valueName":"search_term_string"}}],"inLanguage":"et"},{"@type":"Organization","@id":"https:\/\/kodasema.com\/en\/#organization","name":"KODA","url":"https:\/\/kodasema.com\/en\/","logo":{"@type":"ImageObject","inLanguage":"et","@id":"https:\/\/kodasema.com\/en\/#\/schema\/logo\/image\/","url":"https:\/\/kodasema.com\/wp-content\/uploads\/2024\/09\/logo-dark.svg","contentUrl":"https:\/\/kodasema.com\/wp-content\/uploads\/2024\/09\/logo-dark.svg","width":123,"height":34,"caption":"KODA"},"image":{"@id":"https:\/\/kodasema.com\/en\/#\/schema\/logo\/image\/"},"sameAs":["https:\/\/www.facebook.com\/kodabykodasema\/"]}]}},"_links":{"self":[{"href":"https:\/\/kodasema.com\/et\/wp-json\/wp\/v2\/pages\/8594","targetHints":{"allow":["GET"]}}],"collection":[{"href":"https:\/\/kodasema.com\/et\/wp-json\/wp\/v2\/pages"}],"about":[{"href":"https:\/\/kodasema.com\/et\/wp-json\/wp\/v2\/types\/page"}],"author":[{"embeddable":true,"href":"https:\/\/kodasema.com\/et\/wp-json\/wp\/v2\/users\/1"}],"replies":[{"embeddable":true,"href":"https:\/\/kodasema.com\/et\/wp-json\/wp\/v2\/comments?post=8594"}],"version-history":[{"count":0,"href":"https:\/\/kodasema.com\/et\/wp-json\/wp\/v2\/pages\/8594\/revisions"}],"wp:featuredmedia":[{"embeddable":true,"href":"https:\/\/kodasema.com\/et\/wp-json\/wp\/v2\/media\/9709"}],"wp:attachment":[{"href":"https:\/\/kodasema.com\/et\/wp-json\/wp\/v2\/media?parent=8594"}],"curies":[{"name":"wp","href":"https:\/\/api.w.org\/{rel}","templated":true}]}}