{"id":8590,"date":"2024-09-26T14:06:34","date_gmt":"2024-09-26T14:06:34","guid":{"rendered":"https:\/\/kodasema.com\/koda-loft-extended\/"},"modified":"2025-08-22T11:53:00","modified_gmt":"2025-08-22T11:53:00","slug":"koda-loft-extended","status":"publish","type":"page","link":"https:\/\/kodasema.com\/et\/koda-loft-extended\/","title":{"rendered":"KODA Loft Extended"},"content":{"rendered":"\t\t<div data-elementor-type=\"wp-page\" data-elementor-id=\"8590\" class=\"elementor elementor-8590 elementor-700\" data-elementor-post-type=\"page\">\n\t\t\t\t<div class=\"elementor-element elementor-element-3f182ba0 head-image e-flex e-con-boxed e-con e-parent\" data-id=\"3f182ba0\" data-element_type=\"container\" data-settings=\"{&quot;background_background&quot;:&quot;classic&quot;}\">\n\t\t\t\t\t<div class=\"e-con-inner\">\n\t\t\t\t<div class=\"elementor-element elementor-element-70035203 elementor-widget elementor-widget-text-editor\" data-id=\"70035203\" data-element_type=\"widget\" data-widget_type=\"text-editor.default\">\n\t\t\t\t\t\t\t\t\tKODA Loft Extended\t\t\t\t\t\t\t\t<\/div>\n\t\t\t\t<div class=\"elementor-element elementor-element-16752893 elementor-widget elementor-widget-text-editor\" data-id=\"16752893\" data-element_type=\"widget\" data-widget_type=\"text-editor.default\">\n\t\t\t\t\t\t\t\t\t<p>LISA-MAGAMISTOAGA TEISALDATAV PUITMAJA<\/p>\t\t\t\t\t\t\t\t<\/div>\n\t\t<div class=\"elementor-element elementor-element-f1d064c e-grid e-con-boxed e-con e-child\" data-id=\"f1d064c\" data-element_type=\"container\">\n\t\t\t\t\t<div class=\"e-con-inner\">\n\t\t\t\t<div class=\"elementor-element elementor-element-34b9431 elementor-align-center elementor-mobile-align-center elementor-widget elementor-widget-button\" data-id=\"34b9431\" data-element_type=\"widget\" data-widget_type=\"button.default\">\n\t\t\t\t\t\t\t\t\t\t<a class=\"elementor-button elementor-button-link elementor-size-sm\" href=\"#extend\">\n\t\t\t\t\t\t<span class=\"elementor-button-content-wrapper\">\n\t\t\t\t\t\t\t\t\t<span class=\"elementor-button-text\">VAATA L\u00c4HEMALT<\/span>\n\t\t\t\t\t<\/span>\n\t\t\t\t\t<\/a>\n\t\t\t\t\t\t\t\t<\/div>\n\t\t\t\t\t<\/div>\n\t\t\t\t<\/div>\n\t\t\t\t\t<\/div>\n\t\t\t\t<\/div>\n\t\t<div class=\"elementor-element elementor-element-11185fbb e-con-full e-flex e-con e-parent\" data-id=\"11185fbb\" data-element_type=\"container\">\n\t\t\t\t<div class=\"elementor-element elementor-element-710a9e8 elementor-widget elementor-widget-menu-anchor\" data-id=\"710a9e8\" data-element_type=\"widget\" data-widget_type=\"menu-anchor.default\">\n\t\t\t\t\t\t\t<div class=\"elementor-menu-anchor\" id=\"extend\"><\/div>\n\t\t\t\t\t\t<\/div>\n\t\t\t\t<div class=\"elementor-element elementor-element-181c11bc elementor-widget elementor-widget-text-editor\" data-id=\"181c11bc\" data-element_type=\"widget\" data-widget_type=\"text-editor.default\">\n\t\t\t\t\t\t\t\t\t<p>Lisa ruumi ja mitmek\u00fclgsete kasutusv\u00f5imaluste loomiseks on puidust KODA Loft muudetud avaramaks. 45,8 m2-ne KODA Loft Extended t\u00e4idab suuremaid vajadusi maja tagaossa lisatud toaga. Pikendatud KODA esindab P\u00f5hjamaisele disainile omaseid loodusl\u00e4hedasi v\u00e4\u00e4rtusi aastaringseks eluks.<\/p>\t\t\t\t\t\t\t\t<\/div>\n\t\t\t\t<\/div>\n\t\t<div class=\"elementor-element elementor-element-1b419be8 e-con-full e-flex e-con e-parent\" data-id=\"1b419be8\" data-element_type=\"container\">\n\t\t<div class=\"elementor-element elementor-element-35e581d4 e-con-full e-flex e-con e-child\" data-id=\"35e581d4\" data-element_type=\"container\">\n\t\t\t\t<div class=\"elementor-element elementor-element-33f8b13c elementor-widget elementor-widget-text-editor\" data-id=\"33f8b13c\" data-element_type=\"widget\" data-widget_type=\"text-editor.default\">\n\t\t\t\t\t\t\t\t\t<p>Eramuna sobib see versioon peredele paremini kui standard- m\u00f5\u00f5dus KODA Loft. T\u00e4ielikult eraldatav magamistuba v\u00f5imaldab mugavaks elamiseks rohkem privaatsust ning piisavalt panipaiku. Magamistoa vahekorrust saab kasutada magamiseks, m\u00e4ngimiseks v\u00f5i asjade hoiustamiseks.<\/p>\t\t\t\t\t\t\t\t<\/div>\n\t\t\t\t<div class=\"elementor-element elementor-element-49f3870 elementor-align-left elementor-widget elementor-widget-button\" data-id=\"49f3870\" data-element_type=\"widget\" data-widget_type=\"button.default\">\n\t\t\t\t\t\t\t\t\t\t<a class=\"elementor-button elementor-button-link elementor-size-sm\" href=\"https:\/\/kodasema.com\/et\/kontakt\/\">\n\t\t\t\t\t\t<span class=\"elementor-button-content-wrapper\">\n\t\t\t\t\t\t\t\t\t<span class=\"elementor-button-text\">Hinnad al. \u20ac119,900<\/span>\n\t\t\t\t\t<\/span>\n\t\t\t\t\t<\/a>\n\t\t\t\t\t\t\t\t<\/div>\n\t\t\t\t<div class=\"elementor-element elementor-element-87901e2 elementor-widget elementor-widget-text-editor\" data-id=\"87901e2\" data-element_type=\"widget\" data-widget_type=\"text-editor.default\">\n\t\t\t\t\t\t\t\t\t<p><span style=\"color: #ff9900;\"><strong><a href=\"http:\/\/eepurl.com\/iJ5lJw\" target=\"_blank\" rel=\"noopener\">Personaalse KODA Loft Extended hinnapakkumise saamiseks vajutage siia -&gt;&gt;&gt;<\/a><\/strong><\/span><\/p><p>KODA \u00fcldise, regioonip\u00f5hise hinnakirja saamiseks palun t\u00e4itke lehe jaluses olev vorm.<\/p>\t\t\t\t\t\t\t\t<\/div>\n\t\t\t\t<div class=\"elementor-element elementor-element-a1286ec elementor-icon-list--layout-traditional elementor-list-item-link-full_width elementor-widget elementor-widget-icon-list\" data-id=\"a1286ec\" data-element_type=\"widget\" data-widget_type=\"icon-list.default\">\n\t\t\t\t\t\t\t<ul class=\"elementor-icon-list-items\">\n\t\t\t\t\t\t\t<li class=\"elementor-icon-list-item\">\n\t\t\t\t\t\t\t\t\t\t\t<a href=\"https:\/\/kodasema.com\/wp-content\/uploads\/2024\/09\/KODA-LoftExtended_29.04.2020.pdf\" target=\"_blank\">\n\n\t\t\t\t\t\t\t\t\t\t\t\t<span class=\"elementor-icon-list-icon\">\n\t\t\t\t\t\t\t<svg aria-hidden=\"true\" class=\"e-font-icon-svg e-far-file-pdf\" viewBox=\"0 0 384 512\" xmlns=\"http:\/\/www.w3.org\/2000\/svg\"><path d=\"M369.9 97.9L286 14C277 5 264.8-.1 252.1-.1H48C21.5 0 0 21.5 0 48v416c0 26.5 21.5 48 48 48h288c26.5 0 48-21.5 48-48V131.9c0-12.7-5.1-25-14.1-34zM332.1 128H256V51.9l76.1 76.1zM48 464V48h160v104c0 13.3 10.7 24 24 24h104v288H48zm250.2-143.7c-12.2-12-47-8.7-64.4-6.5-17.2-10.5-28.7-25-36.8-46.3 3.9-16.1 10.1-40.6 5.4-56-4.2-26.2-37.8-23.6-42.6-5.9-4.4 16.1-.4 38.5 7 67.1-10 23.9-24.9 56-35.4 74.4-20 10.3-47 26.2-51 46.2-3.3 15.8 26 55.2 76.1-31.2 22.4-7.4 46.8-16.5 68.4-20.1 18.9 10.2 41 17 55.8 17 25.5 0 28-28.2 17.5-38.7zm-198.1 77.8c5.1-13.7 24.5-29.5 30.4-35-19 30.3-30.4 35.7-30.4 35zm81.6-190.6c7.4 0 6.7 32.1 1.8 40.8-4.4-13.9-4.3-40.8-1.8-40.8zm-24.4 136.6c9.7-16.9 18-37 24.7-54.7 8.3 15.1 18.9 27.2 30.1 35.5-20.8 4.3-38.9 13.1-54.8 19.2zm131.6-5s-5 6-37.3-7.8c35.1-2.6 40.9 5.4 37.3 7.8z\"><\/path><\/svg>\t\t\t\t\t\t<\/span>\n\t\t\t\t\t\t\t\t\t\t<span class=\"elementor-icon-list-text\">KODA Loft Extended\/pdf\/<\/span>\n\t\t\t\t\t\t\t\t\t\t\t<\/a>\n\t\t\t\t\t\t\t\t\t<\/li>\n\t\t\t\t\t\t<\/ul>\n\t\t\t\t\t\t<\/div>\n\t\t\t\t<\/div>\n\t\t<div class=\"elementor-element elementor-element-785cf13c e-con-full e-flex e-con e-child\" data-id=\"785cf13c\" data-element_type=\"container\" data-settings=\"{&quot;background_background&quot;:&quot;classic&quot;}\">\n\t\t\t\t<\/div>\n\t\t\t\t<\/div>\n\t\t<div class=\"elementor-element elementor-element-2bee94ee e-con-full e-flex e-con e-parent\" data-id=\"2bee94ee\" data-element_type=\"container\">\n\t\t<div class=\"elementor-element elementor-element-501613c8 e-con-full e-flex e-con e-child\" data-id=\"501613c8\" data-element_type=\"container\" data-settings=\"{&quot;background_background&quot;:&quot;classic&quot;}\">\n\t\t\t\t<\/div>\n\t\t<div class=\"elementor-element elementor-element-18df1bfa e-con-full e-flex e-con e-child\" data-id=\"18df1bfa\" data-element_type=\"container\">\n\t\t\t\t<div class=\"elementor-element elementor-element-5681c7a9 elementor-widget elementor-widget-text-editor\" data-id=\"5681c7a9\" data-element_type=\"widget\" data-widget_type=\"text-editor.default\">\n\t\t\t\t\t\t\t\t\t<p>Ka pikendatud KODA versiooni saab omaniku soovil viia uude linna v\u00f5i riiki ning selle funktsiooni saab muuta n\u00e4iteks eluruumist kontoriks, hotellitoaks v\u00f5i stuudioks.<\/p>\t\t\t\t\t\t\t\t<\/div>\n\t\t\t\t<\/div>\n\t\t\t\t<\/div>\n\t\t<div class=\"elementor-element elementor-element-24defdd e-con-full e-flex e-con e-parent\" data-id=\"24defdd\" data-element_type=\"container\">\n\t\t<div class=\"elementor-element elementor-element-54d23664 e-con-full e-flex e-con e-child\" data-id=\"54d23664\" data-element_type=\"container\">\n\t\t\t\t<div class=\"elementor-element elementor-element-74d5ee33 elementor-widget elementor-widget-text-editor\" data-id=\"74d5ee33\" data-element_type=\"widget\" data-widget_type=\"text-editor.default\">\n\t\t\t\t\t\t\t\t\t<p>T\u00f6\u00f6ruumina v\u00f5imaldab see maja suurus kahte eraldi kontoriruumi ja on sobilik ka juristidele, juuksuritele, hambaarstidele, kohvikutele jne. Majutusasutusena toimib avardatud suurus h\u00e4sti kas sviidi v\u00f5i peretoana.<\/p>\t\t\t\t\t\t\t\t<\/div>\n\t\t\t\t<\/div>\n\t\t<div class=\"elementor-element elementor-element-381e42fd e-con-full e-flex e-con e-child\" data-id=\"381e42fd\" data-element_type=\"container\" data-settings=\"{&quot;background_background&quot;:&quot;classic&quot;}\">\n\t\t\t\t<\/div>\n\t\t\t\t<\/div>\n\t\t<div class=\"elementor-element elementor-element-65ec62e0 e-con-full e-flex e-con e-parent\" data-id=\"65ec62e0\" data-element_type=\"container\">\n\t\t<div class=\"elementor-element elementor-element-20f9c0c7 e-con-full e-flex e-con e-child\" data-id=\"20f9c0c7\" data-element_type=\"container\">\n\t\t\t\t<div class=\"elementor-element elementor-element-41de574 elementor--h-position-center elementor--v-position-middle elementor-arrows-position-inside elementor-pagination-position-inside elementor-widget elementor-widget-slides\" data-id=\"41de574\" data-element_type=\"widget\" data-settings=\"{&quot;navigation&quot;:&quot;both&quot;,&quot;autoplay&quot;:&quot;yes&quot;,&quot;pause_on_hover&quot;:&quot;yes&quot;,&quot;pause_on_interaction&quot;:&quot;yes&quot;,&quot;autoplay_speed&quot;:5000,&quot;infinite&quot;:&quot;yes&quot;,&quot;transition&quot;:&quot;slide&quot;,&quot;transition_speed&quot;:500}\" data-widget_type=\"slides.default\">\n\t\t\t\t\t\t\t\t\t\t<div class=\"elementor-slides-wrapper elementor-main-swiper swiper\" role=\"region\" aria-roledescription=\"carousel\" aria-label=\"Slides\" dir=\"ltr\" data-animation=\"fadeInUp\">\n\t\t\t\t<div class=\"swiper-wrapper elementor-slides\">\n\t\t\t\t\t\t\t\t\t\t<div class=\"elementor-repeater-item-b94ef76 swiper-slide\" role=\"group\" aria-roledescription=\"slide\"><div class=\"swiper-slide-bg\" role=\"img\"><\/div><div class=\"swiper-slide-inner\" ><div class=\"swiper-slide-contents\"><\/div><\/div><\/div><div class=\"elementor-repeater-item-d8d6e37 swiper-slide\" role=\"group\" aria-roledescription=\"slide\"><div class=\"swiper-slide-bg\" role=\"img\"><\/div><div class=\"swiper-slide-inner\" ><div class=\"swiper-slide-contents\"><\/div><\/div><\/div><div class=\"elementor-repeater-item-5c22527 swiper-slide\" role=\"group\" aria-roledescription=\"slide\"><div class=\"swiper-slide-bg\" role=\"img\"><\/div><div class=\"swiper-slide-inner\" ><div class=\"swiper-slide-contents\"><\/div><\/div><\/div>\t\t\t\t<\/div>\n\t\t\t\t\t\t\t\t\t\t\t\t\t\t\t<div class=\"elementor-swiper-button elementor-swiper-button-prev\" role=\"button\" tabindex=\"0\" aria-label=\"Previous slide\">\n\t\t\t\t\t\t\t<svg aria-hidden=\"true\" class=\"e-font-icon-svg e-eicon-chevron-left\" viewBox=\"0 0 1000 1000\" xmlns=\"http:\/\/www.w3.org\/2000\/svg\"><path d=\"M646 125C629 125 613 133 604 142L308 442C296 454 292 471 292 487 292 504 296 521 308 533L604 854C617 867 629 875 646 875 663 875 679 871 692 858 704 846 713 829 713 812 713 796 708 779 692 767L438 487 692 225C700 217 708 204 708 187 708 171 704 154 692 142 675 129 663 125 646 125Z\"><\/path><\/svg>\t\t\t\t\t\t<\/div>\n\t\t\t\t\t\t<div class=\"elementor-swiper-button elementor-swiper-button-next\" role=\"button\" tabindex=\"0\" aria-label=\"Next slide\">\n\t\t\t\t\t\t\t<svg aria-hidden=\"true\" class=\"e-font-icon-svg e-eicon-chevron-right\" viewBox=\"0 0 1000 1000\" xmlns=\"http:\/\/www.w3.org\/2000\/svg\"><path d=\"M696 533C708 521 713 504 713 487 713 471 708 454 696 446L400 146C388 133 375 125 354 125 338 125 325 129 313 142 300 154 292 171 292 187 292 204 296 221 308 233L563 492 304 771C292 783 288 800 288 817 288 833 296 850 308 863 321 871 338 875 354 875 371 875 388 867 400 854L696 533Z\"><\/path><\/svg>\t\t\t\t\t\t<\/div>\n\t\t\t\t\t\t\t\t\t\t\t\t\t\t\t\t<div class=\"swiper-pagination\"><\/div>\n\t\t\t\t\t\t\t\t\t\t\t\t<\/div>\n\t\t\t\t\t\t\t\t<\/div>\n\t\t\t\t<\/div>\n\t\t<div class=\"elementor-element elementor-element-21baee06 e-con-full e-flex e-con e-child\" data-id=\"21baee06\" data-element_type=\"container\">\n\t\t\t\t<div class=\"elementor-element elementor-element-3b43a977 elementor-widget elementor-widget-text-editor\" data-id=\"3b43a977\" data-element_type=\"widget\" data-widget_type=\"text-editor.default\">\n\t\t\t\t\t\t\t\t\t<p>KODA Loft Extendedi tagaosas asub lisa-terrass suure akna ja uksega, kust hommikul avaneb vaade tagaaeda v\u00f5i loodusesse, olgu see j\u00e4rve \u00e4\u00e4res, m\u00e4gedes v\u00f5i metsas.<\/p><p>Nagu KODA Loft, pakub ka Extended mudel erinevaid fassaadiviimistlusi k\u00f5ige s\u00fcmpaatsema v\u00e4lisilme saavutamiseks ja \u00fcmbrusega sobitumiseks.<\/p><p>Arhitektid \u00dclar Mark, Maria Alnek<br \/>Sisearhitekt Angela Orgusaar<\/p>\t\t\t\t\t\t\t\t<\/div>\n\t\t\t\t<\/div>\n\t\t\t\t<\/div>\n\t\t\t\t<\/div>\n\t\t","protected":false},"excerpt":{"rendered":"<p>LISA-MAGAMISTOAGA TEISALDATAV PUITMAJA VAATA L\u00c4HEMALT Lisa ruumi ja mitmek\u00fclgsete kasutusv\u00f5imaluste loomiseks on puidust KODA Loft muudetud avaramaks. 45,8 m2-ne KODA Loft Extended t\u00e4idab suuremaid vajadusi maja tagaossa lisatud toaga. Pikendatud KODA esindab P\u00f5hjamaisele disainile omaseid loodusl\u00e4hedasi v\u00e4\u00e4rtusi aastaringseks eluks. Eramuna sobib see versioon peredele paremini kui standard- m\u00f5\u00f5dus KODA Loft. T\u00e4ielikult eraldatav magamistuba v\u00f5imaldab mugavaks [&hellip;]<\/p>\n","protected":false},"author":1,"featured_media":7968,"parent":0,"menu_order":2,"comment_status":"closed","ping_status":"closed","template":"","meta":{"_acf_changed":false,"footnotes":""},"class_list":["post-8590","page","type-page","status-publish","has-post-thumbnail","hentry"],"acf":[],"yoast_head":"<!-- This site is optimized with the Yoast SEO plugin v26.1.1 - https:\/\/yoast.com\/wordpress\/plugins\/seo\/ -->\n<title>KODA Loft Extended | KODA by Kodasema<\/title>\n<meta name=\"description\" content=\"45,8 m2-ne KODA Loft Extended t\u00e4idab suuremaid vajadusi maja tagaossa lisatud toaga. Pikendatud KODA esindab P\u00f5hjamaisele disainile omaseid loodusl\u00e4hedasi v\u00e4\u00e4rtusi aastaringseks eluks.\" \/>\n<meta name=\"robots\" content=\"index, follow, max-snippet:-1, max-image-preview:large, max-video-preview:-1\" \/>\n<link rel=\"canonical\" href=\"https:\/\/kodasema.com\/et\/koda-loft-extended\/\" \/>\n<meta property=\"og:locale\" content=\"et_EE\" \/>\n<meta property=\"og:type\" content=\"article\" \/>\n<meta property=\"og:title\" content=\"KODA Loft Extended | KODA by Kodasema\" \/>\n<meta property=\"og:description\" content=\"45,8 m2-ne KODA Loft Extended t\u00e4idab suuremaid vajadusi maja tagaossa lisatud toaga. Pikendatud KODA esindab P\u00f5hjamaisele disainile omaseid loodusl\u00e4hedasi v\u00e4\u00e4rtusi aastaringseks eluks.\" \/>\n<meta property=\"og:url\" content=\"https:\/\/kodasema.com\/et\/koda-loft-extended\/\" \/>\n<meta property=\"og:site_name\" content=\"KODA\" \/>\n<meta property=\"article:publisher\" content=\"https:\/\/www.facebook.com\/kodabykodasema\/\" \/>\n<meta property=\"article:modified_time\" content=\"2025-08-22T11:53:00+00:00\" \/>\n<meta property=\"og:image\" content=\"https:\/\/kodasema.com\/wp-content\/uploads\/2024\/10\/KODA-Loft-Extended-in-Basecamp-Ijmuiden-scaled-1.jpeg\" \/>\n\t<meta property=\"og:image:width\" content=\"1728\" \/>\n\t<meta property=\"og:image:height\" content=\"1080\" \/>\n\t<meta property=\"og:image:type\" content=\"image\/jpeg\" \/>\n<meta name=\"twitter:card\" content=\"summary_large_image\" \/>\n<meta name=\"twitter:label1\" content=\"Est. reading time\" \/>\n\t<meta name=\"twitter:data1\" content=\"2 minutit\" \/>\n<script type=\"application\/ld+json\" class=\"yoast-schema-graph\">{\"@context\":\"https:\/\/schema.org\",\"@graph\":[{\"@type\":\"WebPage\",\"@id\":\"https:\/\/kodasema.com\/et\/koda-loft-extended\/\",\"url\":\"https:\/\/kodasema.com\/et\/koda-loft-extended\/\",\"name\":\"KODA Loft Extended | KODA by Kodasema\",\"isPartOf\":{\"@id\":\"https:\/\/kodasema.com\/en\/#website\"},\"primaryImageOfPage\":{\"@id\":\"https:\/\/kodasema.com\/et\/koda-loft-extended\/#primaryimage\"},\"image\":{\"@id\":\"https:\/\/kodasema.com\/et\/koda-loft-extended\/#primaryimage\"},\"thumbnailUrl\":\"https:\/\/kodasema.com\/wp-content\/uploads\/2024\/10\/KODA-Loft-Extended-in-Basecamp-Ijmuiden-scaled-1.jpeg\",\"datePublished\":\"2024-09-26T14:06:34+00:00\",\"dateModified\":\"2025-08-22T11:53:00+00:00\",\"description\":\"45,8 m2-ne KODA Loft Extended t\u00e4idab suuremaid vajadusi maja tagaossa lisatud toaga. Pikendatud KODA esindab P\u00f5hjamaisele disainile omaseid loodusl\u00e4hedasi v\u00e4\u00e4rtusi aastaringseks eluks.\",\"breadcrumb\":{\"@id\":\"https:\/\/kodasema.com\/et\/koda-loft-extended\/#breadcrumb\"},\"inLanguage\":\"et\",\"potentialAction\":[{\"@type\":\"ReadAction\",\"target\":[\"https:\/\/kodasema.com\/et\/koda-loft-extended\/\"]}]},{\"@type\":\"ImageObject\",\"inLanguage\":\"et\",\"@id\":\"https:\/\/kodasema.com\/et\/koda-loft-extended\/#primaryimage\",\"url\":\"https:\/\/kodasema.com\/wp-content\/uploads\/2024\/10\/KODA-Loft-Extended-in-Basecamp-Ijmuiden-scaled-1.jpeg\",\"contentUrl\":\"https:\/\/kodasema.com\/wp-content\/uploads\/2024\/10\/KODA-Loft-Extended-in-Basecamp-Ijmuiden-scaled-1.jpeg\",\"width\":1728,\"height\":1080},{\"@type\":\"BreadcrumbList\",\"@id\":\"https:\/\/kodasema.com\/et\/koda-loft-extended\/#breadcrumb\",\"itemListElement\":[{\"@type\":\"ListItem\",\"position\":1,\"name\":\"Home\",\"item\":\"https:\/\/kodasema.com\/et\/\"},{\"@type\":\"ListItem\",\"position\":2,\"name\":\"KODA Loft Extended\"}]},{\"@type\":\"WebSite\",\"@id\":\"https:\/\/kodasema.com\/en\/#website\",\"url\":\"https:\/\/kodasema.com\/en\/\",\"name\":\"KODA\",\"description\":\"QUALITY AND DESIGN MEETS FLEXIBLE, INNOVATIVE SPACE\",\"publisher\":{\"@id\":\"https:\/\/kodasema.com\/en\/#organization\"},\"potentialAction\":[{\"@type\":\"SearchAction\",\"target\":{\"@type\":\"EntryPoint\",\"urlTemplate\":\"https:\/\/kodasema.com\/en\/?s={search_term_string}\"},\"query-input\":{\"@type\":\"PropertyValueSpecification\",\"valueRequired\":true,\"valueName\":\"search_term_string\"}}],\"inLanguage\":\"et\"},{\"@type\":\"Organization\",\"@id\":\"https:\/\/kodasema.com\/en\/#organization\",\"name\":\"KODA\",\"url\":\"https:\/\/kodasema.com\/en\/\",\"logo\":{\"@type\":\"ImageObject\",\"inLanguage\":\"et\",\"@id\":\"https:\/\/kodasema.com\/en\/#\/schema\/logo\/image\/\",\"url\":\"https:\/\/kodasema.com\/wp-content\/uploads\/2024\/09\/logo-dark.svg\",\"contentUrl\":\"https:\/\/kodasema.com\/wp-content\/uploads\/2024\/09\/logo-dark.svg\",\"width\":123,\"height\":34,\"caption\":\"KODA\"},\"image\":{\"@id\":\"https:\/\/kodasema.com\/en\/#\/schema\/logo\/image\/\"},\"sameAs\":[\"https:\/\/www.facebook.com\/kodabykodasema\/\"]}]}<\/script>\n<!-- \/ Yoast SEO plugin. -->","yoast_head_json":{"title":"KODA Loft Extended | KODA by Kodasema","description":"45,8 m2-ne KODA Loft Extended t\u00e4idab suuremaid vajadusi maja tagaossa lisatud toaga. Pikendatud KODA esindab P\u00f5hjamaisele disainile omaseid loodusl\u00e4hedasi v\u00e4\u00e4rtusi aastaringseks eluks.","robots":{"index":"index","follow":"follow","max-snippet":"max-snippet:-1","max-image-preview":"max-image-preview:large","max-video-preview":"max-video-preview:-1"},"canonical":"https:\/\/kodasema.com\/et\/koda-loft-extended\/","og_locale":"et_EE","og_type":"article","og_title":"KODA Loft Extended | KODA by Kodasema","og_description":"45,8 m2-ne KODA Loft Extended t\u00e4idab suuremaid vajadusi maja tagaossa lisatud toaga. Pikendatud KODA esindab P\u00f5hjamaisele disainile omaseid loodusl\u00e4hedasi v\u00e4\u00e4rtusi aastaringseks eluks.","og_url":"https:\/\/kodasema.com\/et\/koda-loft-extended\/","og_site_name":"KODA","article_publisher":"https:\/\/www.facebook.com\/kodabykodasema\/","article_modified_time":"2025-08-22T11:53:00+00:00","og_image":[{"width":1728,"height":1080,"url":"https:\/\/kodasema.com\/wp-content\/uploads\/2024\/10\/KODA-Loft-Extended-in-Basecamp-Ijmuiden-scaled-1.jpeg","type":"image\/jpeg"}],"twitter_card":"summary_large_image","twitter_misc":{"Est. reading time":"2 minutit"},"schema":{"@context":"https:\/\/schema.org","@graph":[{"@type":"WebPage","@id":"https:\/\/kodasema.com\/et\/koda-loft-extended\/","url":"https:\/\/kodasema.com\/et\/koda-loft-extended\/","name":"KODA Loft Extended | KODA by Kodasema","isPartOf":{"@id":"https:\/\/kodasema.com\/en\/#website"},"primaryImageOfPage":{"@id":"https:\/\/kodasema.com\/et\/koda-loft-extended\/#primaryimage"},"image":{"@id":"https:\/\/kodasema.com\/et\/koda-loft-extended\/#primaryimage"},"thumbnailUrl":"https:\/\/kodasema.com\/wp-content\/uploads\/2024\/10\/KODA-Loft-Extended-in-Basecamp-Ijmuiden-scaled-1.jpeg","datePublished":"2024-09-26T14:06:34+00:00","dateModified":"2025-08-22T11:53:00+00:00","description":"45,8 m2-ne KODA Loft Extended t\u00e4idab suuremaid vajadusi maja tagaossa lisatud toaga. Pikendatud KODA esindab P\u00f5hjamaisele disainile omaseid loodusl\u00e4hedasi v\u00e4\u00e4rtusi aastaringseks eluks.","breadcrumb":{"@id":"https:\/\/kodasema.com\/et\/koda-loft-extended\/#breadcrumb"},"inLanguage":"et","potentialAction":[{"@type":"ReadAction","target":["https:\/\/kodasema.com\/et\/koda-loft-extended\/"]}]},{"@type":"ImageObject","inLanguage":"et","@id":"https:\/\/kodasema.com\/et\/koda-loft-extended\/#primaryimage","url":"https:\/\/kodasema.com\/wp-content\/uploads\/2024\/10\/KODA-Loft-Extended-in-Basecamp-Ijmuiden-scaled-1.jpeg","contentUrl":"https:\/\/kodasema.com\/wp-content\/uploads\/2024\/10\/KODA-Loft-Extended-in-Basecamp-Ijmuiden-scaled-1.jpeg","width":1728,"height":1080},{"@type":"BreadcrumbList","@id":"https:\/\/kodasema.com\/et\/koda-loft-extended\/#breadcrumb","itemListElement":[{"@type":"ListItem","position":1,"name":"Home","item":"https:\/\/kodasema.com\/et\/"},{"@type":"ListItem","position":2,"name":"KODA Loft Extended"}]},{"@type":"WebSite","@id":"https:\/\/kodasema.com\/en\/#website","url":"https:\/\/kodasema.com\/en\/","name":"KODA","description":"QUALITY AND DESIGN MEETS FLEXIBLE, INNOVATIVE SPACE","publisher":{"@id":"https:\/\/kodasema.com\/en\/#organization"},"potentialAction":[{"@type":"SearchAction","target":{"@type":"EntryPoint","urlTemplate":"https:\/\/kodasema.com\/en\/?s={search_term_string}"},"query-input":{"@type":"PropertyValueSpecification","valueRequired":true,"valueName":"search_term_string"}}],"inLanguage":"et"},{"@type":"Organization","@id":"https:\/\/kodasema.com\/en\/#organization","name":"KODA","url":"https:\/\/kodasema.com\/en\/","logo":{"@type":"ImageObject","inLanguage":"et","@id":"https:\/\/kodasema.com\/en\/#\/schema\/logo\/image\/","url":"https:\/\/kodasema.com\/wp-content\/uploads\/2024\/09\/logo-dark.svg","contentUrl":"https:\/\/kodasema.com\/wp-content\/uploads\/2024\/09\/logo-dark.svg","width":123,"height":34,"caption":"KODA"},"image":{"@id":"https:\/\/kodasema.com\/en\/#\/schema\/logo\/image\/"},"sameAs":["https:\/\/www.facebook.com\/kodabykodasema\/"]}]}},"_links":{"self":[{"href":"https:\/\/kodasema.com\/et\/wp-json\/wp\/v2\/pages\/8590","targetHints":{"allow":["GET"]}}],"collection":[{"href":"https:\/\/kodasema.com\/et\/wp-json\/wp\/v2\/pages"}],"about":[{"href":"https:\/\/kodasema.com\/et\/wp-json\/wp\/v2\/types\/page"}],"author":[{"embeddable":true,"href":"https:\/\/kodasema.com\/et\/wp-json\/wp\/v2\/users\/1"}],"replies":[{"embeddable":true,"href":"https:\/\/kodasema.com\/et\/wp-json\/wp\/v2\/comments?post=8590"}],"version-history":[{"count":0,"href":"https:\/\/kodasema.com\/et\/wp-json\/wp\/v2\/pages\/8590\/revisions"}],"wp:featuredmedia":[{"embeddable":true,"href":"https:\/\/kodasema.com\/et\/wp-json\/wp\/v2\/media\/7968"}],"wp:attachment":[{"href":"https:\/\/kodasema.com\/et\/wp-json\/wp\/v2\/media?parent=8590"}],"curies":[{"name":"wp","href":"https:\/\/api.w.org\/{rel}","templated":true}]}}