{"id":8582,"date":"2024-09-26T14:50:55","date_gmt":"2024-09-26T14:50:55","guid":{"rendered":"https:\/\/kodasema.com\/koda-float\/"},"modified":"2025-08-22T11:53:33","modified_gmt":"2025-08-22T11:53:33","slug":"koda-float","status":"publish","type":"page","link":"https:\/\/kodasema.com\/et\/koda-float\/","title":{"rendered":"KODA Float"},"content":{"rendered":"\t\t<div data-elementor-type=\"wp-page\" data-elementor-id=\"8582\" class=\"elementor elementor-8582 elementor-778\" data-elementor-post-type=\"page\">\n\t\t\t\t<div class=\"elementor-element elementor-element-57434a46 head-image e-flex e-con-boxed e-con e-parent\" data-id=\"57434a46\" data-element_type=\"container\" data-settings=\"{&quot;background_background&quot;:&quot;classic&quot;}\">\n\t\t\t\t\t<div class=\"e-con-inner\">\n\t\t\t\t<div class=\"elementor-element elementor-element-3b7574a3 elementor-widget elementor-widget-text-editor\" data-id=\"3b7574a3\" data-element_type=\"widget\" data-widget_type=\"text-editor.default\">\n\t\t\t\t\t\t\t\t\tKODA Float\t\t\t\t\t\t\t\t<\/div>\n\t\t\t\t<div class=\"elementor-element elementor-element-4491657f elementor-widget elementor-widget-text-editor\" data-id=\"4491657f\" data-element_type=\"widget\" data-widget_type=\"text-editor.default\">\n\t\t\t\t\t\t\t\t\t<p>ON KALDALE KINNITATUD PONTOONIDEL UJUV MAJA<\/p>\t\t\t\t\t\t\t\t<\/div>\n\t\t<div class=\"elementor-element elementor-element-65f36c2 e-grid e-con-boxed e-con e-child\" data-id=\"65f36c2\" data-element_type=\"container\">\n\t\t\t\t\t<div class=\"e-con-inner\">\n\t\t\t\t<div class=\"elementor-element elementor-element-ce9295a elementor-align-center elementor-mobile-align-center elementor-widget elementor-widget-button\" data-id=\"ce9295a\" data-element_type=\"widget\" data-widget_type=\"button.default\">\n\t\t\t\t\t\t\t\t\t\t<a class=\"elementor-button elementor-button-link elementor-size-sm\" href=\"#extend\">\n\t\t\t\t\t\t<span class=\"elementor-button-content-wrapper\">\n\t\t\t\t\t\t\t\t\t<span class=\"elementor-button-text\">VAATA L\u00c4HEMALT<\/span>\n\t\t\t\t\t<\/span>\n\t\t\t\t\t<\/a>\n\t\t\t\t\t\t\t\t<\/div>\n\t\t\t\t\t<\/div>\n\t\t\t\t<\/div>\n\t\t\t\t\t<\/div>\n\t\t\t\t<\/div>\n\t\t<div class=\"elementor-element elementor-element-69d9b58 e-con-full e-flex e-con e-parent\" data-id=\"69d9b58\" data-element_type=\"container\">\n\t\t\t\t<div class=\"elementor-element elementor-element-2f377556 elementor-widget elementor-widget-menu-anchor\" data-id=\"2f377556\" data-element_type=\"widget\" data-widget_type=\"menu-anchor.default\">\n\t\t\t\t\t\t\t<div class=\"elementor-menu-anchor\" id=\"extend\"><\/div>\n\t\t\t\t\t\t<\/div>\n\t\t\t\t<div class=\"elementor-element elementor-element-6bcb1be7 elementor-widget elementor-widget-text-editor\" data-id=\"6bcb1be7\" data-element_type=\"widget\" data-widget_type=\"text-editor.default\">\n\t\t\t\t\t\t\t\t\t<p>Kodasema arhitektuuri- ja insenerib\u00fcroo ning Top Marine sadamalahenduste pakkuja vahelise koost\u00f6\u00f6 tulemusel s\u00fcndis KODA Float \u2013 veel\u00e4hedaseks eluks m\u00f5eldud pontoonidel ujuv maja.<\/p>\t\t\t\t\t\t\t\t<\/div>\n\t\t\t\t<\/div>\n\t\t<div class=\"elementor-element elementor-element-2671bb6e e-con-full e-flex e-con e-parent\" data-id=\"2671bb6e\" data-element_type=\"container\">\n\t\t<div class=\"elementor-element elementor-element-1effd033 e-con-full e-flex e-con e-child\" data-id=\"1effd033\" data-element_type=\"container\">\n\t\t\t\t<div class=\"elementor-element elementor-element-4960c0e3 elementor-widget elementor-widget-text-editor\" data-id=\"4960c0e3\" data-element_type=\"widget\" data-widget_type=\"text-editor.default\">\n\t\t\t\t\t\t\t\t\t<p>KODA Float annab v\u00f5imaluse seada end sisse vee\u00e4\u00e4rsetel aladel nii linnas kui maal. Selle arhitektuur, disain ja tehniline lahendus v\u00f5imaldavad elada m\u00f5ne jahtklubi l\u00e4hedal sadamas, privaatsel j\u00e4rvel v\u00f5i linna l\u00e4bival veekanalil. Moodulmaja paindlikkusega saab KODA Float olla nii sadamakohvik, kunstistuudio, r\u00e4\u00e4kimata suvilast v\u00f5i kalamehe unistustemajast.<\/p><p>K\u00f5iki KODA mudeleid on v\u00f5imalik paigaldada pontoonidele.<\/p>\t\t\t\t\t\t\t\t<\/div>\n\t\t<div class=\"elementor-element elementor-element-b47d5e4 e-con-full e-flex e-con e-child\" data-id=\"b47d5e4\" data-element_type=\"container\">\n\t\t\t\t<div class=\"elementor-element elementor-element-41425f1 elementor-align-left elementor-widget elementor-widget-button\" data-id=\"41425f1\" data-element_type=\"widget\" data-widget_type=\"button.default\">\n\t\t\t\t\t\t\t\t\t\t<a class=\"elementor-button elementor-button-link elementor-size-sm\" href=\"https:\/\/kodasema.com\/et\/kontakt\/\">\n\t\t\t\t\t\t<span class=\"elementor-button-content-wrapper\">\n\t\t\t\t\t\t\t\t\t<span class=\"elementor-button-text\">Hinnad al. \u20ac119,800<\/span>\n\t\t\t\t\t<\/span>\n\t\t\t\t\t<\/a>\n\t\t\t\t\t\t\t\t<\/div>\n\t\t\t\t<\/div>\n\t\t\t\t<div class=\"elementor-element elementor-element-2329ed10 elementor-icon-list--layout-traditional elementor-list-item-link-full_width elementor-widget elementor-widget-icon-list\" data-id=\"2329ed10\" data-element_type=\"widget\" data-widget_type=\"icon-list.default\">\n\t\t\t\t\t\t\t<ul class=\"elementor-icon-list-items\">\n\t\t\t\t\t\t\t<li class=\"elementor-icon-list-item\">\n\t\t\t\t\t\t\t\t\t\t\t<a href=\"https:\/\/kodasema.com\/wp-content\/uploads\/2024\/09\/KODA-LoftExtended_29.04.2020.pdf\" target=\"_blank\">\n\n\t\t\t\t\t\t\t\t\t\t\t\t<span class=\"elementor-icon-list-icon\">\n\t\t\t\t\t\t\t<svg aria-hidden=\"true\" class=\"e-font-icon-svg e-far-file-pdf\" viewBox=\"0 0 384 512\" xmlns=\"http:\/\/www.w3.org\/2000\/svg\"><path d=\"M369.9 97.9L286 14C277 5 264.8-.1 252.1-.1H48C21.5 0 0 21.5 0 48v416c0 26.5 21.5 48 48 48h288c26.5 0 48-21.5 48-48V131.9c0-12.7-5.1-25-14.1-34zM332.1 128H256V51.9l76.1 76.1zM48 464V48h160v104c0 13.3 10.7 24 24 24h104v288H48zm250.2-143.7c-12.2-12-47-8.7-64.4-6.5-17.2-10.5-28.7-25-36.8-46.3 3.9-16.1 10.1-40.6 5.4-56-4.2-26.2-37.8-23.6-42.6-5.9-4.4 16.1-.4 38.5 7 67.1-10 23.9-24.9 56-35.4 74.4-20 10.3-47 26.2-51 46.2-3.3 15.8 26 55.2 76.1-31.2 22.4-7.4 46.8-16.5 68.4-20.1 18.9 10.2 41 17 55.8 17 25.5 0 28-28.2 17.5-38.7zm-198.1 77.8c5.1-13.7 24.5-29.5 30.4-35-19 30.3-30.4 35.7-30.4 35zm81.6-190.6c7.4 0 6.7 32.1 1.8 40.8-4.4-13.9-4.3-40.8-1.8-40.8zm-24.4 136.6c9.7-16.9 18-37 24.7-54.7 8.3 15.1 18.9 27.2 30.1 35.5-20.8 4.3-38.9 13.1-54.8 19.2zm131.6-5s-5 6-37.3-7.8c35.1-2.6 40.9 5.4 37.3 7.8z\"><\/path><\/svg>\t\t\t\t\t\t<\/span>\n\t\t\t\t\t\t\t\t\t\t<span class=\"elementor-icon-list-text\">KODA Float lisainfo \/ENG \/PDF<\/span>\n\t\t\t\t\t\t\t\t\t\t\t<\/a>\n\t\t\t\t\t\t\t\t\t<\/li>\n\t\t\t\t\t\t<\/ul>\n\t\t\t\t\t\t<\/div>\n\t\t\t\t<\/div>\n\t\t<div class=\"elementor-element elementor-element-341c7ef0 e-con-full e-flex e-con e-child\" data-id=\"341c7ef0\" data-element_type=\"container\" data-settings=\"{&quot;background_background&quot;:&quot;classic&quot;}\">\n\t\t\t\t<\/div>\n\t\t\t\t<\/div>\n\t\t<div class=\"elementor-element elementor-element-3058529a e-con-full e-flex e-con e-parent\" data-id=\"3058529a\" data-element_type=\"container\">\n\t\t<div class=\"elementor-element elementor-element-3720d13a e-con-full e-flex e-con e-child\" data-id=\"3720d13a\" data-element_type=\"container\" data-settings=\"{&quot;background_background&quot;:&quot;classic&quot;}\">\n\t\t\t\t<\/div>\n\t\t<div class=\"elementor-element elementor-element-678d5b28 e-con-full e-flex e-con e-child\" data-id=\"678d5b28\" data-element_type=\"container\">\n\t\t\t\t<div class=\"elementor-element elementor-element-4b1855c7 elementor-widget elementor-widget-text-editor\" data-id=\"4b1855c7\" data-element_type=\"widget\" data-widget_type=\"text-editor.default\">\n\t\t\t\t\t\t\t\t\t<p>T\u00e4isvarustusega v\u00e4ike maja on mugavalt ruumikas oma k\u00f5rgete lagede ja maast laeni ulatuva valgusk\u00fcllase aknaga.<\/p><p>Ujuv KODA loob luksusliku atmosf\u00e4\u00e4ri nagu puhkusel m\u00f5nes Vahemere villas. H\u00f5ljuv terrass laiendab eluruumi veelgi ning sulandub \u00fcmbritseva veekoguga.<\/p>\t\t\t\t\t\t\t\t<\/div>\n\t\t\t\t<\/div>\n\t\t\t\t<\/div>\n\t\t<div class=\"elementor-element elementor-element-68cd971d e-con-full e-flex e-con e-parent\" data-id=\"68cd971d\" data-element_type=\"container\">\n\t\t<div class=\"elementor-element elementor-element-5ac765a0 e-con-full e-flex e-con e-child\" data-id=\"5ac765a0\" data-element_type=\"container\">\n\t\t\t\t<div class=\"elementor-element elementor-element-696c205f elementor-widget elementor-widget-text-editor\" data-id=\"696c205f\" data-element_type=\"widget\" data-widget_type=\"text-editor.default\">\n\t\t\t\t\t\t\t\t\t<p>Veelgi enam, ujuva KODA abil saab vee\u00e4\u00e4rseid elamispindu laiendada, tekitades v\u00e4iksemaid ja suuremaid sadamalinnakuid.<\/p>\t\t\t\t\t\t\t\t<\/div>\n\t\t\t\t<\/div>\n\t\t<div class=\"elementor-element elementor-element-e5822e0 e-con-full e-flex e-con e-child\" data-id=\"e5822e0\" data-element_type=\"container\" data-settings=\"{&quot;background_background&quot;:&quot;classic&quot;}\">\n\t\t\t\t<\/div>\n\t\t\t\t<\/div>\n\t\t<div class=\"elementor-element elementor-element-ea56fbc e-con-full e-flex e-con e-parent\" data-id=\"ea56fbc\" data-element_type=\"container\">\n\t\t<div class=\"elementor-element elementor-element-19c864f4 e-con-full e-flex e-con e-child\" data-id=\"19c864f4\" data-element_type=\"container\" data-settings=\"{&quot;background_background&quot;:&quot;classic&quot;}\">\n\t\t\t\t<\/div>\n\t\t<div class=\"elementor-element elementor-element-50441338 e-con-full e-flex e-con e-child\" data-id=\"50441338\" data-element_type=\"container\">\n\t\t\t\t<div class=\"elementor-element elementor-element-2c238ca3 elementor-widget elementor-widget-text-editor\" data-id=\"2c238ca3\" data-element_type=\"widget\" data-widget_type=\"text-editor.default\">\n\t\t\t\t\t\t\t\t\t<p>Ruumikad KODA Loft sarja majad on ehitatud puits\u00f5restikule, kasutades puitu, klaasi, mineraalvilla ja terast.<\/p><p>Vineeriga viimistletud interj\u00f6\u00f6riga m\u00f5jub KODA Loft minimalistliku ent hubasena.<\/p><p>V\u00e4lispinna viimistlusi saab valida eri materjalidest, n\u00e4iteks laudise v\u00f5i fassaadipleki ja eri t\u00fc\u00fcpi laia v\u00e4rvivalikuga komposiitpaneelide hulgast.<\/p>\t\t\t\t\t\t\t\t<\/div>\n\t\t\t\t<\/div>\n\t\t\t\t<\/div>\n\t\t\t\t<\/div>\n\t\t","protected":false},"excerpt":{"rendered":"<p>ON KALDALE KINNITATUD PONTOONIDEL UJUV MAJA VAATA L\u00c4HEMALT Kodasema arhitektuuri- ja insenerib\u00fcroo ning Top Marine sadamalahenduste pakkuja vahelise koost\u00f6\u00f6 tulemusel s\u00fcndis KODA Float \u2013 veel\u00e4hedaseks eluks m\u00f5eldud pontoonidel ujuv maja. KODA Float annab v\u00f5imaluse seada end sisse vee\u00e4\u00e4rsetel aladel nii linnas kui maal. Selle arhitektuur, disain ja tehniline lahendus v\u00f5imaldavad elada m\u00f5ne jahtklubi l\u00e4hedal sadamas, [&hellip;]<\/p>\n","protected":false},"author":1,"featured_media":7811,"parent":0,"menu_order":2,"comment_status":"closed","ping_status":"closed","template":"","meta":{"_acf_changed":false,"footnotes":""},"class_list":["post-8582","page","type-page","status-publish","has-post-thumbnail","hentry"],"acf":[],"yoast_head":"<!-- This site is optimized with the Yoast SEO plugin v26.1.1 - https:\/\/yoast.com\/wordpress\/plugins\/seo\/ -->\n<title>Floating KODA | KODA by Kodasema<\/title>\n<meta name=\"description\" content=\"KODA Float annab v\u00f5imaluse seada end sisse vee\u00e4\u00e4rsetel aladel nii linnas kui maal. Selle arhitektuur, disain ja tehniline lahendus v\u00f5imaldavad elada m\u00f5ne jahtklubi l\u00e4hedal sadamas, privaatsel j\u00e4rvel v\u00f5i linna l\u00e4bival veekanalil.\" \/>\n<meta name=\"robots\" content=\"index, follow, max-snippet:-1, max-image-preview:large, max-video-preview:-1\" \/>\n<link rel=\"canonical\" href=\"https:\/\/kodasema.com\/et\/koda-float\/\" \/>\n<meta property=\"og:locale\" content=\"et_EE\" \/>\n<meta property=\"og:type\" content=\"article\" \/>\n<meta property=\"og:title\" content=\"Floating KODA | KODA by Kodasema\" \/>\n<meta property=\"og:description\" content=\"KODA Float annab v\u00f5imaluse seada end sisse vee\u00e4\u00e4rsetel aladel nii linnas kui maal. Selle arhitektuur, disain ja tehniline lahendus v\u00f5imaldavad elada m\u00f5ne jahtklubi l\u00e4hedal sadamas, privaatsel j\u00e4rvel v\u00f5i linna l\u00e4bival veekanalil.\" \/>\n<meta property=\"og:url\" content=\"https:\/\/kodasema.com\/et\/koda-float\/\" \/>\n<meta property=\"og:site_name\" content=\"KODA\" \/>\n<meta property=\"article:publisher\" content=\"https:\/\/www.facebook.com\/kodabykodasema\/\" \/>\n<meta property=\"article:modified_time\" content=\"2025-08-22T11:53:33+00:00\" \/>\n<meta property=\"og:image\" content=\"https:\/\/kodasema.com\/wp-content\/uploads\/2024\/10\/KODA-Light-Float-right-side_RikuKyla-1.jpg\" \/>\n\t<meta property=\"og:image:width\" content=\"1091\" \/>\n\t<meta property=\"og:image:height\" content=\"727\" \/>\n\t<meta property=\"og:image:type\" content=\"image\/jpeg\" \/>\n<meta name=\"twitter:card\" content=\"summary_large_image\" \/>\n<meta name=\"twitter:label1\" content=\"Est. reading time\" \/>\n\t<meta name=\"twitter:data1\" content=\"1 minut\" \/>\n<script type=\"application\/ld+json\" class=\"yoast-schema-graph\">{\"@context\":\"https:\/\/schema.org\",\"@graph\":[{\"@type\":\"WebPage\",\"@id\":\"https:\/\/kodasema.com\/et\/koda-float\/\",\"url\":\"https:\/\/kodasema.com\/et\/koda-float\/\",\"name\":\"Floating KODA | KODA by Kodasema\",\"isPartOf\":{\"@id\":\"https:\/\/kodasema.com\/en\/#website\"},\"primaryImageOfPage\":{\"@id\":\"https:\/\/kodasema.com\/et\/koda-float\/#primaryimage\"},\"image\":{\"@id\":\"https:\/\/kodasema.com\/et\/koda-float\/#primaryimage\"},\"thumbnailUrl\":\"https:\/\/kodasema.com\/wp-content\/uploads\/2024\/10\/KODA-Light-Float-right-side_RikuKyla-1.jpg\",\"datePublished\":\"2024-09-26T14:50:55+00:00\",\"dateModified\":\"2025-08-22T11:53:33+00:00\",\"description\":\"KODA Float annab v\u00f5imaluse seada end sisse vee\u00e4\u00e4rsetel aladel nii linnas kui maal. Selle arhitektuur, disain ja tehniline lahendus v\u00f5imaldavad elada m\u00f5ne jahtklubi l\u00e4hedal sadamas, privaatsel j\u00e4rvel v\u00f5i linna l\u00e4bival veekanalil.\",\"breadcrumb\":{\"@id\":\"https:\/\/kodasema.com\/et\/koda-float\/#breadcrumb\"},\"inLanguage\":\"et\",\"potentialAction\":[{\"@type\":\"ReadAction\",\"target\":[\"https:\/\/kodasema.com\/et\/koda-float\/\"]}]},{\"@type\":\"ImageObject\",\"inLanguage\":\"et\",\"@id\":\"https:\/\/kodasema.com\/et\/koda-float\/#primaryimage\",\"url\":\"https:\/\/kodasema.com\/wp-content\/uploads\/2024\/10\/KODA-Light-Float-right-side_RikuKyla-1.jpg\",\"contentUrl\":\"https:\/\/kodasema.com\/wp-content\/uploads\/2024\/10\/KODA-Light-Float-right-side_RikuKyla-1.jpg\",\"width\":1091,\"height\":727},{\"@type\":\"BreadcrumbList\",\"@id\":\"https:\/\/kodasema.com\/et\/koda-float\/#breadcrumb\",\"itemListElement\":[{\"@type\":\"ListItem\",\"position\":1,\"name\":\"Home\",\"item\":\"https:\/\/kodasema.com\/et\/\"},{\"@type\":\"ListItem\",\"position\":2,\"name\":\"KODA Float\"}]},{\"@type\":\"WebSite\",\"@id\":\"https:\/\/kodasema.com\/en\/#website\",\"url\":\"https:\/\/kodasema.com\/en\/\",\"name\":\"KODA\",\"description\":\"QUALITY AND DESIGN MEETS FLEXIBLE, INNOVATIVE SPACE\",\"publisher\":{\"@id\":\"https:\/\/kodasema.com\/en\/#organization\"},\"potentialAction\":[{\"@type\":\"SearchAction\",\"target\":{\"@type\":\"EntryPoint\",\"urlTemplate\":\"https:\/\/kodasema.com\/en\/?s={search_term_string}\"},\"query-input\":{\"@type\":\"PropertyValueSpecification\",\"valueRequired\":true,\"valueName\":\"search_term_string\"}}],\"inLanguage\":\"et\"},{\"@type\":\"Organization\",\"@id\":\"https:\/\/kodasema.com\/en\/#organization\",\"name\":\"KODA\",\"url\":\"https:\/\/kodasema.com\/en\/\",\"logo\":{\"@type\":\"ImageObject\",\"inLanguage\":\"et\",\"@id\":\"https:\/\/kodasema.com\/en\/#\/schema\/logo\/image\/\",\"url\":\"https:\/\/kodasema.com\/wp-content\/uploads\/2024\/09\/logo-dark.svg\",\"contentUrl\":\"https:\/\/kodasema.com\/wp-content\/uploads\/2024\/09\/logo-dark.svg\",\"width\":123,\"height\":34,\"caption\":\"KODA\"},\"image\":{\"@id\":\"https:\/\/kodasema.com\/en\/#\/schema\/logo\/image\/\"},\"sameAs\":[\"https:\/\/www.facebook.com\/kodabykodasema\/\"]}]}<\/script>\n<!-- \/ Yoast SEO plugin. -->","yoast_head_json":{"title":"Floating KODA | KODA by Kodasema","description":"KODA Float annab v\u00f5imaluse seada end sisse vee\u00e4\u00e4rsetel aladel nii linnas kui maal. Selle arhitektuur, disain ja tehniline lahendus v\u00f5imaldavad elada m\u00f5ne jahtklubi l\u00e4hedal sadamas, privaatsel j\u00e4rvel v\u00f5i linna l\u00e4bival veekanalil.","robots":{"index":"index","follow":"follow","max-snippet":"max-snippet:-1","max-image-preview":"max-image-preview:large","max-video-preview":"max-video-preview:-1"},"canonical":"https:\/\/kodasema.com\/et\/koda-float\/","og_locale":"et_EE","og_type":"article","og_title":"Floating KODA | KODA by Kodasema","og_description":"KODA Float annab v\u00f5imaluse seada end sisse vee\u00e4\u00e4rsetel aladel nii linnas kui maal. Selle arhitektuur, disain ja tehniline lahendus v\u00f5imaldavad elada m\u00f5ne jahtklubi l\u00e4hedal sadamas, privaatsel j\u00e4rvel v\u00f5i linna l\u00e4bival veekanalil.","og_url":"https:\/\/kodasema.com\/et\/koda-float\/","og_site_name":"KODA","article_publisher":"https:\/\/www.facebook.com\/kodabykodasema\/","article_modified_time":"2025-08-22T11:53:33+00:00","og_image":[{"width":1091,"height":727,"url":"https:\/\/kodasema.com\/wp-content\/uploads\/2024\/10\/KODA-Light-Float-right-side_RikuKyla-1.jpg","type":"image\/jpeg"}],"twitter_card":"summary_large_image","twitter_misc":{"Est. reading time":"1 minut"},"schema":{"@context":"https:\/\/schema.org","@graph":[{"@type":"WebPage","@id":"https:\/\/kodasema.com\/et\/koda-float\/","url":"https:\/\/kodasema.com\/et\/koda-float\/","name":"Floating KODA | KODA by Kodasema","isPartOf":{"@id":"https:\/\/kodasema.com\/en\/#website"},"primaryImageOfPage":{"@id":"https:\/\/kodasema.com\/et\/koda-float\/#primaryimage"},"image":{"@id":"https:\/\/kodasema.com\/et\/koda-float\/#primaryimage"},"thumbnailUrl":"https:\/\/kodasema.com\/wp-content\/uploads\/2024\/10\/KODA-Light-Float-right-side_RikuKyla-1.jpg","datePublished":"2024-09-26T14:50:55+00:00","dateModified":"2025-08-22T11:53:33+00:00","description":"KODA Float annab v\u00f5imaluse seada end sisse vee\u00e4\u00e4rsetel aladel nii linnas kui maal. Selle arhitektuur, disain ja tehniline lahendus v\u00f5imaldavad elada m\u00f5ne jahtklubi l\u00e4hedal sadamas, privaatsel j\u00e4rvel v\u00f5i linna l\u00e4bival veekanalil.","breadcrumb":{"@id":"https:\/\/kodasema.com\/et\/koda-float\/#breadcrumb"},"inLanguage":"et","potentialAction":[{"@type":"ReadAction","target":["https:\/\/kodasema.com\/et\/koda-float\/"]}]},{"@type":"ImageObject","inLanguage":"et","@id":"https:\/\/kodasema.com\/et\/koda-float\/#primaryimage","url":"https:\/\/kodasema.com\/wp-content\/uploads\/2024\/10\/KODA-Light-Float-right-side_RikuKyla-1.jpg","contentUrl":"https:\/\/kodasema.com\/wp-content\/uploads\/2024\/10\/KODA-Light-Float-right-side_RikuKyla-1.jpg","width":1091,"height":727},{"@type":"BreadcrumbList","@id":"https:\/\/kodasema.com\/et\/koda-float\/#breadcrumb","itemListElement":[{"@type":"ListItem","position":1,"name":"Home","item":"https:\/\/kodasema.com\/et\/"},{"@type":"ListItem","position":2,"name":"KODA Float"}]},{"@type":"WebSite","@id":"https:\/\/kodasema.com\/en\/#website","url":"https:\/\/kodasema.com\/en\/","name":"KODA","description":"QUALITY AND DESIGN MEETS FLEXIBLE, INNOVATIVE SPACE","publisher":{"@id":"https:\/\/kodasema.com\/en\/#organization"},"potentialAction":[{"@type":"SearchAction","target":{"@type":"EntryPoint","urlTemplate":"https:\/\/kodasema.com\/en\/?s={search_term_string}"},"query-input":{"@type":"PropertyValueSpecification","valueRequired":true,"valueName":"search_term_string"}}],"inLanguage":"et"},{"@type":"Organization","@id":"https:\/\/kodasema.com\/en\/#organization","name":"KODA","url":"https:\/\/kodasema.com\/en\/","logo":{"@type":"ImageObject","inLanguage":"et","@id":"https:\/\/kodasema.com\/en\/#\/schema\/logo\/image\/","url":"https:\/\/kodasema.com\/wp-content\/uploads\/2024\/09\/logo-dark.svg","contentUrl":"https:\/\/kodasema.com\/wp-content\/uploads\/2024\/09\/logo-dark.svg","width":123,"height":34,"caption":"KODA"},"image":{"@id":"https:\/\/kodasema.com\/en\/#\/schema\/logo\/image\/"},"sameAs":["https:\/\/www.facebook.com\/kodabykodasema\/"]}]}},"_links":{"self":[{"href":"https:\/\/kodasema.com\/et\/wp-json\/wp\/v2\/pages\/8582","targetHints":{"allow":["GET"]}}],"collection":[{"href":"https:\/\/kodasema.com\/et\/wp-json\/wp\/v2\/pages"}],"about":[{"href":"https:\/\/kodasema.com\/et\/wp-json\/wp\/v2\/types\/page"}],"author":[{"embeddable":true,"href":"https:\/\/kodasema.com\/et\/wp-json\/wp\/v2\/users\/1"}],"replies":[{"embeddable":true,"href":"https:\/\/kodasema.com\/et\/wp-json\/wp\/v2\/comments?post=8582"}],"version-history":[{"count":0,"href":"https:\/\/kodasema.com\/et\/wp-json\/wp\/v2\/pages\/8582\/revisions"}],"wp:featuredmedia":[{"embeddable":true,"href":"https:\/\/kodasema.com\/et\/wp-json\/wp\/v2\/media\/7811"}],"wp:attachment":[{"href":"https:\/\/kodasema.com\/et\/wp-json\/wp\/v2\/media?parent=8582"}],"curies":[{"name":"wp","href":"https:\/\/api.w.org\/{rel}","templated":true}]}}