{"id":8576,"date":"2024-09-26T14:42:43","date_gmt":"2024-09-26T14:42:43","guid":{"rendered":"https:\/\/kodasema.com\/koda-compact-luxury-sauna\/"},"modified":"2025-08-22T11:54:35","modified_gmt":"2025-08-22T11:54:35","slug":"koda-compact-luxury-sauna","status":"publish","type":"page","link":"https:\/\/kodasema.com\/et\/koda-compact-luxury-sauna\/","title":{"rendered":"KODA Compact Luxury Sauna"},"content":{"rendered":"\t\t<div data-elementor-type=\"wp-page\" data-elementor-id=\"8576\" class=\"elementor elementor-8576 elementor-764\" data-elementor-post-type=\"page\">\n\t\t\t\t<div class=\"elementor-element elementor-element-49d4998 head-image e-flex e-con-boxed e-con e-parent\" data-id=\"49d4998\" data-element_type=\"container\" data-settings=\"{&quot;background_background&quot;:&quot;classic&quot;}\">\n\t\t\t\t\t<div class=\"e-con-inner\">\n\t\t\t\t<div class=\"elementor-element elementor-element-8f180b3 elementor-widget elementor-widget-text-editor\" data-id=\"8f180b3\" data-element_type=\"widget\" data-widget_type=\"text-editor.default\">\n\t\t\t\t\t\t\t\t\tKODA Compact Luxury Sauna\t\t\t\t\t\t\t\t<\/div>\n\t\t\t\t<div class=\"elementor-element elementor-element-3ec0a79e elementor-widget elementor-widget-text-editor\" data-id=\"3ec0a79e\" data-element_type=\"widget\" data-widget_type=\"text-editor.default\">\n\t\t\t\t\t\t\t\t\t<p class=\"hero-subheading\">LUKSUSLIK SAUNAELAMUS<\/p>\t\t\t\t\t\t\t\t<\/div>\n\t\t<div class=\"elementor-element elementor-element-d0cfbc9 e-grid e-con-boxed e-con e-child\" data-id=\"d0cfbc9\" data-element_type=\"container\">\n\t\t\t\t\t<div class=\"e-con-inner\">\n\t\t\t\t<div class=\"elementor-element elementor-element-40e29e6 elementor-align-center elementor-mobile-align-center elementor-widget elementor-widget-button\" data-id=\"40e29e6\" data-element_type=\"widget\" data-widget_type=\"button.default\">\n\t\t\t\t\t\t\t\t\t\t<a class=\"elementor-button elementor-button-link elementor-size-sm\" href=\"#extend\">\n\t\t\t\t\t\t<span class=\"elementor-button-content-wrapper\">\n\t\t\t\t\t\t\t\t\t<span class=\"elementor-button-text\">VAATA L\u00c4HEMALT<\/span>\n\t\t\t\t\t<\/span>\n\t\t\t\t\t<\/a>\n\t\t\t\t\t\t\t\t<\/div>\n\t\t\t\t\t<\/div>\n\t\t\t\t<\/div>\n\t\t\t\t\t<\/div>\n\t\t\t\t<\/div>\n\t\t<div class=\"elementor-element elementor-element-133644fc e-con-full e-flex e-con e-parent\" data-id=\"133644fc\" data-element_type=\"container\">\n\t\t\t\t<div class=\"elementor-element elementor-element-56c2814 elementor-widget elementor-widget-menu-anchor\" data-id=\"56c2814\" data-element_type=\"widget\" data-widget_type=\"menu-anchor.default\">\n\t\t\t\t\t\t\t<div class=\"elementor-menu-anchor\" id=\"extend\"><\/div>\n\t\t\t\t\t\t<\/div>\n\t\t\t\t<div class=\"elementor-element elementor-element-151b4a70 elementor-widget elementor-widget-text-editor\" data-id=\"151b4a70\" data-element_type=\"widget\" data-widget_type=\"text-editor.default\">\n\t\t\t\t\t\t\t\t\t<p>KODA Compact saunaga luksusmudel on mugav ja hubane leiliruumi ja puhkeruumiga mikromaja, mis sobib nii suurema elumaja taga-aeda, rendivillade juurde kui spaateenuste pakkumiseks hotellide ja golfi-, ratsa- v\u00f5i muude spordiklubide juures ning jahisadamates.<\/p>\t\t\t\t\t\t\t\t<\/div>\n\t\t\t\t<\/div>\n\t\t<div class=\"elementor-element elementor-element-5deeae12 e-con-full e-flex e-con e-parent\" data-id=\"5deeae12\" data-element_type=\"container\">\n\t\t<div class=\"elementor-element elementor-element-2acdc70 e-con-full e-flex e-con e-child\" data-id=\"2acdc70\" data-element_type=\"container\">\n\t\t\t\t<div class=\"elementor-element elementor-element-4e9539e0 elementor-widget elementor-widget-text-editor\" data-id=\"4e9539e0\" data-element_type=\"widget\" data-widget_type=\"text-editor.default\">\n\t\t\t\t\t\t\t\t\t<p>Kuna Eesti on pikkade traditsioonidega saunalembene riik, tundus saunaga KODA lisamine meie majade valikusse lausa iseenesestm\u00f5istetav \u2013 nii saame Eesti sauna-armastust jagada KODA f\u00e4nnidega \u00fcle terve maailma.<\/p><p>Saunaga KODAs on lisaks leiliruumile puhkeruum ja k\u00f6\u00f6k ning m\u00f5istagi du\u0161iruum ja tualett. Leiliruumi mahub mugavalt kasutama 2-4 inimest. Soovi korral saame KODA saunamudeli kinnitada pontoonidele: ujuv KODA saun sobib nii siseveekogudesse kui sadamatesse.<\/p>\t\t\t\t\t\t\t\t<\/div>\n\t\t<div class=\"elementor-element elementor-element-e5ca27f e-con-full e-flex e-con e-child\" data-id=\"e5ca27f\" data-element_type=\"container\">\n\t\t\t\t<div class=\"elementor-element elementor-element-32f7b17 elementor-align-left elementor-mobile-align-center elementor-widget elementor-widget-button\" data-id=\"32f7b17\" data-element_type=\"widget\" data-widget_type=\"button.default\">\n\t\t\t\t\t\t\t\t\t\t<a class=\"elementor-button elementor-button-link elementor-size-sm\" href=\"https:\/\/kodasema.com\/et\/kontakt\/\">\n\t\t\t\t\t\t<span class=\"elementor-button-content-wrapper\">\n\t\t\t\t\t\t\t\t\t<span class=\"elementor-button-text\">Hinnad al. \u20ac87,900<\/span>\n\t\t\t\t\t<\/span>\n\t\t\t\t\t<\/a>\n\t\t\t\t\t\t\t\t<\/div>\n\t\t\t\t<\/div>\n\t\t\t\t<div class=\"elementor-element elementor-element-3df6e575 elementor-icon-list--layout-traditional elementor-list-item-link-full_width elementor-widget elementor-widget-icon-list\" data-id=\"3df6e575\" data-element_type=\"widget\" data-widget_type=\"icon-list.default\">\n\t\t\t\t\t\t\t<ul class=\"elementor-icon-list-items\">\n\t\t\t\t\t\t\t<li class=\"elementor-icon-list-item\">\n\t\t\t\t\t\t\t\t\t\t\t<a href=\"https:\/\/kodasema.com\/wp-content\/uploads\/2024\/09\/230221_KODAsauna_factsheet.pdf\" target=\"_blank\">\n\n\t\t\t\t\t\t\t\t\t\t\t\t<span class=\"elementor-icon-list-icon\">\n\t\t\t\t\t\t\t<svg aria-hidden=\"true\" class=\"e-font-icon-svg e-far-file-pdf\" viewBox=\"0 0 384 512\" xmlns=\"http:\/\/www.w3.org\/2000\/svg\"><path d=\"M369.9 97.9L286 14C277 5 264.8-.1 252.1-.1H48C21.5 0 0 21.5 0 48v416c0 26.5 21.5 48 48 48h288c26.5 0 48-21.5 48-48V131.9c0-12.7-5.1-25-14.1-34zM332.1 128H256V51.9l76.1 76.1zM48 464V48h160v104c0 13.3 10.7 24 24 24h104v288H48zm250.2-143.7c-12.2-12-47-8.7-64.4-6.5-17.2-10.5-28.7-25-36.8-46.3 3.9-16.1 10.1-40.6 5.4-56-4.2-26.2-37.8-23.6-42.6-5.9-4.4 16.1-.4 38.5 7 67.1-10 23.9-24.9 56-35.4 74.4-20 10.3-47 26.2-51 46.2-3.3 15.8 26 55.2 76.1-31.2 22.4-7.4 46.8-16.5 68.4-20.1 18.9 10.2 41 17 55.8 17 25.5 0 28-28.2 17.5-38.7zm-198.1 77.8c5.1-13.7 24.5-29.5 30.4-35-19 30.3-30.4 35.7-30.4 35zm81.6-190.6c7.4 0 6.7 32.1 1.8 40.8-4.4-13.9-4.3-40.8-1.8-40.8zm-24.4 136.6c9.7-16.9 18-37 24.7-54.7 8.3 15.1 18.9 27.2 30.1 35.5-20.8 4.3-38.9 13.1-54.8 19.2zm131.6-5s-5 6-37.3-7.8c35.1-2.6 40.9 5.4 37.3 7.8z\"><\/path><\/svg>\t\t\t\t\t\t<\/span>\n\t\t\t\t\t\t\t\t\t\t<span class=\"elementor-icon-list-text\">KODA Compact Luxury Sauna bro\u0161\u00fc\u00fcr \/pdf\/<\/span>\n\t\t\t\t\t\t\t\t\t\t\t<\/a>\n\t\t\t\t\t\t\t\t\t<\/li>\n\t\t\t\t\t\t<\/ul>\n\t\t\t\t\t\t<\/div>\n\t\t\t\t<\/div>\n\t\t<div class=\"elementor-element elementor-element-1b3d7756 e-con-full e-flex e-con e-child\" data-id=\"1b3d7756\" data-element_type=\"container\" data-settings=\"{&quot;background_background&quot;:&quot;classic&quot;}\">\n\t\t\t\t<\/div>\n\t\t\t\t<\/div>\n\t\t<div class=\"elementor-element elementor-element-183ef49 e-con-full e-flex e-con e-parent\" data-id=\"183ef49\" data-element_type=\"container\">\n\t\t<div class=\"elementor-element elementor-element-4286fb38 e-con-full e-flex e-con e-child\" data-id=\"4286fb38\" data-element_type=\"container\">\n\t\t\t\t<div class=\"elementor-element elementor-element-d2e7750 elementor--h-position-center elementor--v-position-middle elementor-arrows-position-inside elementor-pagination-position-inside elementor-widget elementor-widget-slides\" data-id=\"d2e7750\" data-element_type=\"widget\" data-settings=\"{&quot;navigation&quot;:&quot;both&quot;,&quot;autoplay&quot;:&quot;yes&quot;,&quot;pause_on_hover&quot;:&quot;yes&quot;,&quot;pause_on_interaction&quot;:&quot;yes&quot;,&quot;autoplay_speed&quot;:5000,&quot;infinite&quot;:&quot;yes&quot;,&quot;transition&quot;:&quot;slide&quot;,&quot;transition_speed&quot;:500}\" data-widget_type=\"slides.default\">\n\t\t\t\t\t\t\t\t\t\t<div class=\"elementor-slides-wrapper elementor-main-swiper swiper\" role=\"region\" aria-roledescription=\"carousel\" aria-label=\"Slides\" dir=\"ltr\" data-animation=\"fadeInUp\">\n\t\t\t\t<div class=\"swiper-wrapper elementor-slides\">\n\t\t\t\t\t\t\t\t\t\t<div class=\"elementor-repeater-item-2fc72ec swiper-slide\" role=\"group\" aria-roledescription=\"slide\"><div class=\"swiper-slide-bg\" role=\"img\"><\/div><div class=\"swiper-slide-inner\" ><div class=\"swiper-slide-contents\"><\/div><\/div><\/div><div class=\"elementor-repeater-item-db6d91c swiper-slide\" role=\"group\" aria-roledescription=\"slide\"><div class=\"swiper-slide-bg\" role=\"img\"><\/div><div class=\"swiper-slide-inner\" ><div class=\"swiper-slide-contents\"><\/div><\/div><\/div><div class=\"elementor-repeater-item-0b87e85 swiper-slide\" role=\"group\" aria-roledescription=\"slide\"><div class=\"swiper-slide-bg\" role=\"img\"><\/div><div class=\"swiper-slide-inner\" ><div class=\"swiper-slide-contents\"><\/div><\/div><\/div>\t\t\t\t<\/div>\n\t\t\t\t\t\t\t\t\t\t\t\t\t\t\t<div class=\"elementor-swiper-button elementor-swiper-button-prev\" role=\"button\" tabindex=\"0\" aria-label=\"Previous slide\">\n\t\t\t\t\t\t\t<svg aria-hidden=\"true\" class=\"e-font-icon-svg e-eicon-chevron-left\" viewBox=\"0 0 1000 1000\" xmlns=\"http:\/\/www.w3.org\/2000\/svg\"><path d=\"M646 125C629 125 613 133 604 142L308 442C296 454 292 471 292 487 292 504 296 521 308 533L604 854C617 867 629 875 646 875 663 875 679 871 692 858 704 846 713 829 713 812 713 796 708 779 692 767L438 487 692 225C700 217 708 204 708 187 708 171 704 154 692 142 675 129 663 125 646 125Z\"><\/path><\/svg>\t\t\t\t\t\t<\/div>\n\t\t\t\t\t\t<div class=\"elementor-swiper-button elementor-swiper-button-next\" role=\"button\" tabindex=\"0\" aria-label=\"Next slide\">\n\t\t\t\t\t\t\t<svg aria-hidden=\"true\" class=\"e-font-icon-svg e-eicon-chevron-right\" viewBox=\"0 0 1000 1000\" xmlns=\"http:\/\/www.w3.org\/2000\/svg\"><path d=\"M696 533C708 521 713 504 713 487 713 471 708 454 696 446L400 146C388 133 375 125 354 125 338 125 325 129 313 142 300 154 292 171 292 187 292 204 296 221 308 233L563 492 304 771C292 783 288 800 288 817 288 833 296 850 308 863 321 871 338 875 354 875 371 875 388 867 400 854L696 533Z\"><\/path><\/svg>\t\t\t\t\t\t<\/div>\n\t\t\t\t\t\t\t\t\t\t\t\t\t\t\t\t<div class=\"swiper-pagination\"><\/div>\n\t\t\t\t\t\t\t\t\t\t\t\t<\/div>\n\t\t\t\t\t\t\t\t<\/div>\n\t\t\t\t<\/div>\n\t\t<div class=\"elementor-element elementor-element-2bb87ab4 e-con-full e-flex e-con e-child\" data-id=\"2bb87ab4\" data-element_type=\"container\">\n\t\t\t\t<div class=\"elementor-element elementor-element-59b54bff elementor-widget elementor-widget-text-editor\" data-id=\"59b54bff\" data-element_type=\"widget\" data-widget_type=\"text-editor.default\">\n\t\t\t\t\t\t\t\t\t<p>M\u00f5nusa saunatunde ja KODAle omase ruumielamuse saavutamiseks kasutame seintel valget puitu ja leiliruumis musta v\u00e4rvi: see lahendus on \u00fcks meie klientide lemmikuid.<\/p><p>Leiliruumile lisasime ka akna, et tuua ruumi rohkem valgust ja pakkuda otse lavalt vaadet \u00fcmbrusele. Vannitoa plaadivaliku oleme hoidnud \u00fchev\u00e4rvilisena, et luua rahulik ruum. Siseviimistlust t\u00e4iendavad mustad matid segistid ja kompaktne valamu. KODA sauna standardvarustuses on elektrikeris, ent soovi korral saame paigaldada ka puuk\u00fcttega kerise.<\/p>\t\t\t\t\t\t\t\t<\/div>\n\t\t\t\t<\/div>\n\t\t\t\t<\/div>\n\t\t<div class=\"elementor-element elementor-element-7ede8c63 e-con-full e-flex e-con e-parent\" data-id=\"7ede8c63\" data-element_type=\"container\">\n\t\t<div class=\"elementor-element elementor-element-69c1a4b2 e-con-full e-flex e-con e-child\" data-id=\"69c1a4b2\" data-element_type=\"container\">\n\t\t\t\t<div class=\"elementor-element elementor-element-59b8567c elementor-widget elementor-widget-text-editor\" data-id=\"59b8567c\" data-element_type=\"widget\" data-widget_type=\"text-editor.default\">\n\t\t\t\t\t\t\t\t\t<p>Saunaga KODA eluruum on piisavalt suur, et mahutada diivanvoodi, laud ja muu, mida vaja v\u00f5ib minna \u2013 olgu selleks kirjutuslaud, kummut v\u00f5i tumbad. NB! Saame KODA vajadusel komplekteerida ka t\u00e4iesti m\u00f6bleerituna.<\/p><p>K\u00f6\u00f6ginurka kuulub piisavalt suur k\u00fclmik paari p\u00e4eva toiduvaru mahutamiseks. Lisavarustusena saame paigaldada nii pliidiplaadi kui k\u00f6\u00f6gikubu.<\/p>\t\t\t\t\t\t\t\t<\/div>\n\t\t\t\t<\/div>\n\t\t<div class=\"elementor-element elementor-element-459406e7 e-con-full e-flex e-con e-child\" data-id=\"459406e7\" data-element_type=\"container\" data-settings=\"{&quot;background_background&quot;:&quot;classic&quot;}\">\n\t\t\t\t<\/div>\n\t\t\t\t<\/div>\n\t\t<div class=\"elementor-element elementor-element-4c692b3e e-con-full e-flex e-con e-parent\" data-id=\"4c692b3e\" data-element_type=\"container\">\n\t\t<div class=\"elementor-element elementor-element-692632f e-con-full e-flex e-con e-child\" data-id=\"692632f\" data-element_type=\"container\">\n\t\t\t\t<div class=\"elementor-element elementor-element-ee7c159 elementor--h-position-center elementor--v-position-middle elementor-arrows-position-inside elementor-pagination-position-inside elementor-widget elementor-widget-slides\" data-id=\"ee7c159\" data-element_type=\"widget\" data-settings=\"{&quot;navigation&quot;:&quot;both&quot;,&quot;autoplay&quot;:&quot;yes&quot;,&quot;pause_on_hover&quot;:&quot;yes&quot;,&quot;pause_on_interaction&quot;:&quot;yes&quot;,&quot;autoplay_speed&quot;:5000,&quot;infinite&quot;:&quot;yes&quot;,&quot;transition&quot;:&quot;slide&quot;,&quot;transition_speed&quot;:500}\" data-widget_type=\"slides.default\">\n\t\t\t\t\t\t\t\t\t\t<div class=\"elementor-slides-wrapper elementor-main-swiper swiper\" role=\"region\" aria-roledescription=\"carousel\" aria-label=\"Slides\" dir=\"ltr\" data-animation=\"fadeInUp\">\n\t\t\t\t<div class=\"swiper-wrapper elementor-slides\">\n\t\t\t\t\t\t\t\t\t\t<div class=\"elementor-repeater-item-b94ef76 swiper-slide\" role=\"group\" aria-roledescription=\"slide\"><div class=\"swiper-slide-bg\" role=\"img\"><\/div><div class=\"swiper-slide-inner\" ><div class=\"swiper-slide-contents\"><\/div><\/div><\/div><div class=\"elementor-repeater-item-d8d6e37 swiper-slide\" role=\"group\" aria-roledescription=\"slide\"><div class=\"swiper-slide-bg\" role=\"img\"><\/div><div class=\"swiper-slide-inner\" ><div class=\"swiper-slide-contents\"><\/div><\/div><\/div>\t\t\t\t<\/div>\n\t\t\t\t\t\t\t\t\t\t\t\t\t\t\t<div class=\"elementor-swiper-button elementor-swiper-button-prev\" role=\"button\" tabindex=\"0\" aria-label=\"Previous slide\">\n\t\t\t\t\t\t\t<svg aria-hidden=\"true\" class=\"e-font-icon-svg e-eicon-chevron-left\" viewBox=\"0 0 1000 1000\" xmlns=\"http:\/\/www.w3.org\/2000\/svg\"><path d=\"M646 125C629 125 613 133 604 142L308 442C296 454 292 471 292 487 292 504 296 521 308 533L604 854C617 867 629 875 646 875 663 875 679 871 692 858 704 846 713 829 713 812 713 796 708 779 692 767L438 487 692 225C700 217 708 204 708 187 708 171 704 154 692 142 675 129 663 125 646 125Z\"><\/path><\/svg>\t\t\t\t\t\t<\/div>\n\t\t\t\t\t\t<div class=\"elementor-swiper-button elementor-swiper-button-next\" role=\"button\" tabindex=\"0\" aria-label=\"Next slide\">\n\t\t\t\t\t\t\t<svg aria-hidden=\"true\" class=\"e-font-icon-svg e-eicon-chevron-right\" viewBox=\"0 0 1000 1000\" xmlns=\"http:\/\/www.w3.org\/2000\/svg\"><path d=\"M696 533C708 521 713 504 713 487 713 471 708 454 696 446L400 146C388 133 375 125 354 125 338 125 325 129 313 142 300 154 292 171 292 187 292 204 296 221 308 233L563 492 304 771C292 783 288 800 288 817 288 833 296 850 308 863 321 871 338 875 354 875 371 875 388 867 400 854L696 533Z\"><\/path><\/svg>\t\t\t\t\t\t<\/div>\n\t\t\t\t\t\t\t\t\t\t\t\t\t\t\t\t<div class=\"swiper-pagination\"><\/div>\n\t\t\t\t\t\t\t\t\t\t\t\t<\/div>\n\t\t\t\t\t\t\t\t<\/div>\n\t\t\t\t<\/div>\n\t\t<div class=\"elementor-element elementor-element-239f4b47 e-con-full e-flex e-con e-child\" data-id=\"239f4b47\" data-element_type=\"container\">\n\t\t\t\t<div class=\"elementor-element elementor-element-4dcbe158 elementor-widget elementor-widget-text-editor\" data-id=\"4dcbe158\" data-element_type=\"widget\" data-widget_type=\"text-editor.default\">\n\t\t\t\t\t\t\t\t\t<p>Oleme KODA Compact Luxury Saunale valinud mustast puidust v\u00e4lisviimistluse, ent soovi korral saate valida ka m\u00f5ne muu v\u00e4rvi v\u00f5i materjali.<\/p><p>Nagu k\u00f5ik KODA-d, saabub ka KODA saunaversioon oma sihtkohta nn. v\u00f5tmed-k\u00e4tte kujul: maja tuleb vaid paigaldada n\u00f5uetekohaselt, \u00fchendada elektri, vee ja kanalisatsiooniga ning saategi sauna sooja panna. H\u00fcva leili!<\/p><p>KODA Compact Luxury Sauna arhitektid on Maria Alnek ja Maria Simmulmann<\/p>\t\t\t\t\t\t\t\t<\/div>\n\t\t\t\t<\/div>\n\t\t\t\t<\/div>\n\t\t\t\t<\/div>\n\t\t","protected":false},"excerpt":{"rendered":"<p>LUKSUSLIK SAUNAELAMUS VAATA L\u00c4HEMALT KODA Compact saunaga luksusmudel on mugav ja hubane leiliruumi ja puhkeruumiga mikromaja, mis sobib nii suurema elumaja taga-aeda, rendivillade juurde kui spaateenuste pakkumiseks hotellide ja golfi-, ratsa- v\u00f5i muude spordiklubide juures ning jahisadamates. Kuna Eesti on pikkade traditsioonidega saunalembene riik, tundus saunaga KODA lisamine meie majade valikusse lausa iseenesestm\u00f5istetav \u2013 nii [&hellip;]<\/p>\n","protected":false},"author":1,"featured_media":11732,"parent":0,"menu_order":2,"comment_status":"closed","ping_status":"closed","template":"","meta":{"_acf_changed":false,"footnotes":""},"class_list":["post-8576","page","type-page","status-publish","has-post-thumbnail","hentry"],"acf":[],"yoast_head":"<!-- This site is optimized with the Yoast SEO plugin v26.1.1 - https:\/\/yoast.com\/wordpress\/plugins\/seo\/ -->\n<title>KODA Compact Luxury Sauna | KODA by Kodasema<\/title>\n<meta name=\"description\" content=\"KODA Compact saunaga luksusmudel on mugav ja hubane leiliruumi ja puhkeruumiga mikromaja, mis sobib nii suurema elumaja taga-aeda, rendivillade juurde kui spaateenuste pakkumiseks hotellide juures ning jahisadamates.\u00a0\" \/>\n<meta name=\"robots\" content=\"index, follow, max-snippet:-1, max-image-preview:large, max-video-preview:-1\" \/>\n<link rel=\"canonical\" href=\"https:\/\/kodasema.com\/et\/koda-compact-luxury-sauna\/\" \/>\n<meta property=\"og:locale\" content=\"et_EE\" \/>\n<meta property=\"og:type\" content=\"article\" \/>\n<meta property=\"og:title\" content=\"KODA Compact Luxury Sauna | KODA by Kodasema\" \/>\n<meta property=\"og:description\" content=\"KODA Compact saunaga luksusmudel on mugav ja hubane leiliruumi ja puhkeruumiga mikromaja, mis sobib nii suurema elumaja taga-aeda, rendivillade juurde kui spaateenuste pakkumiseks hotellide juures ning jahisadamates.\u00a0\" \/>\n<meta property=\"og:url\" content=\"https:\/\/kodasema.com\/et\/koda-compact-luxury-sauna\/\" \/>\n<meta property=\"og:site_name\" content=\"KODA\" \/>\n<meta property=\"article:publisher\" content=\"https:\/\/www.facebook.com\/kodabykodasema\/\" \/>\n<meta property=\"article:modified_time\" content=\"2025-08-22T11:54:35+00:00\" \/>\n<meta property=\"og:image\" content=\"https:\/\/kodasema.com\/wp-content\/uploads\/2024\/10\/Sauna.jpg\" \/>\n\t<meta property=\"og:image:width\" content=\"800\" \/>\n\t<meta property=\"og:image:height\" content=\"600\" \/>\n\t<meta property=\"og:image:type\" content=\"image\/jpeg\" \/>\n<meta name=\"twitter:card\" content=\"summary_large_image\" \/>\n<meta name=\"twitter:label1\" content=\"Est. reading time\" \/>\n\t<meta name=\"twitter:data1\" content=\"2 minutit\" \/>\n<script type=\"application\/ld+json\" class=\"yoast-schema-graph\">{\"@context\":\"https:\/\/schema.org\",\"@graph\":[{\"@type\":\"WebPage\",\"@id\":\"https:\/\/kodasema.com\/et\/koda-compact-luxury-sauna\/\",\"url\":\"https:\/\/kodasema.com\/et\/koda-compact-luxury-sauna\/\",\"name\":\"KODA Compact Luxury Sauna | KODA by Kodasema\",\"isPartOf\":{\"@id\":\"https:\/\/kodasema.com\/en\/#website\"},\"primaryImageOfPage\":{\"@id\":\"https:\/\/kodasema.com\/et\/koda-compact-luxury-sauna\/#primaryimage\"},\"image\":{\"@id\":\"https:\/\/kodasema.com\/et\/koda-compact-luxury-sauna\/#primaryimage\"},\"thumbnailUrl\":\"https:\/\/kodasema.com\/wp-content\/uploads\/2024\/10\/Sauna.jpg\",\"datePublished\":\"2024-09-26T14:42:43+00:00\",\"dateModified\":\"2025-08-22T11:54:35+00:00\",\"description\":\"KODA Compact saunaga luksusmudel on mugav ja hubane leiliruumi ja puhkeruumiga mikromaja, mis sobib nii suurema elumaja taga-aeda, rendivillade juurde kui spaateenuste pakkumiseks hotellide juures ning jahisadamates.\u00a0\",\"breadcrumb\":{\"@id\":\"https:\/\/kodasema.com\/et\/koda-compact-luxury-sauna\/#breadcrumb\"},\"inLanguage\":\"et\",\"potentialAction\":[{\"@type\":\"ReadAction\",\"target\":[\"https:\/\/kodasema.com\/et\/koda-compact-luxury-sauna\/\"]}]},{\"@type\":\"ImageObject\",\"inLanguage\":\"et\",\"@id\":\"https:\/\/kodasema.com\/et\/koda-compact-luxury-sauna\/#primaryimage\",\"url\":\"https:\/\/kodasema.com\/wp-content\/uploads\/2024\/10\/Sauna.jpg\",\"contentUrl\":\"https:\/\/kodasema.com\/wp-content\/uploads\/2024\/10\/Sauna.jpg\",\"width\":800,\"height\":600},{\"@type\":\"BreadcrumbList\",\"@id\":\"https:\/\/kodasema.com\/et\/koda-compact-luxury-sauna\/#breadcrumb\",\"itemListElement\":[{\"@type\":\"ListItem\",\"position\":1,\"name\":\"Home\",\"item\":\"https:\/\/kodasema.com\/et\/\"},{\"@type\":\"ListItem\",\"position\":2,\"name\":\"KODA Compact Luxury Sauna\"}]},{\"@type\":\"WebSite\",\"@id\":\"https:\/\/kodasema.com\/en\/#website\",\"url\":\"https:\/\/kodasema.com\/en\/\",\"name\":\"KODA\",\"description\":\"QUALITY AND DESIGN MEETS FLEXIBLE, INNOVATIVE SPACE\",\"publisher\":{\"@id\":\"https:\/\/kodasema.com\/en\/#organization\"},\"potentialAction\":[{\"@type\":\"SearchAction\",\"target\":{\"@type\":\"EntryPoint\",\"urlTemplate\":\"https:\/\/kodasema.com\/en\/?s={search_term_string}\"},\"query-input\":{\"@type\":\"PropertyValueSpecification\",\"valueRequired\":true,\"valueName\":\"search_term_string\"}}],\"inLanguage\":\"et\"},{\"@type\":\"Organization\",\"@id\":\"https:\/\/kodasema.com\/en\/#organization\",\"name\":\"KODA\",\"url\":\"https:\/\/kodasema.com\/en\/\",\"logo\":{\"@type\":\"ImageObject\",\"inLanguage\":\"et\",\"@id\":\"https:\/\/kodasema.com\/en\/#\/schema\/logo\/image\/\",\"url\":\"https:\/\/kodasema.com\/wp-content\/uploads\/2024\/09\/logo-dark.svg\",\"contentUrl\":\"https:\/\/kodasema.com\/wp-content\/uploads\/2024\/09\/logo-dark.svg\",\"width\":123,\"height\":34,\"caption\":\"KODA\"},\"image\":{\"@id\":\"https:\/\/kodasema.com\/en\/#\/schema\/logo\/image\/\"},\"sameAs\":[\"https:\/\/www.facebook.com\/kodabykodasema\/\"]}]}<\/script>\n<!-- \/ Yoast SEO plugin. -->","yoast_head_json":{"title":"KODA Compact Luxury Sauna | KODA by Kodasema","description":"KODA Compact saunaga luksusmudel on mugav ja hubane leiliruumi ja puhkeruumiga mikromaja, mis sobib nii suurema elumaja taga-aeda, rendivillade juurde kui spaateenuste pakkumiseks hotellide juures ning jahisadamates.\u00a0","robots":{"index":"index","follow":"follow","max-snippet":"max-snippet:-1","max-image-preview":"max-image-preview:large","max-video-preview":"max-video-preview:-1"},"canonical":"https:\/\/kodasema.com\/et\/koda-compact-luxury-sauna\/","og_locale":"et_EE","og_type":"article","og_title":"KODA Compact Luxury Sauna | KODA by Kodasema","og_description":"KODA Compact saunaga luksusmudel on mugav ja hubane leiliruumi ja puhkeruumiga mikromaja, mis sobib nii suurema elumaja taga-aeda, rendivillade juurde kui spaateenuste pakkumiseks hotellide juures ning jahisadamates.\u00a0","og_url":"https:\/\/kodasema.com\/et\/koda-compact-luxury-sauna\/","og_site_name":"KODA","article_publisher":"https:\/\/www.facebook.com\/kodabykodasema\/","article_modified_time":"2025-08-22T11:54:35+00:00","og_image":[{"width":800,"height":600,"url":"https:\/\/kodasema.com\/wp-content\/uploads\/2024\/10\/Sauna.jpg","type":"image\/jpeg"}],"twitter_card":"summary_large_image","twitter_misc":{"Est. reading time":"2 minutit"},"schema":{"@context":"https:\/\/schema.org","@graph":[{"@type":"WebPage","@id":"https:\/\/kodasema.com\/et\/koda-compact-luxury-sauna\/","url":"https:\/\/kodasema.com\/et\/koda-compact-luxury-sauna\/","name":"KODA Compact Luxury Sauna | KODA by Kodasema","isPartOf":{"@id":"https:\/\/kodasema.com\/en\/#website"},"primaryImageOfPage":{"@id":"https:\/\/kodasema.com\/et\/koda-compact-luxury-sauna\/#primaryimage"},"image":{"@id":"https:\/\/kodasema.com\/et\/koda-compact-luxury-sauna\/#primaryimage"},"thumbnailUrl":"https:\/\/kodasema.com\/wp-content\/uploads\/2024\/10\/Sauna.jpg","datePublished":"2024-09-26T14:42:43+00:00","dateModified":"2025-08-22T11:54:35+00:00","description":"KODA Compact saunaga luksusmudel on mugav ja hubane leiliruumi ja puhkeruumiga mikromaja, mis sobib nii suurema elumaja taga-aeda, rendivillade juurde kui spaateenuste pakkumiseks hotellide juures ning jahisadamates.\u00a0","breadcrumb":{"@id":"https:\/\/kodasema.com\/et\/koda-compact-luxury-sauna\/#breadcrumb"},"inLanguage":"et","potentialAction":[{"@type":"ReadAction","target":["https:\/\/kodasema.com\/et\/koda-compact-luxury-sauna\/"]}]},{"@type":"ImageObject","inLanguage":"et","@id":"https:\/\/kodasema.com\/et\/koda-compact-luxury-sauna\/#primaryimage","url":"https:\/\/kodasema.com\/wp-content\/uploads\/2024\/10\/Sauna.jpg","contentUrl":"https:\/\/kodasema.com\/wp-content\/uploads\/2024\/10\/Sauna.jpg","width":800,"height":600},{"@type":"BreadcrumbList","@id":"https:\/\/kodasema.com\/et\/koda-compact-luxury-sauna\/#breadcrumb","itemListElement":[{"@type":"ListItem","position":1,"name":"Home","item":"https:\/\/kodasema.com\/et\/"},{"@type":"ListItem","position":2,"name":"KODA Compact Luxury Sauna"}]},{"@type":"WebSite","@id":"https:\/\/kodasema.com\/en\/#website","url":"https:\/\/kodasema.com\/en\/","name":"KODA","description":"QUALITY AND DESIGN MEETS FLEXIBLE, INNOVATIVE SPACE","publisher":{"@id":"https:\/\/kodasema.com\/en\/#organization"},"potentialAction":[{"@type":"SearchAction","target":{"@type":"EntryPoint","urlTemplate":"https:\/\/kodasema.com\/en\/?s={search_term_string}"},"query-input":{"@type":"PropertyValueSpecification","valueRequired":true,"valueName":"search_term_string"}}],"inLanguage":"et"},{"@type":"Organization","@id":"https:\/\/kodasema.com\/en\/#organization","name":"KODA","url":"https:\/\/kodasema.com\/en\/","logo":{"@type":"ImageObject","inLanguage":"et","@id":"https:\/\/kodasema.com\/en\/#\/schema\/logo\/image\/","url":"https:\/\/kodasema.com\/wp-content\/uploads\/2024\/09\/logo-dark.svg","contentUrl":"https:\/\/kodasema.com\/wp-content\/uploads\/2024\/09\/logo-dark.svg","width":123,"height":34,"caption":"KODA"},"image":{"@id":"https:\/\/kodasema.com\/en\/#\/schema\/logo\/image\/"},"sameAs":["https:\/\/www.facebook.com\/kodabykodasema\/"]}]}},"_links":{"self":[{"href":"https:\/\/kodasema.com\/et\/wp-json\/wp\/v2\/pages\/8576","targetHints":{"allow":["GET"]}}],"collection":[{"href":"https:\/\/kodasema.com\/et\/wp-json\/wp\/v2\/pages"}],"about":[{"href":"https:\/\/kodasema.com\/et\/wp-json\/wp\/v2\/types\/page"}],"author":[{"embeddable":true,"href":"https:\/\/kodasema.com\/et\/wp-json\/wp\/v2\/users\/1"}],"replies":[{"embeddable":true,"href":"https:\/\/kodasema.com\/et\/wp-json\/wp\/v2\/comments?post=8576"}],"version-history":[{"count":0,"href":"https:\/\/kodasema.com\/et\/wp-json\/wp\/v2\/pages\/8576\/revisions"}],"wp:featuredmedia":[{"embeddable":true,"href":"https:\/\/kodasema.com\/et\/wp-json\/wp\/v2\/media\/11732"}],"wp:attachment":[{"href":"https:\/\/kodasema.com\/et\/wp-json\/wp\/v2\/media?parent=8576"}],"curies":[{"name":"wp","href":"https:\/\/api.w.org\/{rel}","templated":true}]}}