{"id":8691,"date":"2024-09-27T13:18:41","date_gmt":"2024-09-27T13:18:41","guid":{"rendered":"https:\/\/kodasema.com\/where-to-buy\/"},"modified":"2025-03-03T08:38:32","modified_gmt":"2025-03-03T08:38:32","slug":"wo-kaufen","status":"publish","type":"page","link":"https:\/\/kodasema.com\/de\/wo-kaufen\/","title":{"rendered":"WO KAUFEN"},"content":{"rendered":"\t\t<div data-elementor-type=\"wp-page\" data-elementor-id=\"8691\" class=\"elementor elementor-8691 elementor-940\" data-elementor-post-type=\"page\">\n\t\t\t\t<div class=\"elementor-element elementor-element-9f3d603 e-flex e-con-boxed e-con e-parent\" data-id=\"9f3d603\" data-element_type=\"container\">\n\t\t\t\t\t<div class=\"e-con-inner\">\n\t\t\t\t<div class=\"elementor-element elementor-element-f2e1590 elementor-widget elementor-widget-text-editor\" data-id=\"f2e1590\" data-element_type=\"widget\" data-widget_type=\"text-editor.default\">\n\t\t\t\t\t\t\t\t\t<h1>WO KAUFEN<\/h1>\t\t\t\t\t\t\t\t<\/div>\n\t\t\t\t\t<\/div>\n\t\t\t\t<\/div>\n\t\t<div class=\"elementor-element elementor-element-ddda0ee e-flex e-con-boxed e-con e-parent\" data-id=\"ddda0ee\" data-element_type=\"container\">\n\t\t\t\t\t<div class=\"e-con-inner\">\n\t\t<div class=\"elementor-element elementor-element-eceec97 e-con-full e-flex e-con e-child\" data-id=\"eceec97\" data-element_type=\"container\">\n\t\t\t\t<div class=\"elementor-element elementor-element-5558c2b elementor-widget elementor-widget-text-editor\" data-id=\"5558c2b\" data-element_type=\"widget\" data-widget_type=\"text-editor.default\">\n\t\t\t\t\t\t\t\t\t<div class=\"row\"><h6 class=\"left-black\">INTERNATIONALER VERTRIEB<\/h6><div class=\"row companies\"><div class=\"col-33\"><p><strong>Kodasema Hauptsitz<\/strong><br \/>J\u00e4rvekalda tee 33 <br \/>76912 Harkuj\u00e4rve <br \/>Tallinn, Estland<\/p><p>E-mail: <a href=\"mailto:sales@kodasema.com\" target=\"_blank\" rel=\"noopener\">sales@kodasema.com<\/a><br \/><a href=\"http:\/\/Tel: +372 6606692\" data-wplink-url-error=\"true\">Tel: +372 6606692 <\/a> <br \/>Web: <a href=\"https:\/\/kodasema.com\/de\/\" target=\"_blank\" rel=\"noopener\">www.kodasema.com<\/a><\/p><\/div><\/div><\/div>\t\t\t\t\t\t\t\t<\/div>\n\t\t\t\t<\/div>\n\t\t<div class=\"elementor-element elementor-element-84e4f80 e-con-full e-flex e-con e-child\" data-id=\"84e4f80\" data-element_type=\"container\">\n\t\t\t\t<div class=\"elementor-element elementor-element-1eff53e elementor-widget elementor-widget-text-editor\" data-id=\"1eff53e\" data-element_type=\"widget\" data-widget_type=\"text-editor.default\">\n\t\t\t\t\t\t\t\t\t<div class=\"col-33 demo-house\"><p><strong>Demoh\u00e4user in Estland<\/strong><\/p><\/div>\t\t\t\t\t\t\t\t<\/div>\n\t\t\t\t<div class=\"elementor-element elementor-element-bc6f22f elementor-position-left elementor-view-default elementor-mobile-position-top elementor-widget elementor-widget-icon-box\" data-id=\"bc6f22f\" data-element_type=\"widget\" data-widget_type=\"icon-box.default\">\n\t\t\t\t\t\t\t<div class=\"elementor-icon-box-wrapper\">\n\n\t\t\t\t\t\t<div class=\"elementor-icon-box-icon\">\n\t\t\t\t<a href=\"https:\/\/www.google.com\/maps\/place\/Kodasema+O%C3%9C+tehas\/@59.4129056,24.5971665,15z\/data=!4m15!1m8!3m7!1s0x469295d5a4df42b3:0x72c0aa22bee14a19!2sJ%C3%A4rvekalda+tee+33,+Harkuj%C3%A4rve,+76912+Harju+maakond!3b1!8m2!3d59.412723!4d24.5985623!16s%2Fg%2F11c5bwztbc!3m5!1s0x469295cdc9e6f3e5:0x97a6211bdbaa8982!8m2!3d59.4140319!4d24.5956878!16s%2Fg%2F11bwmls7h1?entry=ttu&#038;g_ep=EgoyMDI1MDExNC4wIKXMDSoASAFQAw%3D%3D\" target=\"_blank\" class=\"elementor-icon\" tabindex=\"-1\" aria-label=\"Auf Karte anzeigen\">\n\t\t\t\t<svg aria-hidden=\"true\" class=\"e-font-icon-svg e-fas-map-marker-alt\" viewBox=\"0 0 384 512\" xmlns=\"http:\/\/www.w3.org\/2000\/svg\"><path d=\"M172.268 501.67C26.97 291.031 0 269.413 0 192 0 85.961 85.961 0 192 0s192 85.961 192 192c0 77.413-26.97 99.031-172.268 309.67-9.535 13.774-29.93 13.773-39.464 0zM192 272c44.183 0 80-35.817 80-80s-35.817-80-80-80-80 35.817-80 80 35.817 80 80 80z\"><\/path><\/svg>\t\t\t\t<\/a>\n\t\t\t<\/div>\n\t\t\t\n\t\t\t\t\t\t<div class=\"elementor-icon-box-content\">\n\n\t\t\t\t\t\t\t\t\t<h3 class=\"elementor-icon-box-title\">\n\t\t\t\t\t\t<a href=\"https:\/\/www.google.com\/maps\/place\/Kodasema+O%C3%9C+tehas\/@59.4129056,24.5971665,15z\/data=!4m15!1m8!3m7!1s0x469295d5a4df42b3:0x72c0aa22bee14a19!2sJ%C3%A4rvekalda+tee+33,+Harkuj%C3%A4rve,+76912+Harju+maakond!3b1!8m2!3d59.412723!4d24.5985623!16s%2Fg%2F11c5bwztbc!3m5!1s0x469295cdc9e6f3e5:0x97a6211bdbaa8982!8m2!3d59.4140319!4d24.5956878!16s%2Fg%2F11bwmls7h1?entry=ttu&#038;g_ep=EgoyMDI1MDExNC4wIKXMDSoASAFQAw%3D%3D\" target=\"_blank\" >\n\t\t\t\t\t\t\tAuf Karte anzeigen\t\t\t\t\t\t<\/a>\n\t\t\t\t\t<\/h3>\n\t\t\t\t\n\t\t\t\t\n\t\t\t<\/div>\n\t\t\t\n\t\t<\/div>\n\t\t\t\t\t\t<\/div>\n\t\t\t\t<div class=\"elementor-element elementor-element-289b583 elementor-position-left elementor-view-default elementor-mobile-position-top elementor-widget elementor-widget-icon-box\" data-id=\"289b583\" data-element_type=\"widget\" data-widget_type=\"icon-box.default\">\n\t\t\t\t\t\t\t<div class=\"elementor-icon-box-wrapper\">\n\n\t\t\t\t\t\t<div class=\"elementor-icon-box-icon\">\n\t\t\t\t<a href=\"https:\/\/www.google.com\/maps\/place\/\/@59.4434939,24.7587624,17z\/data=!3m1!4b1?entry=ttu&#038;g_ep=EgoyMDI1MDExNC4wIKXMDSoASAFQAw%3D%3D\" target=\"_blank\" class=\"elementor-icon\" tabindex=\"-1\" aria-label=\"Auf Karte anzeigen\">\n\t\t\t\t<svg aria-hidden=\"true\" class=\"e-font-icon-svg e-fas-map-marker-alt\" viewBox=\"0 0 384 512\" xmlns=\"http:\/\/www.w3.org\/2000\/svg\"><path d=\"M172.268 501.67C26.97 291.031 0 269.413 0 192 0 85.961 85.961 0 192 0s192 85.961 192 192c0 77.413-26.97 99.031-172.268 309.67-9.535 13.774-29.93 13.773-39.464 0zM192 272c44.183 0 80-35.817 80-80s-35.817-80-80-80-80 35.817-80 80 35.817 80 80 80z\"><\/path><\/svg>\t\t\t\t<\/a>\n\t\t\t<\/div>\n\t\t\t\n\t\t\t\t\t\t<div class=\"elementor-icon-box-content\">\n\n\t\t\t\t\t\t\t\t\t<h3 class=\"elementor-icon-box-title\">\n\t\t\t\t\t\t<a href=\"https:\/\/www.google.com\/maps\/place\/\/@59.4434939,24.7587624,17z\/data=!3m1!4b1?entry=ttu&#038;g_ep=EgoyMDI1MDExNC4wIKXMDSoASAFQAw%3D%3D\" target=\"_blank\" >\n\t\t\t\t\t\t\tAuf Karte anzeigen\t\t\t\t\t\t<\/a>\n\t\t\t\t\t<\/h3>\n\t\t\t\t\n\t\t\t\t\n\t\t\t<\/div>\n\t\t\t\n\t\t<\/div>\n\t\t\t\t\t\t<\/div>\n\t\t\t\t<\/div>\n\t\t\t\t\t<\/div>\n\t\t\t\t<\/div>\n\t\t<div class=\"elementor-element elementor-element-c04ed7d e-flex e-con-boxed e-con e-parent\" data-id=\"c04ed7d\" data-element_type=\"container\">\n\t\t\t\t\t<div class=\"e-con-inner\">\n\t\t<div class=\"elementor-element elementor-element-59762a2 e-con-full e-flex e-con e-child\" data-id=\"59762a2\" data-element_type=\"container\">\n\t\t\t\t<div class=\"elementor-element elementor-element-275c7da elementor-widget elementor-widget-text-editor\" data-id=\"275c7da\" data-element_type=\"widget\" data-widget_type=\"text-editor.default\">\n\t\t\t\t\t\t\t\t\t<div class=\"col-33\"><h6 class=\"left-black\">Deutschland<\/h6><\/div>\t\t\t\t\t\t\t\t<\/div>\n\t\t\t\t<\/div>\n\t\t\t\t\t<\/div>\n\t\t\t\t<\/div>\n\t\t<div class=\"elementor-element elementor-element-f99790b e-flex e-con-boxed e-con e-parent\" data-id=\"f99790b\" data-element_type=\"container\">\n\t\t\t\t\t<div class=\"e-con-inner\">\n\t\t<div class=\"elementor-element elementor-element-f48bf80 e-con-full e-flex e-con e-child\" data-id=\"f48bf80\" data-element_type=\"container\">\n\t\t\t\t<div class=\"elementor-element elementor-element-d96e352 elementor-widget elementor-widget-text-editor\" data-id=\"d96e352\" data-element_type=\"widget\" data-widget_type=\"text-editor.default\">\n\t\t\t\t\t\t\t\t\t<div class=\"col-33\"><p><a href=\"https:\/\/www.cubus-k.de\/\" target=\"_blank\" rel=\"noopener\"><strong>CUBUS K <\/strong><\/a><\/p><p>Rolf Ziemdorf<br \/>Koselstr.42<br \/>60318 Frankfurt<br \/>Deutschland<\/p><p>E-mail: <a href=\"mailto:ziemdorf@cubus-k.de\">ziemdorf@cubus-k.de<\/a> <br \/>Tel: + 49 69 5979 3330 <br \/>Mobile: +49 1718216285<\/p><\/div>\t\t\t\t\t\t\t\t<\/div>\n\t\t\t\t<\/div>\n\t\t<div class=\"elementor-element elementor-element-fa31f85 e-con-full e-flex e-con e-child\" data-id=\"fa31f85\" data-element_type=\"container\">\n\t\t\t\t<div class=\"elementor-element elementor-element-80f461f elementor-widget elementor-widget-text-editor\" data-id=\"80f461f\" data-element_type=\"widget\" data-widget_type=\"text-editor.default\">\n\t\t\t\t\t\t\t\t\t<div class=\"col-33\"><p><strong><span class=\"\">KODA in S\u00fcddeutschland <\/span><\/strong><\/p><p><span class=\"\"><a href=\"https:\/\/www.willi-mayer.de\/\" target=\"_blank\" rel=\"noopener\">Willi Mayer Holzbau GmbH &amp; Co.KG<\/a> <\/span><\/p><p><span class=\"\">Ansprechpartner: <br \/><strong>Christoph Mayer<\/strong> <\/span><\/p><p><span class=\"\">Thanheimer Str. 40 <br \/><\/span><span class=\"\">D-72406 Bisingen<br \/>Deutschland<\/span><\/p><p>E-mail:\u00a0<a class=\"\" href=\"mailto:ch.mayer@willi-mayer.de\">ch.mayer@willi-mayer.de<\/a><span class=\"\"> <br \/>Tel: +49 7476 9400213<\/span><\/p><\/div>\t\t\t\t\t\t\t\t<\/div>\n\t\t\t\t<\/div>\n\t\t<div class=\"elementor-element elementor-element-d428450 e-con-full e-flex e-con e-child\" data-id=\"d428450\" data-element_type=\"container\">\n\t\t\t\t<div class=\"elementor-element elementor-element-71a0111 elementor-widget elementor-widget-text-editor\" data-id=\"71a0111\" data-element_type=\"widget\" data-widget_type=\"text-editor.default\">\n\t\t\t\t\t\t\t\t\t<div class=\"col-33\"><p class=\"p3\"><strong>KODA Schwarzwald<\/strong><\/p><p>Dipl.-Ing. Ralf Steinmetz<\/p><p>E-mail: <a href=\"mailto:Schwarzwald@kodasema.com\">Schwarzwald@kodasema.com<\/a><br \/>Tel: +49 7243 54 22 22<\/p><\/div>\t\t\t\t\t\t\t\t<\/div>\n\t\t\t\t<\/div>\n\t\t\t\t\t<\/div>\n\t\t\t\t<\/div>\n\t\t<div class=\"elementor-element elementor-element-363f822 e-flex e-con-boxed e-con e-parent\" data-id=\"363f822\" data-element_type=\"container\">\n\t\t\t\t\t<div class=\"e-con-inner\">\n\t\t<div class=\"elementor-element elementor-element-90a288e e-con-full e-flex e-con e-child\" data-id=\"90a288e\" data-element_type=\"container\">\n\t\t\t\t<div class=\"elementor-element elementor-element-67ef2de elementor-widget elementor-widget-text-editor\" data-id=\"67ef2de\" data-element_type=\"widget\" data-widget_type=\"text-editor.default\">\n\t\t\t\t\t\t\t\t\t<div class=\"col-33\"><h6 class=\"left-black\">\u00d6sterreich<\/h6><\/div>\t\t\t\t\t\t\t\t<\/div>\n\t\t\t\t<\/div>\n\t\t\t\t\t<\/div>\n\t\t\t\t<\/div>\n\t\t<div class=\"elementor-element elementor-element-fb12845 e-flex e-con-boxed e-con e-parent\" data-id=\"fb12845\" data-element_type=\"container\">\n\t\t\t\t\t<div class=\"e-con-inner\">\n\t\t<div class=\"elementor-element elementor-element-8a21ac0 e-con-full e-flex e-con e-child\" data-id=\"8a21ac0\" data-element_type=\"container\">\n\t\t\t\t<\/div>\n\t\t<div class=\"elementor-element elementor-element-25b62ac e-con-full e-flex e-con e-child\" data-id=\"25b62ac\" data-element_type=\"container\">\n\t\t\t\t<div class=\"elementor-element elementor-element-a3b3dcf elementor-widget elementor-widget-text-editor\" data-id=\"a3b3dcf\" data-element_type=\"widget\" data-widget_type=\"text-editor.default\">\n\t\t\t\t\t\t\t\t\t<div class=\"col-33 demo-house\"><p><strong>Demoh\u00e4user in \u00d6sterreich<\/strong><\/p><\/div>\t\t\t\t\t\t\t\t<\/div>\n\t\t\t\t<div class=\"elementor-element elementor-element-642d9a0 elementor-position-left elementor-view-default elementor-mobile-position-top elementor-widget elementor-widget-icon-box\" data-id=\"642d9a0\" data-element_type=\"widget\" data-widget_type=\"icon-box.default\">\n\t\t\t\t\t\t\t<div class=\"elementor-icon-box-wrapper\">\n\n\t\t\t\t\t\t<div class=\"elementor-icon-box-icon\">\n\t\t\t\t<a href=\"https:\/\/www.google.com\/maps\/place\/B%C3%A4umlestra%C3%9Fe+24,+6973+H%C3%B6chst,+Austria\/@47.4704193,9.6198224,18.6z\/data=!4m5!3m4!1s0x479b11056171310f:0xb640ca3e0cf1dcb8!8m2!3d47.4699405!4d9.6197042?shorturl=1\" target=\"_blank\" class=\"elementor-icon\" tabindex=\"-1\" aria-label=\"Auf Karte anzeigen\">\n\t\t\t\t<svg aria-hidden=\"true\" class=\"e-font-icon-svg e-fas-map-marker-alt\" viewBox=\"0 0 384 512\" xmlns=\"http:\/\/www.w3.org\/2000\/svg\"><path d=\"M172.268 501.67C26.97 291.031 0 269.413 0 192 0 85.961 85.961 0 192 0s192 85.961 192 192c0 77.413-26.97 99.031-172.268 309.67-9.535 13.774-29.93 13.773-39.464 0zM192 272c44.183 0 80-35.817 80-80s-35.817-80-80-80-80 35.817-80 80 35.817 80 80 80z\"><\/path><\/svg>\t\t\t\t<\/a>\n\t\t\t<\/div>\n\t\t\t\n\t\t\t\t\t\t<div class=\"elementor-icon-box-content\">\n\n\t\t\t\t\t\t\t\t\t<h3 class=\"elementor-icon-box-title\">\n\t\t\t\t\t\t<a href=\"https:\/\/www.google.com\/maps\/place\/B%C3%A4umlestra%C3%9Fe+24,+6973+H%C3%B6chst,+Austria\/@47.4704193,9.6198224,18.6z\/data=!4m5!3m4!1s0x479b11056171310f:0xb640ca3e0cf1dcb8!8m2!3d47.4699405!4d9.6197042?shorturl=1\" target=\"_blank\" >\n\t\t\t\t\t\t\tAuf Karte anzeigen\t\t\t\t\t\t<\/a>\n\t\t\t\t\t<\/h3>\n\t\t\t\t\n\t\t\t\t\n\t\t\t<\/div>\n\t\t\t\n\t\t<\/div>\n\t\t\t\t\t\t<\/div>\n\t\t\t\t<\/div>\n\t\t<div class=\"elementor-element elementor-element-1722d68 e-con-full e-flex e-con e-child\" data-id=\"1722d68\" data-element_type=\"container\">\n\t\t\t\t<\/div>\n\t\t\t\t\t<\/div>\n\t\t\t\t<\/div>\n\t\t<div class=\"elementor-element elementor-element-3899627 e-flex e-con-boxed e-con e-parent\" data-id=\"3899627\" data-element_type=\"container\">\n\t\t\t\t\t<div class=\"e-con-inner\">\n\t\t<div class=\"elementor-element elementor-element-f2f6dc1 e-con-full e-flex e-con e-child\" data-id=\"f2f6dc1\" data-element_type=\"container\">\n\t\t\t\t<div class=\"elementor-element elementor-element-792f315 elementor-widget elementor-widget-text-editor\" data-id=\"792f315\" data-element_type=\"widget\" data-widget_type=\"text-editor.default\">\n\t\t\t\t\t\t\t\t\t<div class=\"col-33\"><h6 class=\"left-black\">Die Schweiz<\/h6><\/div>\t\t\t\t\t\t\t\t<\/div>\n\t\t\t\t<\/div>\n\t\t\t\t\t<\/div>\n\t\t\t\t<\/div>\n\t\t<div class=\"elementor-element elementor-element-ee8e3a2 e-flex e-con-boxed e-con e-parent\" data-id=\"ee8e3a2\" data-element_type=\"container\">\n\t\t\t\t\t<div class=\"e-con-inner\">\n\t\t<div class=\"elementor-element elementor-element-0a4aa47 e-con-full e-flex e-con e-child\" data-id=\"0a4aa47\" data-element_type=\"container\">\n\t\t\t\t<div class=\"elementor-element elementor-element-f137dcb elementor-widget elementor-widget-text-editor\" data-id=\"f137dcb\" data-element_type=\"widget\" data-widget_type=\"text-editor.default\">\n\t\t\t\t\t\t\t\t\t<div class=\"col-33\"><a href=\"mailto:sales@kodasema.com\">sales@kodasema.com<\/a><\/div>\t\t\t\t\t\t\t\t<\/div>\n\t\t\t\t<\/div>\n\t\t<div class=\"elementor-element elementor-element-2cba605 e-con-full e-flex e-con e-child\" data-id=\"2cba605\" data-element_type=\"container\">\n\t\t\t\t<\/div>\n\t\t\t\t\t<\/div>\n\t\t\t\t<\/div>\n\t\t\t\t<\/div>\n\t\t","protected":false},"excerpt":{"rendered":"<p>WO KAUFEN INTERNATIONALER VERTRIEB Kodasema HauptsitzJ\u00e4rvekalda tee 33 76912 Harkuj\u00e4rve Tallinn, Estland E-mail: sales@kodasema.comTel: +372 6606692 Web: www.kodasema.com Demoh\u00e4user in Estland Auf Karte anzeigen Auf Karte anzeigen Deutschland CUBUS K Rolf ZiemdorfKoselstr.4260318 FrankfurtDeutschland E-mail: ziemdorf@cubus-k.de Tel: + 49 69 5979 3330 Mobile: +49 1718216285 KODA in S\u00fcddeutschland Willi Mayer Holzbau GmbH &amp; Co.KG Ansprechpartner: Christoph [&hellip;]<\/p>\n","protected":false},"author":1,"featured_media":11786,"parent":0,"menu_order":2,"comment_status":"closed","ping_status":"closed","template":"","meta":{"_acf_changed":false,"footnotes":""},"class_list":["post-8691","page","type-page","status-publish","has-post-thumbnail","hentry"],"acf":[],"yoast_head":"<!-- This site is optimized with the Yoast SEO plugin v26.1.1 - https:\/\/yoast.com\/wordpress\/plugins\/seo\/ -->\n<title>Wo kaufen | KODA by Kodasema<\/title>\n<meta name=\"description\" content=\"Kodasema hat Vertriebs- und Netzwerkpartner in mehr als 10 L\u00e4ndern auf der ganzen Welt, aber Sie k\u00f6nnen Ihr KODA auch direkt bei uns bestellen, unabh\u00e4ngig davon, wo Sie wohnen!\" \/>\n<meta name=\"robots\" content=\"index, follow, max-snippet:-1, max-image-preview:large, max-video-preview:-1\" \/>\n<link rel=\"canonical\" href=\"https:\/\/kodasema.com\/de\/wo-kaufen\/\" \/>\n<meta property=\"og:locale\" content=\"de_DE\" \/>\n<meta property=\"og:type\" content=\"article\" \/>\n<meta property=\"og:title\" content=\"Wo kaufen | KODA by Kodasema\" \/>\n<meta property=\"og:description\" content=\"Kodasema hat Vertriebs- und Netzwerkpartner in mehr als 10 L\u00e4ndern auf der ganzen Welt, aber Sie k\u00f6nnen Ihr KODA auch direkt bei uns bestellen, unabh\u00e4ngig davon, wo Sie wohnen!\" \/>\n<meta property=\"og:url\" content=\"https:\/\/kodasema.com\/de\/wo-kaufen\/\" \/>\n<meta property=\"og:site_name\" content=\"KODA\" \/>\n<meta property=\"article:publisher\" content=\"https:\/\/www.facebook.com\/kodabykodasema\/\" \/>\n<meta property=\"article:modified_time\" content=\"2025-03-03T08:38:32+00:00\" \/>\n<meta property=\"og:image\" content=\"https:\/\/kodasema.com\/wp-content\/uploads\/2024\/10\/KODA-village-with-bicycle_photo-by-Annika-Haas.jpg\" \/>\n\t<meta property=\"og:image:width\" content=\"1280\" \/>\n\t<meta property=\"og:image:height\" content=\"853\" \/>\n\t<meta property=\"og:image:type\" content=\"image\/jpeg\" \/>\n<meta name=\"twitter:card\" content=\"summary_large_image\" \/>\n<meta name=\"twitter:label1\" content=\"Gesch\u00e4tzte Lesezeit\" \/>\n\t<meta name=\"twitter:data1\" content=\"1\u00a0Minute\" \/>\n<script type=\"application\/ld+json\" class=\"yoast-schema-graph\">{\"@context\":\"https:\/\/schema.org\",\"@graph\":[{\"@type\":\"WebPage\",\"@id\":\"https:\/\/kodasema.com\/de\/wo-kaufen\/\",\"url\":\"https:\/\/kodasema.com\/de\/wo-kaufen\/\",\"name\":\"Wo kaufen | KODA by Kodasema\",\"isPartOf\":{\"@id\":\"https:\/\/kodasema.com\/en\/#website\"},\"primaryImageOfPage\":{\"@id\":\"https:\/\/kodasema.com\/de\/wo-kaufen\/#primaryimage\"},\"image\":{\"@id\":\"https:\/\/kodasema.com\/de\/wo-kaufen\/#primaryimage\"},\"thumbnailUrl\":\"https:\/\/kodasema.com\/wp-content\/uploads\/2024\/10\/KODA-village-with-bicycle_photo-by-Annika-Haas.jpg\",\"datePublished\":\"2024-09-27T13:18:41+00:00\",\"dateModified\":\"2025-03-03T08:38:32+00:00\",\"description\":\"Kodasema hat Vertriebs- und Netzwerkpartner in mehr als 10 L\u00e4ndern auf der ganzen Welt, aber Sie k\u00f6nnen Ihr KODA auch direkt bei uns bestellen, unabh\u00e4ngig davon, wo Sie wohnen!\",\"breadcrumb\":{\"@id\":\"https:\/\/kodasema.com\/de\/wo-kaufen\/#breadcrumb\"},\"inLanguage\":\"de\",\"potentialAction\":[{\"@type\":\"ReadAction\",\"target\":[\"https:\/\/kodasema.com\/de\/wo-kaufen\/\"]}]},{\"@type\":\"ImageObject\",\"inLanguage\":\"de\",\"@id\":\"https:\/\/kodasema.com\/de\/wo-kaufen\/#primaryimage\",\"url\":\"https:\/\/kodasema.com\/wp-content\/uploads\/2024\/10\/KODA-village-with-bicycle_photo-by-Annika-Haas.jpg\",\"contentUrl\":\"https:\/\/kodasema.com\/wp-content\/uploads\/2024\/10\/KODA-village-with-bicycle_photo-by-Annika-Haas.jpg\",\"width\":1280,\"height\":853},{\"@type\":\"BreadcrumbList\",\"@id\":\"https:\/\/kodasema.com\/de\/wo-kaufen\/#breadcrumb\",\"itemListElement\":[{\"@type\":\"ListItem\",\"position\":1,\"name\":\"Home\",\"item\":\"https:\/\/kodasema.com\/de\/\"},{\"@type\":\"ListItem\",\"position\":2,\"name\":\"WO KAUFEN\"}]},{\"@type\":\"WebSite\",\"@id\":\"https:\/\/kodasema.com\/en\/#website\",\"url\":\"https:\/\/kodasema.com\/en\/\",\"name\":\"KODA\",\"description\":\"QUALITY AND DESIGN MEETS FLEXIBLE, INNOVATIVE SPACE\",\"publisher\":{\"@id\":\"https:\/\/kodasema.com\/en\/#organization\"},\"potentialAction\":[{\"@type\":\"SearchAction\",\"target\":{\"@type\":\"EntryPoint\",\"urlTemplate\":\"https:\/\/kodasema.com\/en\/?s={search_term_string}\"},\"query-input\":{\"@type\":\"PropertyValueSpecification\",\"valueRequired\":true,\"valueName\":\"search_term_string\"}}],\"inLanguage\":\"de\"},{\"@type\":\"Organization\",\"@id\":\"https:\/\/kodasema.com\/en\/#organization\",\"name\":\"KODA\",\"url\":\"https:\/\/kodasema.com\/en\/\",\"logo\":{\"@type\":\"ImageObject\",\"inLanguage\":\"de\",\"@id\":\"https:\/\/kodasema.com\/en\/#\/schema\/logo\/image\/\",\"url\":\"https:\/\/kodasema.com\/wp-content\/uploads\/2024\/09\/logo-dark.svg\",\"contentUrl\":\"https:\/\/kodasema.com\/wp-content\/uploads\/2024\/09\/logo-dark.svg\",\"width\":123,\"height\":34,\"caption\":\"KODA\"},\"image\":{\"@id\":\"https:\/\/kodasema.com\/en\/#\/schema\/logo\/image\/\"},\"sameAs\":[\"https:\/\/www.facebook.com\/kodabykodasema\/\"]}]}<\/script>\n<!-- \/ Yoast SEO plugin. -->","yoast_head_json":{"title":"Wo kaufen | KODA by Kodasema","description":"Kodasema hat Vertriebs- und Netzwerkpartner in mehr als 10 L\u00e4ndern auf der ganzen Welt, aber Sie k\u00f6nnen Ihr KODA auch direkt bei uns bestellen, unabh\u00e4ngig davon, wo Sie wohnen!","robots":{"index":"index","follow":"follow","max-snippet":"max-snippet:-1","max-image-preview":"max-image-preview:large","max-video-preview":"max-video-preview:-1"},"canonical":"https:\/\/kodasema.com\/de\/wo-kaufen\/","og_locale":"de_DE","og_type":"article","og_title":"Wo kaufen | KODA by Kodasema","og_description":"Kodasema hat Vertriebs- und Netzwerkpartner in mehr als 10 L\u00e4ndern auf der ganzen Welt, aber Sie k\u00f6nnen Ihr KODA auch direkt bei uns bestellen, unabh\u00e4ngig davon, wo Sie wohnen!","og_url":"https:\/\/kodasema.com\/de\/wo-kaufen\/","og_site_name":"KODA","article_publisher":"https:\/\/www.facebook.com\/kodabykodasema\/","article_modified_time":"2025-03-03T08:38:32+00:00","og_image":[{"width":1280,"height":853,"url":"https:\/\/kodasema.com\/wp-content\/uploads\/2024\/10\/KODA-village-with-bicycle_photo-by-Annika-Haas.jpg","type":"image\/jpeg"}],"twitter_card":"summary_large_image","twitter_misc":{"Gesch\u00e4tzte Lesezeit":"1\u00a0Minute"},"schema":{"@context":"https:\/\/schema.org","@graph":[{"@type":"WebPage","@id":"https:\/\/kodasema.com\/de\/wo-kaufen\/","url":"https:\/\/kodasema.com\/de\/wo-kaufen\/","name":"Wo kaufen | KODA by Kodasema","isPartOf":{"@id":"https:\/\/kodasema.com\/en\/#website"},"primaryImageOfPage":{"@id":"https:\/\/kodasema.com\/de\/wo-kaufen\/#primaryimage"},"image":{"@id":"https:\/\/kodasema.com\/de\/wo-kaufen\/#primaryimage"},"thumbnailUrl":"https:\/\/kodasema.com\/wp-content\/uploads\/2024\/10\/KODA-village-with-bicycle_photo-by-Annika-Haas.jpg","datePublished":"2024-09-27T13:18:41+00:00","dateModified":"2025-03-03T08:38:32+00:00","description":"Kodasema hat Vertriebs- und Netzwerkpartner in mehr als 10 L\u00e4ndern auf der ganzen Welt, aber Sie k\u00f6nnen Ihr KODA auch direkt bei uns bestellen, unabh\u00e4ngig davon, wo Sie wohnen!","breadcrumb":{"@id":"https:\/\/kodasema.com\/de\/wo-kaufen\/#breadcrumb"},"inLanguage":"de","potentialAction":[{"@type":"ReadAction","target":["https:\/\/kodasema.com\/de\/wo-kaufen\/"]}]},{"@type":"ImageObject","inLanguage":"de","@id":"https:\/\/kodasema.com\/de\/wo-kaufen\/#primaryimage","url":"https:\/\/kodasema.com\/wp-content\/uploads\/2024\/10\/KODA-village-with-bicycle_photo-by-Annika-Haas.jpg","contentUrl":"https:\/\/kodasema.com\/wp-content\/uploads\/2024\/10\/KODA-village-with-bicycle_photo-by-Annika-Haas.jpg","width":1280,"height":853},{"@type":"BreadcrumbList","@id":"https:\/\/kodasema.com\/de\/wo-kaufen\/#breadcrumb","itemListElement":[{"@type":"ListItem","position":1,"name":"Home","item":"https:\/\/kodasema.com\/de\/"},{"@type":"ListItem","position":2,"name":"WO KAUFEN"}]},{"@type":"WebSite","@id":"https:\/\/kodasema.com\/en\/#website","url":"https:\/\/kodasema.com\/en\/","name":"KODA","description":"QUALITY AND DESIGN MEETS FLEXIBLE, INNOVATIVE SPACE","publisher":{"@id":"https:\/\/kodasema.com\/en\/#organization"},"potentialAction":[{"@type":"SearchAction","target":{"@type":"EntryPoint","urlTemplate":"https:\/\/kodasema.com\/en\/?s={search_term_string}"},"query-input":{"@type":"PropertyValueSpecification","valueRequired":true,"valueName":"search_term_string"}}],"inLanguage":"de"},{"@type":"Organization","@id":"https:\/\/kodasema.com\/en\/#organization","name":"KODA","url":"https:\/\/kodasema.com\/en\/","logo":{"@type":"ImageObject","inLanguage":"de","@id":"https:\/\/kodasema.com\/en\/#\/schema\/logo\/image\/","url":"https:\/\/kodasema.com\/wp-content\/uploads\/2024\/09\/logo-dark.svg","contentUrl":"https:\/\/kodasema.com\/wp-content\/uploads\/2024\/09\/logo-dark.svg","width":123,"height":34,"caption":"KODA"},"image":{"@id":"https:\/\/kodasema.com\/en\/#\/schema\/logo\/image\/"},"sameAs":["https:\/\/www.facebook.com\/kodabykodasema\/"]}]}},"_links":{"self":[{"href":"https:\/\/kodasema.com\/de\/wp-json\/wp\/v2\/pages\/8691","targetHints":{"allow":["GET"]}}],"collection":[{"href":"https:\/\/kodasema.com\/de\/wp-json\/wp\/v2\/pages"}],"about":[{"href":"https:\/\/kodasema.com\/de\/wp-json\/wp\/v2\/types\/page"}],"author":[{"embeddable":true,"href":"https:\/\/kodasema.com\/de\/wp-json\/wp\/v2\/users\/1"}],"replies":[{"embeddable":true,"href":"https:\/\/kodasema.com\/de\/wp-json\/wp\/v2\/comments?post=8691"}],"version-history":[{"count":0,"href":"https:\/\/kodasema.com\/de\/wp-json\/wp\/v2\/pages\/8691\/revisions"}],"wp:featuredmedia":[{"embeddable":true,"href":"https:\/\/kodasema.com\/de\/wp-json\/wp\/v2\/media\/11786"}],"wp:attachment":[{"href":"https:\/\/kodasema.com\/de\/wp-json\/wp\/v2\/media?parent=8691"}],"curies":[{"name":"wp","href":"https:\/\/api.w.org\/{rel}","templated":true}]}}