{"id":8653,"date":"2024-09-26T14:26:33","date_gmt":"2024-09-26T14:26:33","guid":{"rendered":"https:\/\/kodasema.com\/koda-compact\/"},"modified":"2025-10-06T17:41:59","modified_gmt":"2025-10-06T17:41:59","slug":"koda-compact","status":"publish","type":"page","link":"https:\/\/kodasema.com\/de\/koda-compact\/","title":{"rendered":"KODA Compact"},"content":{"rendered":"\t\t<div data-elementor-type=\"wp-page\" data-elementor-id=\"8653\" class=\"elementor elementor-8653 elementor-741\" data-elementor-post-type=\"page\">\n\t\t\t\t<div class=\"elementor-element elementor-element-40c0fe3a head-image e-flex e-con-boxed e-con e-parent\" data-id=\"40c0fe3a\" data-element_type=\"container\" data-settings=\"{&quot;background_background&quot;:&quot;classic&quot;}\">\n\t\t\t\t\t<div class=\"e-con-inner\">\n\t\t\t\t<div class=\"elementor-element elementor-element-5bfcfce7 elementor-widget elementor-widget-text-editor\" data-id=\"5bfcfce7\" data-element_type=\"widget\" data-widget_type=\"text-editor.default\">\n\t\t\t\t\t\t\t\t\tKODA Compact\t\t\t\t\t\t\t\t<\/div>\n\t\t\t\t<div class=\"elementor-element elementor-element-761daa32 elementor-widget elementor-widget-text-editor\" data-id=\"761daa32\" data-element_type=\"widget\" data-widget_type=\"text-editor.default\">\n\t\t\t\t\t\t\t\t\t<p style=\"text-align: center;\">DIES SIND DIE NIEDRIGEREN VARIANTEN DER HOLZRAHMEN-KODA-LOFT-SERIE<\/p>\t\t\t\t\t\t\t\t<\/div>\n\t\t<div class=\"elementor-element elementor-element-20a3426 e-grid e-con-boxed e-con e-child\" data-id=\"20a3426\" data-element_type=\"container\">\n\t\t\t\t\t<div class=\"e-con-inner\">\n\t\t\t\t<div class=\"elementor-element elementor-element-8703d6f elementor-align-center elementor-mobile-align-center elementor-widget elementor-widget-button\" data-id=\"8703d6f\" data-element_type=\"widget\" data-widget_type=\"button.default\">\n\t\t\t\t\t\t\t\t\t\t<a class=\"elementor-button elementor-button-link elementor-size-sm\" href=\"#extend\">\n\t\t\t\t\t\t<span class=\"elementor-button-content-wrapper\">\n\t\t\t\t\t\t\t\t\t<span class=\"elementor-button-text\">ERFAHREN SIE MEHR<\/span>\n\t\t\t\t\t<\/span>\n\t\t\t\t\t<\/a>\n\t\t\t\t\t\t\t\t<\/div>\n\t\t\t\t\t<\/div>\n\t\t\t\t<\/div>\n\t\t\t\t\t<\/div>\n\t\t\t\t<\/div>\n\t\t<div class=\"elementor-element elementor-element-28f1b82b e-con-full e-flex e-con e-parent\" data-id=\"28f1b82b\" data-element_type=\"container\">\n\t\t\t\t<div class=\"elementor-element elementor-element-4cbd5f08 elementor-widget elementor-widget-menu-anchor\" data-id=\"4cbd5f08\" data-element_type=\"widget\" data-widget_type=\"menu-anchor.default\">\n\t\t\t\t\t\t\t<div class=\"elementor-menu-anchor\" id=\"extend\"><\/div>\n\t\t\t\t\t\t<\/div>\n\t\t\t\t<div class=\"elementor-element elementor-element-1c9be6b0 elementor-widget elementor-widget-text-editor\" data-id=\"1c9be6b0\" data-element_type=\"widget\" data-widget_type=\"text-editor.default\">\n\t\t\t\t\t\t\t\t\t<p>KODA Compact zeigt, wie Micro Wohn-L\u00f6sungen das sch\u00f6nste Design f\u00fcr mehr Menschen zug\u00e4nglich machen k\u00f6nnen.<\/p>\t\t\t\t\t\t\t\t<\/div>\n\t\t\t\t<\/div>\n\t\t<div class=\"elementor-element elementor-element-1c6e31ee e-con-full e-flex e-con e-parent\" data-id=\"1c6e31ee\" data-element_type=\"container\">\n\t\t<div class=\"elementor-element elementor-element-2d3528e1 e-con-full e-flex e-con e-child\" data-id=\"2d3528e1\" data-element_type=\"container\">\n\t\t\t\t<div class=\"elementor-element elementor-element-38ed5f02 elementor-widget elementor-widget-text-editor\" data-id=\"38ed5f02\" data-element_type=\"widget\" data-widget_type=\"text-editor.default\">\n\t\t\t\t\t\t\t\t\t<h2>KODA Compact modelle<\/h2><p>KODA Compact bietet Komfort mit einem geringeren \u00f6kologischen Fu\u00dfabdruck, geringeren Transportkosten und vor allem echter Flexibilit\u00e4t \u2013 wenn Sie weiter ziehen wollen nehmen Sie Ihr KODA mit! Die Compact-Modelle verf\u00fcgen \u00fcber eine hochwertige Ausstattung mit viel Liebe zum Detail, so wie die urspr\u00fcnglichen KODA Loft-Modelle.<\/p>\t\t\t\t\t\t\t\t<\/div>\n\t\t<div class=\"elementor-element elementor-element-d4483dd e-con-full e-flex e-con e-child\" data-id=\"d4483dd\" data-element_type=\"container\">\n\t\t\t\t<div class=\"elementor-element elementor-element-776c874 elementor-align-left elementor-widget elementor-widget-button\" data-id=\"776c874\" data-element_type=\"widget\" data-widget_type=\"button.default\">\n\t\t\t\t\t\t\t\t\t\t<a class=\"elementor-button elementor-button-link elementor-size-sm\" href=\"https:\/\/kodasema.com\/de\/kontakt\/\">\n\t\t\t\t\t\t<span class=\"elementor-button-content-wrapper\">\n\t\t\t\t\t\t\t\t\t<span class=\"elementor-button-text\">Preise ab \u20ac71,900<\/span>\n\t\t\t\t\t<\/span>\n\t\t\t\t\t<\/a>\n\t\t\t\t\t\t\t\t<\/div>\n\t\t\t\t<\/div>\n\t\t\t\t<div class=\"elementor-element elementor-element-37b624b elementor-widget elementor-widget-text-editor\" data-id=\"37b624b\" data-element_type=\"widget\" data-widget_type=\"text-editor.default\">\n\t\t\t\t\t\t\t\t\t<p><a href=\"http:\/\/eepurl.com\/ja8otc\" target=\"_blank\" rel=\"noopener\"><span style=\"color: #ff9900;\"><strong>Erhalten Sie Ihr individuelles KODA Compact Angebot -&gt;&gt;&gt;<\/strong><\/span><\/a><\/p><p><a href=\"http:\/\/eepurl.com\/ja8xq6\" target=\"_blank\" rel=\"noopener\"><strong><span style=\"color: #ff9900;\">Erhalten Sie Ihr individuelles KODA Compact Extended Angebot -&gt;&gt;&gt;<\/span><\/strong><\/a><\/p>\t\t\t\t\t\t\t\t<\/div>\n\t\t\t\t<div class=\"elementor-element elementor-element-d43e520 elementor-icon-list--layout-traditional elementor-list-item-link-full_width elementor-widget elementor-widget-icon-list\" data-id=\"d43e520\" data-element_type=\"widget\" data-widget_type=\"icon-list.default\">\n\t\t\t\t\t\t\t<ul class=\"elementor-icon-list-items\">\n\t\t\t\t\t\t\t<li class=\"elementor-icon-list-item\">\n\t\t\t\t\t\t\t\t\t\t\t<a href=\"https:\/\/kodasema.com\/wp-content\/uploads\/2024\/09\/220719_KODA_Loft_Compact_factsheet.pdf\" target=\"_blank\">\n\n\t\t\t\t\t\t\t\t\t\t\t\t<span class=\"elementor-icon-list-icon\">\n\t\t\t\t\t\t\t<svg aria-hidden=\"true\" class=\"e-font-icon-svg e-far-file-pdf\" viewBox=\"0 0 384 512\" xmlns=\"http:\/\/www.w3.org\/2000\/svg\"><path d=\"M369.9 97.9L286 14C277 5 264.8-.1 252.1-.1H48C21.5 0 0 21.5 0 48v416c0 26.5 21.5 48 48 48h288c26.5 0 48-21.5 48-48V131.9c0-12.7-5.1-25-14.1-34zM332.1 128H256V51.9l76.1 76.1zM48 464V48h160v104c0 13.3 10.7 24 24 24h104v288H48zm250.2-143.7c-12.2-12-47-8.7-64.4-6.5-17.2-10.5-28.7-25-36.8-46.3 3.9-16.1 10.1-40.6 5.4-56-4.2-26.2-37.8-23.6-42.6-5.9-4.4 16.1-.4 38.5 7 67.1-10 23.9-24.9 56-35.4 74.4-20 10.3-47 26.2-51 46.2-3.3 15.8 26 55.2 76.1-31.2 22.4-7.4 46.8-16.5 68.4-20.1 18.9 10.2 41 17 55.8 17 25.5 0 28-28.2 17.5-38.7zm-198.1 77.8c5.1-13.7 24.5-29.5 30.4-35-19 30.3-30.4 35.7-30.4 35zm81.6-190.6c7.4 0 6.7 32.1 1.8 40.8-4.4-13.9-4.3-40.8-1.8-40.8zm-24.4 136.6c9.7-16.9 18-37 24.7-54.7 8.3 15.1 18.9 27.2 30.1 35.5-20.8 4.3-38.9 13.1-54.8 19.2zm131.6-5s-5 6-37.3-7.8c35.1-2.6 40.9 5.4 37.3 7.8z\"><\/path><\/svg>\t\t\t\t\t\t<\/span>\n\t\t\t\t\t\t\t\t\t\t<span class=\"elementor-icon-list-text\">KODA Compact und Loft fact sheet\/PDF<\/span>\n\t\t\t\t\t\t\t\t\t\t\t<\/a>\n\t\t\t\t\t\t\t\t\t<\/li>\n\t\t\t\t\t\t<\/ul>\n\t\t\t\t\t\t<\/div>\n\t\t\t\t<div class=\"elementor-element elementor-element-1d01e1f elementor-icon-list--layout-traditional elementor-list-item-link-full_width elementor-widget elementor-widget-icon-list\" data-id=\"1d01e1f\" data-element_type=\"widget\" data-widget_type=\"icon-list.default\">\n\t\t\t\t\t\t\t<ul class=\"elementor-icon-list-items\">\n\t\t\t\t\t\t\t<li class=\"elementor-icon-list-item\">\n\t\t\t\t\t\t\t\t\t\t\t<a href=\"https:\/\/kodasema.com\/wp-content\/uploads\/2024\/09\/230528_Compact_Extended_factsheet.pdf\" target=\"_blank\">\n\n\t\t\t\t\t\t\t\t\t\t\t\t<span class=\"elementor-icon-list-icon\">\n\t\t\t\t\t\t\t<svg aria-hidden=\"true\" class=\"e-font-icon-svg e-far-file-pdf\" viewBox=\"0 0 384 512\" xmlns=\"http:\/\/www.w3.org\/2000\/svg\"><path d=\"M369.9 97.9L286 14C277 5 264.8-.1 252.1-.1H48C21.5 0 0 21.5 0 48v416c0 26.5 21.5 48 48 48h288c26.5 0 48-21.5 48-48V131.9c0-12.7-5.1-25-14.1-34zM332.1 128H256V51.9l76.1 76.1zM48 464V48h160v104c0 13.3 10.7 24 24 24h104v288H48zm250.2-143.7c-12.2-12-47-8.7-64.4-6.5-17.2-10.5-28.7-25-36.8-46.3 3.9-16.1 10.1-40.6 5.4-56-4.2-26.2-37.8-23.6-42.6-5.9-4.4 16.1-.4 38.5 7 67.1-10 23.9-24.9 56-35.4 74.4-20 10.3-47 26.2-51 46.2-3.3 15.8 26 55.2 76.1-31.2 22.4-7.4 46.8-16.5 68.4-20.1 18.9 10.2 41 17 55.8 17 25.5 0 28-28.2 17.5-38.7zm-198.1 77.8c5.1-13.7 24.5-29.5 30.4-35-19 30.3-30.4 35.7-30.4 35zm81.6-190.6c7.4 0 6.7 32.1 1.8 40.8-4.4-13.9-4.3-40.8-1.8-40.8zm-24.4 136.6c9.7-16.9 18-37 24.7-54.7 8.3 15.1 18.9 27.2 30.1 35.5-20.8 4.3-38.9 13.1-54.8 19.2zm131.6-5s-5 6-37.3-7.8c35.1-2.6 40.9 5.4 37.3 7.8z\"><\/path><\/svg>\t\t\t\t\t\t<\/span>\n\t\t\t\t\t\t\t\t\t\t<span class=\"elementor-icon-list-text\">KODA Compact Extended \/PDF<\/span>\n\t\t\t\t\t\t\t\t\t\t\t<\/a>\n\t\t\t\t\t\t\t\t\t<\/li>\n\t\t\t\t\t\t<\/ul>\n\t\t\t\t\t\t<\/div>\n\t\t\t\t<\/div>\n\t\t<div class=\"elementor-element elementor-element-312500e4 e-con-full e-flex e-con e-child\" data-id=\"312500e4\" data-element_type=\"container\" data-settings=\"{&quot;background_background&quot;:&quot;classic&quot;}\">\n\t\t\t\t<\/div>\n\t\t\t\t<\/div>\n\t\t<div class=\"elementor-element elementor-element-756e3286 e-con-full e-flex e-con e-parent\" data-id=\"756e3286\" data-element_type=\"container\">\n\t\t<div class=\"elementor-element elementor-element-1c3ce23a e-con-full e-flex e-con e-child\" data-id=\"1c3ce23a\" data-element_type=\"container\">\n\t\t\t\t<div class=\"elementor-element elementor-element-ba22792 elementor--h-position-center elementor--v-position-middle elementor-arrows-position-inside elementor-pagination-position-inside elementor-widget elementor-widget-slides\" data-id=\"ba22792\" data-element_type=\"widget\" data-settings=\"{&quot;navigation&quot;:&quot;both&quot;,&quot;autoplay&quot;:&quot;yes&quot;,&quot;pause_on_hover&quot;:&quot;yes&quot;,&quot;pause_on_interaction&quot;:&quot;yes&quot;,&quot;autoplay_speed&quot;:5000,&quot;infinite&quot;:&quot;yes&quot;,&quot;transition&quot;:&quot;slide&quot;,&quot;transition_speed&quot;:500}\" data-widget_type=\"slides.default\">\n\t\t\t\t\t\t\t\t\t\t<div class=\"elementor-slides-wrapper elementor-main-swiper swiper\" role=\"region\" aria-roledescription=\"carousel\" aria-label=\"Slider\" dir=\"ltr\" data-animation=\"fadeInUp\">\n\t\t\t\t<div class=\"swiper-wrapper elementor-slides\">\n\t\t\t\t\t\t\t\t\t\t<div class=\"elementor-repeater-item-ae2bbc5 swiper-slide\" role=\"group\" aria-roledescription=\"slide\"><div class=\"swiper-slide-bg\" role=\"img\"><\/div><div class=\"swiper-slide-inner\" ><div class=\"swiper-slide-contents\"><\/div><\/div><\/div><div class=\"elementor-repeater-item-7d79ae6 swiper-slide\" role=\"group\" aria-roledescription=\"slide\"><div class=\"swiper-slide-bg\" role=\"img\"><\/div><div class=\"swiper-slide-inner\" ><div class=\"swiper-slide-contents\"><\/div><\/div><\/div><div class=\"elementor-repeater-item-9fc732f swiper-slide\" role=\"group\" aria-roledescription=\"slide\"><div class=\"swiper-slide-bg\" role=\"img\"><\/div><div class=\"swiper-slide-inner\" ><div class=\"swiper-slide-contents\"><\/div><\/div><\/div>\t\t\t\t<\/div>\n\t\t\t\t\t\t\t\t\t\t\t\t\t\t\t<div class=\"elementor-swiper-button elementor-swiper-button-prev\" role=\"button\" tabindex=\"0\" aria-label=\"Vorheriger Slide\">\n\t\t\t\t\t\t\t<svg aria-hidden=\"true\" class=\"e-font-icon-svg e-eicon-chevron-left\" viewBox=\"0 0 1000 1000\" xmlns=\"http:\/\/www.w3.org\/2000\/svg\"><path d=\"M646 125C629 125 613 133 604 142L308 442C296 454 292 471 292 487 292 504 296 521 308 533L604 854C617 867 629 875 646 875 663 875 679 871 692 858 704 846 713 829 713 812 713 796 708 779 692 767L438 487 692 225C700 217 708 204 708 187 708 171 704 154 692 142 675 129 663 125 646 125Z\"><\/path><\/svg>\t\t\t\t\t\t<\/div>\n\t\t\t\t\t\t<div class=\"elementor-swiper-button elementor-swiper-button-next\" role=\"button\" tabindex=\"0\" aria-label=\"N\u00e4chster Slide\">\n\t\t\t\t\t\t\t<svg aria-hidden=\"true\" class=\"e-font-icon-svg e-eicon-chevron-right\" viewBox=\"0 0 1000 1000\" xmlns=\"http:\/\/www.w3.org\/2000\/svg\"><path d=\"M696 533C708 521 713 504 713 487 713 471 708 454 696 446L400 146C388 133 375 125 354 125 338 125 325 129 313 142 300 154 292 171 292 187 292 204 296 221 308 233L563 492 304 771C292 783 288 800 288 817 288 833 296 850 308 863 321 871 338 875 354 875 371 875 388 867 400 854L696 533Z\"><\/path><\/svg>\t\t\t\t\t\t<\/div>\n\t\t\t\t\t\t\t\t\t\t\t\t\t\t\t\t<div class=\"swiper-pagination\"><\/div>\n\t\t\t\t\t\t\t\t\t\t\t\t<\/div>\n\t\t\t\t\t\t\t\t<\/div>\n\t\t\t\t<\/div>\n\t\t<div class=\"elementor-element elementor-element-365db4da e-con-full e-flex e-con e-child\" data-id=\"365db4da\" data-element_type=\"container\">\n\t\t\t\t<div class=\"elementor-element elementor-element-67b514ec elementor-widget elementor-widget-text-editor\" data-id=\"67b514ec\" data-element_type=\"widget\" data-widget_type=\"text-editor.default\">\n\t\t\t\t\t\t\t\t\t<h2>Multifunktional<\/h2><p>KODA Compact ist auch bekannt als ADU (Accessory Dwelling Unit = Zus\u00e4tzliche Wohneinheit), Einliegerwohnungen, Altenteil, Hinterhofh\u00e4uschen, Nebengeb\u00e4ude und vieles mehr. Unabh\u00e4ngig davon, wie Sie es nennen, sind ADUs eine innovative, erschwingliche und effektive Option, um dringend ben\u00f6tigten Wohnraum schnell bereitzustellen. Nutzen Sie es im privaten Wohnungsbau oder bei Stadtentwicklungsprojekten zur Wohnraumverdichtung.<\/p><p>* Das Bild zeigt einen Querschnitt, kein Fenster an der Seitenwand.<\/p><p>\u00a0<\/p>\t\t\t\t\t\t\t\t<\/div>\n\t\t\t\t<\/div>\n\t\t\t\t<\/div>\n\t\t<div class=\"elementor-element elementor-element-35472e8e e-con-full e-flex e-con e-parent\" data-id=\"35472e8e\" data-element_type=\"container\">\n\t\t<div class=\"elementor-element elementor-element-3ceeacd1 e-con-full e-flex e-con e-child\" data-id=\"3ceeacd1\" data-element_type=\"container\">\n\t\t\t\t<div class=\"elementor-element elementor-element-341e4987 elementor-widget elementor-widget-text-editor\" data-id=\"341e4987\" data-element_type=\"widget\" data-widget_type=\"text-editor.default\">\n\t\t\t\t\t\t\t\t\t<h2>Stapelbarkeit<\/h2><p>Die Stapelbarkeit erm\u00f6glicht die Schaffung von zweist\u00f6ckigen Wohngeb\u00e4uden, wodurch der verf\u00fcgbare Platz in engen Stadtgebieten noch besser genutzt wird. Die Verbindungstreppe kann au\u00dfen als separaten Eingang oder innen angebracht werden, wenn Sie ein Haus oder B\u00fcro erweitern m\u00f6chten.<\/p><p>Verwenden Sie das Compact f\u00fcr Grundst\u00fccke, die vor\u00fcbergehend leer stehen, die auf eine Bebauung oder eine Gesamtplanung warten oder f\u00fcr Grundst\u00fccke, die nur bis zu zwei Stockwerke bebaut werden d\u00fcrfen. KODA Compact eignet sich besonders f\u00fcr die schnelle Errichtung von Mietwohnungen.<\/p><p>\u00a0<\/p>\t\t\t\t\t\t\t\t<\/div>\n\t\t\t\t<\/div>\n\t\t<div class=\"elementor-element elementor-element-692a1448 e-con-full e-flex e-con e-child\" data-id=\"692a1448\" data-element_type=\"container\" data-settings=\"{&quot;background_background&quot;:&quot;classic&quot;}\">\n\t\t\t\t<\/div>\n\t\t\t\t<\/div>\n\t\t<div class=\"elementor-element elementor-element-33cf8b18 e-con-full e-flex e-con e-parent\" data-id=\"33cf8b18\" data-element_type=\"container\">\n\t\t<div class=\"elementor-element elementor-element-38992633 e-con-full e-flex e-con e-child\" data-id=\"38992633\" data-element_type=\"container\" data-settings=\"{&quot;background_background&quot;:&quot;classic&quot;}\">\n\t\t\t\t<\/div>\n\t\t<div class=\"elementor-element elementor-element-342fdae8 e-con-full e-flex e-con e-child\" data-id=\"342fdae8\" data-element_type=\"container\">\n\t\t\t\t<div class=\"elementor-element elementor-element-572a85a0 elementor-widget elementor-widget-text-editor\" data-id=\"572a85a0\" data-element_type=\"widget\" data-widget_type=\"text-editor.default\">\n\t\t\t\t\t\t\t\t\t<h2>KODAs verbinden<\/h2><p>Sie k\u00f6nnen Ihren Wohnraum vergr\u00f6\u00dfern, \u00e4hnlich dem Lego-Bausteine-Prinzip, indem Sie einen oder mehrere Mehrzweck-KODAs zusammenf\u00fcgen oder sp\u00e4ter wieder eines entfernen. Setzen Sie Ihr KODA oben oder neben ein anderes KODA, um mehr Platz zu schaffen, so als ob Sie mit Kl\u00f6tzchen bauen w\u00fcrden.<\/p><p>Sie k\u00f6nnen sich sogar f\u00fcr eine noch vielseitigere L\u00f6sungen entscheiden, wenn Sie zwei oder mehr der minimalistischen Einheiten zu einem gr\u00f6\u00dferen Raum verbinden. Dadurch werden H\u00e4user mit 2-3 Schlafzimmern oder eine gr\u00f6\u00dfere Unterkunft geschaffen. Alternativ k\u00f6nnen Sie mit dieser L\u00f6sung ein privates Home-Office direkt nebenan einrichten, egal wo das ist.<\/p><p>\u00a0<\/p>\t\t\t\t\t\t\t\t<\/div>\n\t\t\t\t<\/div>\n\t\t\t\t<\/div>\n\t\t\t\t<\/div>\n\t\t","protected":false},"excerpt":{"rendered":"<p>DIES SIND DIE NIEDRIGEREN VARIANTEN DER HOLZRAHMEN-KODA-LOFT-SERIE ERFAHREN SIE MEHR KODA Compact zeigt, wie Micro Wohn-L\u00f6sungen das sch\u00f6nste Design f\u00fcr mehr Menschen zug\u00e4nglich machen k\u00f6nnen. KODA Compact modelle KODA Compact bietet Komfort mit einem geringeren \u00f6kologischen Fu\u00dfabdruck, geringeren Transportkosten und vor allem echter Flexibilit\u00e4t \u2013 wenn Sie weiter ziehen wollen nehmen Sie Ihr KODA mit! [&hellip;]<\/p>\n","protected":false},"author":1,"featured_media":11743,"parent":0,"menu_order":2,"comment_status":"closed","ping_status":"closed","template":"","meta":{"_acf_changed":false,"footnotes":""},"class_list":["post-8653","page","type-page","status-publish","has-post-thumbnail","hentry"],"acf":[],"yoast_head":"<!-- This site is optimized with the Yoast SEO plugin v26.1.1 - https:\/\/yoast.com\/wordpress\/plugins\/seo\/ -->\n<title>KODA Compact | KODA by Kodasema<\/title>\n<meta name=\"description\" content=\"Je nach Bedarf k\u00f6nnen Sie zwischen dem kleineren 20 m\u00b2 gro\u00dfen KODA Compact oder den 35 m\u00b2 gro\u00dfen KODA Compact Extended mit 1em Schlafzimmer w\u00e4hlen.\" \/>\n<meta name=\"robots\" content=\"index, follow, max-snippet:-1, max-image-preview:large, max-video-preview:-1\" \/>\n<link rel=\"canonical\" href=\"https:\/\/kodasema.com\/de\/koda-compact\/\" \/>\n<meta property=\"og:locale\" content=\"de_DE\" \/>\n<meta property=\"og:type\" content=\"article\" \/>\n<meta property=\"og:title\" content=\"KODA Compact | KODA by Kodasema\" \/>\n<meta property=\"og:description\" content=\"Je nach Bedarf k\u00f6nnen Sie zwischen dem kleineren 20 m\u00b2 gro\u00dfen KODA Compact oder den 35 m\u00b2 gro\u00dfen KODA Compact Extended mit 1em Schlafzimmer w\u00e4hlen.\" \/>\n<meta property=\"og:url\" content=\"https:\/\/kodasema.com\/de\/koda-compact\/\" \/>\n<meta property=\"og:site_name\" content=\"KODA\" \/>\n<meta property=\"article:publisher\" content=\"https:\/\/www.facebook.com\/kodabykodasema\/\" \/>\n<meta property=\"article:modified_time\" content=\"2025-10-06T17:41:59+00:00\" \/>\n<meta property=\"og:image\" content=\"https:\/\/kodasema.com\/wp-content\/uploads\/2024\/10\/compact.jpg\" \/>\n\t<meta property=\"og:image:width\" content=\"800\" \/>\n\t<meta property=\"og:image:height\" content=\"600\" \/>\n\t<meta property=\"og:image:type\" content=\"image\/jpeg\" \/>\n<meta name=\"twitter:card\" content=\"summary_large_image\" \/>\n<meta name=\"twitter:label1\" content=\"Gesch\u00e4tzte Lesezeit\" \/>\n\t<meta name=\"twitter:data1\" content=\"2\u00a0Minuten\" \/>\n<script type=\"application\/ld+json\" class=\"yoast-schema-graph\">{\"@context\":\"https:\/\/schema.org\",\"@graph\":[{\"@type\":\"WebPage\",\"@id\":\"https:\/\/kodasema.com\/de\/koda-compact\/\",\"url\":\"https:\/\/kodasema.com\/de\/koda-compact\/\",\"name\":\"KODA Compact | KODA by Kodasema\",\"isPartOf\":{\"@id\":\"https:\/\/kodasema.com\/en\/#website\"},\"primaryImageOfPage\":{\"@id\":\"https:\/\/kodasema.com\/de\/koda-compact\/#primaryimage\"},\"image\":{\"@id\":\"https:\/\/kodasema.com\/de\/koda-compact\/#primaryimage\"},\"thumbnailUrl\":\"https:\/\/kodasema.com\/wp-content\/uploads\/2024\/10\/compact.jpg\",\"datePublished\":\"2024-09-26T14:26:33+00:00\",\"dateModified\":\"2025-10-06T17:41:59+00:00\",\"description\":\"Je nach Bedarf k\u00f6nnen Sie zwischen dem kleineren 20 m\u00b2 gro\u00dfen KODA Compact oder den 35 m\u00b2 gro\u00dfen KODA Compact Extended mit 1em Schlafzimmer w\u00e4hlen.\",\"breadcrumb\":{\"@id\":\"https:\/\/kodasema.com\/de\/koda-compact\/#breadcrumb\"},\"inLanguage\":\"de\",\"potentialAction\":[{\"@type\":\"ReadAction\",\"target\":[\"https:\/\/kodasema.com\/de\/koda-compact\/\"]}]},{\"@type\":\"ImageObject\",\"inLanguage\":\"de\",\"@id\":\"https:\/\/kodasema.com\/de\/koda-compact\/#primaryimage\",\"url\":\"https:\/\/kodasema.com\/wp-content\/uploads\/2024\/10\/compact.jpg\",\"contentUrl\":\"https:\/\/kodasema.com\/wp-content\/uploads\/2024\/10\/compact.jpg\",\"width\":800,\"height\":600},{\"@type\":\"BreadcrumbList\",\"@id\":\"https:\/\/kodasema.com\/de\/koda-compact\/#breadcrumb\",\"itemListElement\":[{\"@type\":\"ListItem\",\"position\":1,\"name\":\"Home\",\"item\":\"https:\/\/kodasema.com\/de\/\"},{\"@type\":\"ListItem\",\"position\":2,\"name\":\"KODA Compact\"}]},{\"@type\":\"WebSite\",\"@id\":\"https:\/\/kodasema.com\/en\/#website\",\"url\":\"https:\/\/kodasema.com\/en\/\",\"name\":\"KODA\",\"description\":\"QUALITY AND DESIGN MEETS FLEXIBLE, INNOVATIVE SPACE\",\"publisher\":{\"@id\":\"https:\/\/kodasema.com\/en\/#organization\"},\"potentialAction\":[{\"@type\":\"SearchAction\",\"target\":{\"@type\":\"EntryPoint\",\"urlTemplate\":\"https:\/\/kodasema.com\/en\/?s={search_term_string}\"},\"query-input\":{\"@type\":\"PropertyValueSpecification\",\"valueRequired\":true,\"valueName\":\"search_term_string\"}}],\"inLanguage\":\"de\"},{\"@type\":\"Organization\",\"@id\":\"https:\/\/kodasema.com\/en\/#organization\",\"name\":\"KODA\",\"url\":\"https:\/\/kodasema.com\/en\/\",\"logo\":{\"@type\":\"ImageObject\",\"inLanguage\":\"de\",\"@id\":\"https:\/\/kodasema.com\/en\/#\/schema\/logo\/image\/\",\"url\":\"https:\/\/kodasema.com\/wp-content\/uploads\/2024\/09\/logo-dark.svg\",\"contentUrl\":\"https:\/\/kodasema.com\/wp-content\/uploads\/2024\/09\/logo-dark.svg\",\"width\":123,\"height\":34,\"caption\":\"KODA\"},\"image\":{\"@id\":\"https:\/\/kodasema.com\/en\/#\/schema\/logo\/image\/\"},\"sameAs\":[\"https:\/\/www.facebook.com\/kodabykodasema\/\"]}]}<\/script>\n<!-- \/ Yoast SEO plugin. -->","yoast_head_json":{"title":"KODA Compact | KODA by Kodasema","description":"Je nach Bedarf k\u00f6nnen Sie zwischen dem kleineren 20 m\u00b2 gro\u00dfen KODA Compact oder den 35 m\u00b2 gro\u00dfen KODA Compact Extended mit 1em Schlafzimmer w\u00e4hlen.","robots":{"index":"index","follow":"follow","max-snippet":"max-snippet:-1","max-image-preview":"max-image-preview:large","max-video-preview":"max-video-preview:-1"},"canonical":"https:\/\/kodasema.com\/de\/koda-compact\/","og_locale":"de_DE","og_type":"article","og_title":"KODA Compact | KODA by Kodasema","og_description":"Je nach Bedarf k\u00f6nnen Sie zwischen dem kleineren 20 m\u00b2 gro\u00dfen KODA Compact oder den 35 m\u00b2 gro\u00dfen KODA Compact Extended mit 1em Schlafzimmer w\u00e4hlen.","og_url":"https:\/\/kodasema.com\/de\/koda-compact\/","og_site_name":"KODA","article_publisher":"https:\/\/www.facebook.com\/kodabykodasema\/","article_modified_time":"2025-10-06T17:41:59+00:00","og_image":[{"width":800,"height":600,"url":"https:\/\/kodasema.com\/wp-content\/uploads\/2024\/10\/compact.jpg","type":"image\/jpeg"}],"twitter_card":"summary_large_image","twitter_misc":{"Gesch\u00e4tzte Lesezeit":"2\u00a0Minuten"},"schema":{"@context":"https:\/\/schema.org","@graph":[{"@type":"WebPage","@id":"https:\/\/kodasema.com\/de\/koda-compact\/","url":"https:\/\/kodasema.com\/de\/koda-compact\/","name":"KODA Compact | KODA by Kodasema","isPartOf":{"@id":"https:\/\/kodasema.com\/en\/#website"},"primaryImageOfPage":{"@id":"https:\/\/kodasema.com\/de\/koda-compact\/#primaryimage"},"image":{"@id":"https:\/\/kodasema.com\/de\/koda-compact\/#primaryimage"},"thumbnailUrl":"https:\/\/kodasema.com\/wp-content\/uploads\/2024\/10\/compact.jpg","datePublished":"2024-09-26T14:26:33+00:00","dateModified":"2025-10-06T17:41:59+00:00","description":"Je nach Bedarf k\u00f6nnen Sie zwischen dem kleineren 20 m\u00b2 gro\u00dfen KODA Compact oder den 35 m\u00b2 gro\u00dfen KODA Compact Extended mit 1em Schlafzimmer w\u00e4hlen.","breadcrumb":{"@id":"https:\/\/kodasema.com\/de\/koda-compact\/#breadcrumb"},"inLanguage":"de","potentialAction":[{"@type":"ReadAction","target":["https:\/\/kodasema.com\/de\/koda-compact\/"]}]},{"@type":"ImageObject","inLanguage":"de","@id":"https:\/\/kodasema.com\/de\/koda-compact\/#primaryimage","url":"https:\/\/kodasema.com\/wp-content\/uploads\/2024\/10\/compact.jpg","contentUrl":"https:\/\/kodasema.com\/wp-content\/uploads\/2024\/10\/compact.jpg","width":800,"height":600},{"@type":"BreadcrumbList","@id":"https:\/\/kodasema.com\/de\/koda-compact\/#breadcrumb","itemListElement":[{"@type":"ListItem","position":1,"name":"Home","item":"https:\/\/kodasema.com\/de\/"},{"@type":"ListItem","position":2,"name":"KODA Compact"}]},{"@type":"WebSite","@id":"https:\/\/kodasema.com\/en\/#website","url":"https:\/\/kodasema.com\/en\/","name":"KODA","description":"QUALITY AND DESIGN MEETS FLEXIBLE, INNOVATIVE SPACE","publisher":{"@id":"https:\/\/kodasema.com\/en\/#organization"},"potentialAction":[{"@type":"SearchAction","target":{"@type":"EntryPoint","urlTemplate":"https:\/\/kodasema.com\/en\/?s={search_term_string}"},"query-input":{"@type":"PropertyValueSpecification","valueRequired":true,"valueName":"search_term_string"}}],"inLanguage":"de"},{"@type":"Organization","@id":"https:\/\/kodasema.com\/en\/#organization","name":"KODA","url":"https:\/\/kodasema.com\/en\/","logo":{"@type":"ImageObject","inLanguage":"de","@id":"https:\/\/kodasema.com\/en\/#\/schema\/logo\/image\/","url":"https:\/\/kodasema.com\/wp-content\/uploads\/2024\/09\/logo-dark.svg","contentUrl":"https:\/\/kodasema.com\/wp-content\/uploads\/2024\/09\/logo-dark.svg","width":123,"height":34,"caption":"KODA"},"image":{"@id":"https:\/\/kodasema.com\/en\/#\/schema\/logo\/image\/"},"sameAs":["https:\/\/www.facebook.com\/kodabykodasema\/"]}]}},"_links":{"self":[{"href":"https:\/\/kodasema.com\/de\/wp-json\/wp\/v2\/pages\/8653","targetHints":{"allow":["GET"]}}],"collection":[{"href":"https:\/\/kodasema.com\/de\/wp-json\/wp\/v2\/pages"}],"about":[{"href":"https:\/\/kodasema.com\/de\/wp-json\/wp\/v2\/types\/page"}],"author":[{"embeddable":true,"href":"https:\/\/kodasema.com\/de\/wp-json\/wp\/v2\/users\/1"}],"replies":[{"embeddable":true,"href":"https:\/\/kodasema.com\/de\/wp-json\/wp\/v2\/comments?post=8653"}],"version-history":[{"count":3,"href":"https:\/\/kodasema.com\/de\/wp-json\/wp\/v2\/pages\/8653\/revisions"}],"predecessor-version":[{"id":13725,"href":"https:\/\/kodasema.com\/de\/wp-json\/wp\/v2\/pages\/8653\/revisions\/13725"}],"wp:featuredmedia":[{"embeddable":true,"href":"https:\/\/kodasema.com\/de\/wp-json\/wp\/v2\/media\/11743"}],"wp:attachment":[{"href":"https:\/\/kodasema.com\/de\/wp-json\/wp\/v2\/media?parent=8653"}],"curies":[{"name":"wp","href":"https:\/\/api.w.org\/{rel}","templated":true}]}}