{"id":8638,"date":"2024-09-26T16:25:23","date_gmt":"2024-09-26T16:25:23","guid":{"rendered":"https:\/\/kodasema.com\/about-us\/"},"modified":"2025-03-03T08:34:54","modified_gmt":"2025-03-03T08:34:54","slug":"uber-uns","status":"publish","type":"page","link":"https:\/\/kodasema.com\/de\/uber-uns\/","title":{"rendered":"\u00dcBER UNS"},"content":{"rendered":"\t\t<div data-elementor-type=\"wp-page\" data-elementor-id=\"8638\" class=\"elementor elementor-8638 elementor-859\" data-elementor-post-type=\"page\">\n\t\t\t\t<div class=\"elementor-element elementor-element-e772f15 e-flex e-con-boxed e-con e-parent\" data-id=\"e772f15\" data-element_type=\"container\">\n\t\t\t\t\t<div class=\"e-con-inner\">\n\t\t\t\t<div class=\"elementor-element elementor-element-5c438b7 elementor-widget elementor-widget-text-editor\" data-id=\"5c438b7\" data-element_type=\"widget\" data-widget_type=\"text-editor.default\">\n\t\t\t\t\t\t\t\t\t<h1>\u00dcBER UNS<\/h1><div class=\"row\"><div class=\"col-100\"><h4>Kodasema O\u00dc ist ein Architektur- und Ingenieurb\u00fcro, das innovative Wohnl\u00f6sungen entwickelt. Einfachheit und Freiheit \u2013 das sind die Werte, die ein KODA-Haus bietet, um in vielerlei Hinsicht mehr Energie und Zeit zu schaffen.<\/h4><\/div><\/div>\t\t\t\t\t\t\t\t<\/div>\n\t\t\t\t\t<\/div>\n\t\t\t\t<\/div>\n\t\t<div class=\"elementor-element elementor-element-ac0ca78 e-flex e-con-boxed e-con e-parent\" data-id=\"ac0ca78\" data-element_type=\"container\">\n\t\t\t\t\t<div class=\"e-con-inner\">\n\t\t<div class=\"elementor-element elementor-element-bdbfa27 e-con-full e-flex e-con e-child\" data-id=\"bdbfa27\" data-element_type=\"container\">\n\t\t\t\t<div class=\"elementor-element elementor-element-29a416c elementor-widget elementor-widget-image\" data-id=\"29a416c\" data-element_type=\"widget\" data-widget_type=\"image.default\">\n\t\t\t\t\t\t\t\t\t\t\t\t\t\t\t<img fetchpriority=\"high\" decoding=\"async\" width=\"800\" height=\"716\" src=\"https:\/\/kodasema.com\/wp-content\/uploads\/2024\/09\/350A9432-scaled-e1689084111677-1024x917.jpg\" class=\"attachment-large size-large wp-image-5632\" alt=\"\" srcset=\"https:\/\/kodasema.com\/wp-content\/uploads\/2024\/09\/350A9432-scaled-e1689084111677-1024x917.jpg 1024w, https:\/\/kodasema.com\/wp-content\/uploads\/2024\/09\/350A9432-scaled-e1689084111677-300x269.jpg 300w, https:\/\/kodasema.com\/wp-content\/uploads\/2024\/09\/350A9432-scaled-e1689084111677-768x687.jpg 768w, https:\/\/kodasema.com\/wp-content\/uploads\/2024\/09\/350A9432-scaled-e1689084111677.jpg 1315w\" sizes=\"(max-width: 800px) 100vw, 800px\" \/>\t\t\t\t\t\t\t\t\t\t\t\t\t\t\t<\/div>\n\t\t\t\t<\/div>\n\t\t<div class=\"elementor-element elementor-element-cc0265d e-con-full e-flex e-con e-child\" data-id=\"cc0265d\" data-element_type=\"container\">\n\t\t\t\t<div class=\"elementor-element elementor-element-d6c68aa elementor-widget elementor-widget-text-editor\" data-id=\"d6c68aa\" data-element_type=\"widget\" data-widget_type=\"text-editor.default\">\n\t\t\t\t\t\t\t\t\t<div class=\"col-100\"><h6 class=\"left-black\">Verkaufsleiter und Kundenbeziehungsmanager<\/h6><h4><span style=\"color: #000000;\">\u00dclle Penjam<\/span><\/h4><p><a href=\"mailto:sales@kodasema.com\"><span style=\"color: #000000;\">sales@kodasema.com<\/span><\/a><\/p><\/div>\t\t\t\t\t\t\t\t<\/div>\n\t\t\t\t<\/div>\n\t\t\t\t\t<\/div>\n\t\t\t\t<\/div>\n\t\t<div class=\"elementor-element elementor-element-68b2f8d e-flex e-con-boxed e-con e-parent\" data-id=\"68b2f8d\" data-element_type=\"container\">\n\t\t\t\t\t<div class=\"e-con-inner\">\n\t\t<div class=\"elementor-element elementor-element-865aa53 e-con-full e-flex e-con e-child\" data-id=\"865aa53\" data-element_type=\"container\">\n\t\t\t\t<div class=\"elementor-element elementor-element-ca43a20 elementor-widget elementor-widget-image\" data-id=\"ca43a20\" data-element_type=\"widget\" data-widget_type=\"image.default\">\n\t\t\t\t\t\t\t\t\t\t\t\t\t\t\t<img decoding=\"async\" width=\"800\" height=\"631\" src=\"https:\/\/kodasema.com\/wp-content\/uploads\/2024\/09\/Heido_Tyrk_portrait_2023_Photo_by_Kelli_Roosimagi-scaled-e1689082528663-1024x808.jpg\" class=\"attachment-large size-large wp-image-5634\" alt=\"\" srcset=\"https:\/\/kodasema.com\/wp-content\/uploads\/2024\/09\/Heido_Tyrk_portrait_2023_Photo_by_Kelli_Roosimagi-scaled-e1689082528663-1024x808.jpg 1024w, https:\/\/kodasema.com\/wp-content\/uploads\/2024\/09\/Heido_Tyrk_portrait_2023_Photo_by_Kelli_Roosimagi-scaled-e1689082528663-300x237.jpg 300w, https:\/\/kodasema.com\/wp-content\/uploads\/2024\/09\/Heido_Tyrk_portrait_2023_Photo_by_Kelli_Roosimagi-scaled-e1689082528663-768x606.jpg 768w, https:\/\/kodasema.com\/wp-content\/uploads\/2024\/09\/Heido_Tyrk_portrait_2023_Photo_by_Kelli_Roosimagi-scaled-e1689082528663-1536x1212.jpg 1536w, https:\/\/kodasema.com\/wp-content\/uploads\/2024\/09\/Heido_Tyrk_portrait_2023_Photo_by_Kelli_Roosimagi-scaled-e1689082528663.jpg 1725w\" sizes=\"(max-width: 800px) 100vw, 800px\" \/>\t\t\t\t\t\t\t\t\t\t\t\t\t\t\t<\/div>\n\t\t\t\t<\/div>\n\t\t<div class=\"elementor-element elementor-element-cb49120 e-con-full e-flex e-con e-child\" data-id=\"cb49120\" data-element_type=\"container\">\n\t\t\t\t<div class=\"elementor-element elementor-element-f58af7f elementor-widget elementor-widget-text-editor\" data-id=\"f58af7f\" data-element_type=\"widget\" data-widget_type=\"text-editor.default\">\n\t\t\t\t\t\t\t\t\t<div class=\"col-100\"><div class=\"col-100\"><h6 class=\"left-black\">TECHNISCHER UND LOGISTIKLEITER<\/h6><h4><span style=\"color: #000000;\">Heido T\u00fcrk<\/span><\/h4><p><a href=\"mailto:support@kodasema.com\"><span style=\"color: #000000;\">support@kodasema.com<\/span><\/a><\/p><\/div><\/div>\t\t\t\t\t\t\t\t<\/div>\n\t\t\t\t<\/div>\n\t\t\t\t\t<\/div>\n\t\t\t\t<\/div>\n\t\t<div class=\"elementor-element elementor-element-dbccdb4 e-flex e-con-boxed e-con e-parent\" data-id=\"dbccdb4\" data-element_type=\"container\">\n\t\t\t\t\t<div class=\"e-con-inner\">\n\t\t<div class=\"elementor-element elementor-element-45f93c5 e-con-full e-flex e-con e-child\" data-id=\"45f93c5\" data-element_type=\"container\">\n\t\t\t\t<div class=\"elementor-element elementor-element-48391b5 elementor-widget elementor-widget-image\" data-id=\"48391b5\" data-element_type=\"widget\" data-widget_type=\"image.default\">\n\t\t\t\t\t\t\t\t\t\t\t\t\t\t\t<img decoding=\"async\" width=\"800\" height=\"719\" src=\"https:\/\/kodasema.com\/wp-content\/uploads\/2024\/09\/IMG_5905-1024x920.jpg\" class=\"attachment-large size-large wp-image-5636\" alt=\"\" srcset=\"https:\/\/kodasema.com\/wp-content\/uploads\/2024\/09\/IMG_5905-1024x920.jpg 1024w, https:\/\/kodasema.com\/wp-content\/uploads\/2024\/09\/IMG_5905-300x270.jpg 300w, https:\/\/kodasema.com\/wp-content\/uploads\/2024\/09\/IMG_5905-768x690.jpg 768w, https:\/\/kodasema.com\/wp-content\/uploads\/2024\/09\/IMG_5905-1536x1381.jpg 1536w, https:\/\/kodasema.com\/wp-content\/uploads\/2024\/09\/IMG_5905.jpg 1749w\" sizes=\"(max-width: 800px) 100vw, 800px\" \/>\t\t\t\t\t\t\t\t\t\t\t\t\t\t\t<\/div>\n\t\t\t\t<\/div>\n\t\t<div class=\"elementor-element elementor-element-649b2ff e-con-full e-flex e-con e-child\" data-id=\"649b2ff\" data-element_type=\"container\">\n\t\t\t\t<div class=\"elementor-element elementor-element-c26e841 elementor-widget elementor-widget-text-editor\" data-id=\"c26e841\" data-element_type=\"widget\" data-widget_type=\"text-editor.default\">\n\t\t\t\t\t\t\t\t\t<div class=\"col-100\"><div class=\"col-100\"><div class=\"col-100\"><h6 class=\"left-black\">Chefingenieur<\/h6><h4>Heleriin P\u00e4rnoja<\/h4><\/div><\/div><\/div>\t\t\t\t\t\t\t\t<\/div>\n\t\t\t\t<\/div>\n\t\t\t\t\t<\/div>\n\t\t\t\t<\/div>\n\t\t<div class=\"elementor-element elementor-element-5f8c430 e-flex e-con-boxed e-con e-parent\" data-id=\"5f8c430\" data-element_type=\"container\">\n\t\t\t\t\t<div class=\"e-con-inner\">\n\t\t<div class=\"elementor-element elementor-element-ae04b99 e-con-full e-flex e-con e-child\" data-id=\"ae04b99\" data-element_type=\"container\">\n\t\t\t\t<div class=\"elementor-element elementor-element-c8e326c elementor-widget elementor-widget-image\" data-id=\"c8e326c\" data-element_type=\"widget\" data-widget_type=\"image.default\">\n\t\t\t\t\t\t\t\t\t\t\t\t\t\t\t<img loading=\"lazy\" decoding=\"async\" width=\"800\" height=\"785\" src=\"https:\/\/kodasema.com\/wp-content\/uploads\/2024\/09\/generic_man.png\" class=\"attachment-large size-large wp-image-5638\" alt=\"\" srcset=\"https:\/\/kodasema.com\/wp-content\/uploads\/2024\/09\/generic_man.png 958w, https:\/\/kodasema.com\/wp-content\/uploads\/2024\/09\/generic_man-300x294.png 300w, https:\/\/kodasema.com\/wp-content\/uploads\/2024\/09\/generic_man-768x754.png 768w\" sizes=\"(max-width: 800px) 100vw, 800px\" \/>\t\t\t\t\t\t\t\t\t\t\t\t\t\t\t<\/div>\n\t\t\t\t<\/div>\n\t\t<div class=\"elementor-element elementor-element-df8d386 e-con-full e-flex e-con e-child\" data-id=\"df8d386\" data-element_type=\"container\">\n\t\t\t\t<div class=\"elementor-element elementor-element-70a026c elementor-widget elementor-widget-text-editor\" data-id=\"70a026c\" data-element_type=\"widget\" data-widget_type=\"text-editor.default\">\n\t\t\t\t\t\t\t\t\t<div class=\"col-100\"><div class=\"col-100\"><div class=\"col-100\"><div class=\"col-100\"><h6 class=\"left-black\">Beratender Ingenieur (Deutschland)<\/h6><h4>Ralf Steinmetz<\/h4><\/div><\/div><\/div><\/div>\t\t\t\t\t\t\t\t<\/div>\n\t\t\t\t<\/div>\n\t\t\t\t\t<\/div>\n\t\t\t\t<\/div>\n\t\t<div class=\"elementor-element elementor-element-ccfe168 e-flex e-con-boxed e-con e-parent\" data-id=\"ccfe168\" data-element_type=\"container\">\n\t\t\t\t\t<div class=\"e-con-inner\">\n\t\t<div class=\"elementor-element elementor-element-1a1f293 e-con-full e-flex e-con e-child\" data-id=\"1a1f293\" data-element_type=\"container\">\n\t\t\t\t<div class=\"elementor-element elementor-element-135ddd9 elementor-widget elementor-widget-image\" data-id=\"135ddd9\" data-element_type=\"widget\" data-widget_type=\"image.default\">\n\t\t\t\t\t\t\t\t\t\t\t\t\t\t\t<img loading=\"lazy\" decoding=\"async\" width=\"800\" height=\"785\" src=\"https:\/\/kodasema.com\/wp-content\/uploads\/2024\/09\/generic_man.png\" class=\"attachment-large size-large wp-image-5638\" alt=\"\" srcset=\"https:\/\/kodasema.com\/wp-content\/uploads\/2024\/09\/generic_man.png 958w, https:\/\/kodasema.com\/wp-content\/uploads\/2024\/09\/generic_man-300x294.png 300w, https:\/\/kodasema.com\/wp-content\/uploads\/2024\/09\/generic_man-768x754.png 768w\" sizes=\"(max-width: 800px) 100vw, 800px\" \/>\t\t\t\t\t\t\t\t\t\t\t\t\t\t\t<\/div>\n\t\t\t\t<\/div>\n\t\t<div class=\"elementor-element elementor-element-4692e7d e-con-full e-flex e-con e-child\" data-id=\"4692e7d\" data-element_type=\"container\">\n\t\t\t\t<div class=\"elementor-element elementor-element-ef28903 elementor-widget elementor-widget-text-editor\" data-id=\"ef28903\" data-element_type=\"widget\" data-widget_type=\"text-editor.default\">\n\t\t\t\t\t\t\t\t\t<div class=\"col-100\"><div class=\"col-100\"><div class=\"col-100\"><div class=\"col-100\"><div class=\"col-100\"><h6 class=\"left-black\">Produktionsleiter<\/h6><h4>Andrea Kotkas<\/h4><\/div><\/div><\/div><\/div><\/div>\t\t\t\t\t\t\t\t<\/div>\n\t\t\t\t<\/div>\n\t\t\t\t\t<\/div>\n\t\t\t\t<\/div>\n\t\t<div class=\"elementor-element elementor-element-9bbe790 e-flex e-con-boxed e-con e-parent\" data-id=\"9bbe790\" data-element_type=\"container\">\n\t\t\t\t\t<div class=\"e-con-inner\">\n\t\t<div class=\"elementor-element elementor-element-bff3e33 e-con-full e-flex e-con e-child\" data-id=\"bff3e33\" data-element_type=\"container\">\n\t\t\t\t<div class=\"elementor-element elementor-element-9c1113c elementor-widget elementor-widget-image\" data-id=\"9c1113c\" data-element_type=\"widget\" data-widget_type=\"image.default\">\n\t\t\t\t\t\t\t\t\t\t\t\t\t\t\t<img loading=\"lazy\" decoding=\"async\" width=\"590\" height=\"576\" src=\"https:\/\/kodasema.com\/wp-content\/uploads\/2024\/10\/generic-woman.png\" class=\"attachment-large size-large wp-image-9660\" alt=\"\" srcset=\"https:\/\/kodasema.com\/wp-content\/uploads\/2024\/10\/generic-woman.png 590w, https:\/\/kodasema.com\/wp-content\/uploads\/2024\/10\/generic-woman-300x293.png 300w\" sizes=\"(max-width: 590px) 100vw, 590px\" \/>\t\t\t\t\t\t\t\t\t\t\t\t\t\t\t<\/div>\n\t\t\t\t<\/div>\n\t\t<div class=\"elementor-element elementor-element-886f23e e-con-full e-flex e-con e-child\" data-id=\"886f23e\" data-element_type=\"container\">\n\t\t\t\t<div class=\"elementor-element elementor-element-0bdf267 elementor-widget elementor-widget-text-editor\" data-id=\"0bdf267\" data-element_type=\"widget\" data-widget_type=\"text-editor.default\">\n\t\t\t\t\t\t\t\t\t<div class=\"col-100\"><div class=\"col-100\"><div class=\"col-100\"><div class=\"col-100\"><div class=\"col-100\"><h6 class=\"left-black\">CFO<\/h6><h4>Siive Penu<\/h4><\/div><\/div><\/div><\/div><\/div>\t\t\t\t\t\t\t\t<\/div>\n\t\t\t\t<\/div>\n\t\t\t\t\t<\/div>\n\t\t\t\t<\/div>\n\t\t<div class=\"elementor-element elementor-element-083f1f7 e-flex e-con-boxed e-con e-parent\" data-id=\"083f1f7\" data-element_type=\"container\">\n\t\t\t\t\t<div class=\"e-con-inner\">\n\t\t<div class=\"elementor-element elementor-element-8013f6f e-con-full e-flex e-con e-child\" data-id=\"8013f6f\" data-element_type=\"container\">\n\t\t\t\t<div class=\"elementor-element elementor-element-bdadf47 elementor-widget elementor-widget-image\" data-id=\"bdadf47\" data-element_type=\"widget\" data-widget_type=\"image.default\">\n\t\t\t\t\t\t\t\t\t\t\t\t\t\t\t<img loading=\"lazy\" decoding=\"async\" width=\"800\" height=\"711\" src=\"https:\/\/kodasema.com\/wp-content\/uploads\/2024\/09\/Ular_Mark_web-e1559879464260.jpg\" class=\"attachment-large size-large wp-image-5640\" alt=\"\" srcset=\"https:\/\/kodasema.com\/wp-content\/uploads\/2024\/09\/Ular_Mark_web-e1559879464260.jpg 894w, https:\/\/kodasema.com\/wp-content\/uploads\/2024\/09\/Ular_Mark_web-e1559879464260-300x267.jpg 300w, https:\/\/kodasema.com\/wp-content\/uploads\/2024\/09\/Ular_Mark_web-e1559879464260-768x683.jpg 768w\" sizes=\"(max-width: 800px) 100vw, 800px\" \/>\t\t\t\t\t\t\t\t\t\t\t\t\t\t\t<\/div>\n\t\t\t\t<\/div>\n\t\t<div class=\"elementor-element elementor-element-c33391d e-con-full e-flex e-con e-child\" data-id=\"c33391d\" data-element_type=\"container\">\n\t\t\t\t<div class=\"elementor-element elementor-element-42f8b32 elementor-widget elementor-widget-text-editor\" data-id=\"42f8b32\" data-element_type=\"widget\" data-widget_type=\"text-editor.default\">\n\t\t\t\t\t\t\t\t\t<div class=\"col-100\"><div class=\"col-100\"><div class=\"col-100\"><div class=\"col-100\"><div class=\"col-100\"><h6 class=\"left-black\">LEITENDER ARCHITEKT, GR\u00dcNDER<\/h6><h4>\u00dclar Mark<\/h4><\/div><\/div><\/div><\/div><\/div>\t\t\t\t\t\t\t\t<\/div>\n\t\t\t\t<\/div>\n\t\t\t\t\t<\/div>\n\t\t\t\t<\/div>\n\t\t<div class=\"elementor-element elementor-element-75a4815 e-flex e-con-boxed e-con e-parent\" data-id=\"75a4815\" data-element_type=\"container\">\n\t\t\t\t\t<div class=\"e-con-inner\">\n\t\t<div class=\"elementor-element elementor-element-19e993a e-con-full e-flex e-con e-child\" data-id=\"19e993a\" data-element_type=\"container\">\n\t\t\t\t<div class=\"elementor-element elementor-element-3effe4e elementor-widget elementor-widget-image\" data-id=\"3effe4e\" data-element_type=\"widget\" data-widget_type=\"image.default\">\n\t\t\t\t\t\t\t\t\t\t\t\t\t\t\t<img loading=\"lazy\" decoding=\"async\" width=\"800\" height=\"694\" src=\"https:\/\/kodasema.com\/wp-content\/uploads\/2024\/09\/Hannes_Tamjarv_Photo_by_Ronald-Kask-e1689772213459.jpg\" class=\"attachment-large size-large wp-image-5642\" alt=\"\" srcset=\"https:\/\/kodasema.com\/wp-content\/uploads\/2024\/09\/Hannes_Tamjarv_Photo_by_Ronald-Kask-e1689772213459.jpg 924w, https:\/\/kodasema.com\/wp-content\/uploads\/2024\/09\/Hannes_Tamjarv_Photo_by_Ronald-Kask-e1689772213459-300x260.jpg 300w, https:\/\/kodasema.com\/wp-content\/uploads\/2024\/09\/Hannes_Tamjarv_Photo_by_Ronald-Kask-e1689772213459-768x666.jpg 768w\" sizes=\"(max-width: 800px) 100vw, 800px\" \/>\t\t\t\t\t\t\t\t\t\t\t\t\t\t\t<\/div>\n\t\t\t\t<\/div>\n\t\t<div class=\"elementor-element elementor-element-cf6ffcb e-con-full e-flex e-con e-child\" data-id=\"cf6ffcb\" data-element_type=\"container\">\n\t\t\t\t<div class=\"elementor-element elementor-element-1951061 elementor-widget elementor-widget-text-editor\" data-id=\"1951061\" data-element_type=\"widget\" data-widget_type=\"text-editor.default\">\n\t\t\t\t\t\t\t\t\t<div class=\"col-100\"><div class=\"col-100\"><div class=\"col-100\"><div class=\"col-100\"><div class=\"col-100\"><h6 class=\"left-black\">GR\u00dcNDER<\/h6><h4>Hannes Tamj\u00e4rv<\/h4><\/div><\/div><\/div><\/div><\/div>\t\t\t\t\t\t\t\t<\/div>\n\t\t\t\t<\/div>\n\t\t\t\t\t<\/div>\n\t\t\t\t<\/div>\n\t\t\t\t<\/div>\n\t\t","protected":false},"excerpt":{"rendered":"<p>\u00dcBER UNS Kodasema O\u00dc ist ein Architektur- und Ingenieurb\u00fcro, das innovative Wohnl\u00f6sungen entwickelt. Einfachheit und Freiheit \u2013 das sind die Werte, die ein KODA-Haus bietet, um in vielerlei Hinsicht mehr Energie und Zeit zu schaffen. Verkaufsleiter und Kundenbeziehungsmanager \u00dclle Penjam sales@kodasema.com TECHNISCHER UND LOGISTIKLEITER Heido T\u00fcrk support@kodasema.com Chefingenieur Heleriin P\u00e4rnoja Beratender Ingenieur (Deutschland) Ralf Steinmetz [&hellip;]<\/p>\n","protected":false},"author":1,"featured_media":11791,"parent":0,"menu_order":2,"comment_status":"closed","ping_status":"closed","template":"","meta":{"_acf_changed":false,"footnotes":""},"class_list":["post-8638","page","type-page","status-publish","has-post-thumbnail","hentry"],"acf":[],"yoast_head":"<!-- This site is optimized with the Yoast SEO plugin v26.1.1 - https:\/\/yoast.com\/wordpress\/plugins\/seo\/ -->\n<title>\u00dcber uns | KODA by Kodasema<\/title>\n<meta name=\"description\" content=\"Kodasema ist ein estnisches Architektur- und Ingenieurb\u00fcro, das innovative Wohn- und Hausl\u00f6sungen entwickelt. Schlichtheit gepaart mit Freiheit - das sind Werte, die es Ihnen erlauben in einen KODA-Haus auf vielf\u00e4ltige Weise mehr Energie und Zeit f\u00fcr sich zu schaffen.\" \/>\n<meta name=\"robots\" content=\"index, follow, max-snippet:-1, max-image-preview:large, max-video-preview:-1\" \/>\n<link rel=\"canonical\" href=\"https:\/\/kodasema.com\/de\/uber-uns\/\" \/>\n<meta property=\"og:locale\" content=\"de_DE\" \/>\n<meta property=\"og:type\" content=\"article\" \/>\n<meta property=\"og:title\" content=\"\u00dcber uns | KODA by Kodasema\" \/>\n<meta property=\"og:description\" content=\"Kodasema ist ein estnisches Architektur- und Ingenieurb\u00fcro, das innovative Wohn- und Hausl\u00f6sungen entwickelt. Schlichtheit gepaart mit Freiheit - das sind Werte, die es Ihnen erlauben in einen KODA-Haus auf vielf\u00e4ltige Weise mehr Energie und Zeit f\u00fcr sich zu schaffen.\" \/>\n<meta property=\"og:url\" content=\"https:\/\/kodasema.com\/de\/uber-uns\/\" \/>\n<meta property=\"og:site_name\" content=\"KODA\" \/>\n<meta property=\"article:publisher\" content=\"https:\/\/www.facebook.com\/kodabykodasema\/\" \/>\n<meta property=\"article:modified_time\" content=\"2025-03-03T08:34:54+00:00\" \/>\n<meta property=\"og:image\" content=\"https:\/\/kodasema.com\/wp-content\/uploads\/2024\/10\/microvillage.jpg\" \/>\n\t<meta property=\"og:image:width\" content=\"1620\" \/>\n\t<meta property=\"og:image:height\" content=\"1080\" \/>\n\t<meta property=\"og:image:type\" content=\"image\/jpeg\" \/>\n<meta name=\"twitter:card\" content=\"summary_large_image\" \/>\n<meta name=\"twitter:label1\" content=\"Gesch\u00e4tzte Lesezeit\" \/>\n\t<meta name=\"twitter:data1\" content=\"3\u00a0Minuten\" \/>\n<script type=\"application\/ld+json\" class=\"yoast-schema-graph\">{\"@context\":\"https:\/\/schema.org\",\"@graph\":[{\"@type\":\"WebPage\",\"@id\":\"https:\/\/kodasema.com\/de\/uber-uns\/\",\"url\":\"https:\/\/kodasema.com\/de\/uber-uns\/\",\"name\":\"\u00dcber uns | KODA by Kodasema\",\"isPartOf\":{\"@id\":\"https:\/\/kodasema.com\/en\/#website\"},\"primaryImageOfPage\":{\"@id\":\"https:\/\/kodasema.com\/de\/uber-uns\/#primaryimage\"},\"image\":{\"@id\":\"https:\/\/kodasema.com\/de\/uber-uns\/#primaryimage\"},\"thumbnailUrl\":\"https:\/\/kodasema.com\/wp-content\/uploads\/2024\/10\/microvillage.jpg\",\"datePublished\":\"2024-09-26T16:25:23+00:00\",\"dateModified\":\"2025-03-03T08:34:54+00:00\",\"description\":\"Kodasema ist ein estnisches Architektur- und Ingenieurb\u00fcro, das innovative Wohn- und Hausl\u00f6sungen entwickelt. Schlichtheit gepaart mit Freiheit - das sind Werte, die es Ihnen erlauben in einen KODA-Haus auf vielf\u00e4ltige Weise mehr Energie und Zeit f\u00fcr sich zu schaffen.\",\"breadcrumb\":{\"@id\":\"https:\/\/kodasema.com\/de\/uber-uns\/#breadcrumb\"},\"inLanguage\":\"de\",\"potentialAction\":[{\"@type\":\"ReadAction\",\"target\":[\"https:\/\/kodasema.com\/de\/uber-uns\/\"]}]},{\"@type\":\"ImageObject\",\"inLanguage\":\"de\",\"@id\":\"https:\/\/kodasema.com\/de\/uber-uns\/#primaryimage\",\"url\":\"https:\/\/kodasema.com\/wp-content\/uploads\/2024\/10\/microvillage.jpg\",\"contentUrl\":\"https:\/\/kodasema.com\/wp-content\/uploads\/2024\/10\/microvillage.jpg\",\"width\":1620,\"height\":1080},{\"@type\":\"BreadcrumbList\",\"@id\":\"https:\/\/kodasema.com\/de\/uber-uns\/#breadcrumb\",\"itemListElement\":[{\"@type\":\"ListItem\",\"position\":1,\"name\":\"Home\",\"item\":\"https:\/\/kodasema.com\/de\/\"},{\"@type\":\"ListItem\",\"position\":2,\"name\":\"\u00dcBER UNS\"}]},{\"@type\":\"WebSite\",\"@id\":\"https:\/\/kodasema.com\/en\/#website\",\"url\":\"https:\/\/kodasema.com\/en\/\",\"name\":\"KODA\",\"description\":\"QUALITY AND DESIGN MEETS FLEXIBLE, INNOVATIVE SPACE\",\"publisher\":{\"@id\":\"https:\/\/kodasema.com\/en\/#organization\"},\"potentialAction\":[{\"@type\":\"SearchAction\",\"target\":{\"@type\":\"EntryPoint\",\"urlTemplate\":\"https:\/\/kodasema.com\/en\/?s={search_term_string}\"},\"query-input\":{\"@type\":\"PropertyValueSpecification\",\"valueRequired\":true,\"valueName\":\"search_term_string\"}}],\"inLanguage\":\"de\"},{\"@type\":\"Organization\",\"@id\":\"https:\/\/kodasema.com\/en\/#organization\",\"name\":\"KODA\",\"url\":\"https:\/\/kodasema.com\/en\/\",\"logo\":{\"@type\":\"ImageObject\",\"inLanguage\":\"de\",\"@id\":\"https:\/\/kodasema.com\/en\/#\/schema\/logo\/image\/\",\"url\":\"https:\/\/kodasema.com\/wp-content\/uploads\/2024\/09\/logo-dark.svg\",\"contentUrl\":\"https:\/\/kodasema.com\/wp-content\/uploads\/2024\/09\/logo-dark.svg\",\"width\":123,\"height\":34,\"caption\":\"KODA\"},\"image\":{\"@id\":\"https:\/\/kodasema.com\/en\/#\/schema\/logo\/image\/\"},\"sameAs\":[\"https:\/\/www.facebook.com\/kodabykodasema\/\"]}]}<\/script>\n<!-- \/ Yoast SEO plugin. -->","yoast_head_json":{"title":"\u00dcber uns | KODA by Kodasema","description":"Kodasema ist ein estnisches Architektur- und Ingenieurb\u00fcro, das innovative Wohn- und Hausl\u00f6sungen entwickelt. Schlichtheit gepaart mit Freiheit - das sind Werte, die es Ihnen erlauben in einen KODA-Haus auf vielf\u00e4ltige Weise mehr Energie und Zeit f\u00fcr sich zu schaffen.","robots":{"index":"index","follow":"follow","max-snippet":"max-snippet:-1","max-image-preview":"max-image-preview:large","max-video-preview":"max-video-preview:-1"},"canonical":"https:\/\/kodasema.com\/de\/uber-uns\/","og_locale":"de_DE","og_type":"article","og_title":"\u00dcber uns | KODA by Kodasema","og_description":"Kodasema ist ein estnisches Architektur- und Ingenieurb\u00fcro, das innovative Wohn- und Hausl\u00f6sungen entwickelt. Schlichtheit gepaart mit Freiheit - das sind Werte, die es Ihnen erlauben in einen KODA-Haus auf vielf\u00e4ltige Weise mehr Energie und Zeit f\u00fcr sich zu schaffen.","og_url":"https:\/\/kodasema.com\/de\/uber-uns\/","og_site_name":"KODA","article_publisher":"https:\/\/www.facebook.com\/kodabykodasema\/","article_modified_time":"2025-03-03T08:34:54+00:00","og_image":[{"width":1620,"height":1080,"url":"https:\/\/kodasema.com\/wp-content\/uploads\/2024\/10\/microvillage.jpg","type":"image\/jpeg"}],"twitter_card":"summary_large_image","twitter_misc":{"Gesch\u00e4tzte Lesezeit":"3\u00a0Minuten"},"schema":{"@context":"https:\/\/schema.org","@graph":[{"@type":"WebPage","@id":"https:\/\/kodasema.com\/de\/uber-uns\/","url":"https:\/\/kodasema.com\/de\/uber-uns\/","name":"\u00dcber uns | KODA by Kodasema","isPartOf":{"@id":"https:\/\/kodasema.com\/en\/#website"},"primaryImageOfPage":{"@id":"https:\/\/kodasema.com\/de\/uber-uns\/#primaryimage"},"image":{"@id":"https:\/\/kodasema.com\/de\/uber-uns\/#primaryimage"},"thumbnailUrl":"https:\/\/kodasema.com\/wp-content\/uploads\/2024\/10\/microvillage.jpg","datePublished":"2024-09-26T16:25:23+00:00","dateModified":"2025-03-03T08:34:54+00:00","description":"Kodasema ist ein estnisches Architektur- und Ingenieurb\u00fcro, das innovative Wohn- und Hausl\u00f6sungen entwickelt. Schlichtheit gepaart mit Freiheit - das sind Werte, die es Ihnen erlauben in einen KODA-Haus auf vielf\u00e4ltige Weise mehr Energie und Zeit f\u00fcr sich zu schaffen.","breadcrumb":{"@id":"https:\/\/kodasema.com\/de\/uber-uns\/#breadcrumb"},"inLanguage":"de","potentialAction":[{"@type":"ReadAction","target":["https:\/\/kodasema.com\/de\/uber-uns\/"]}]},{"@type":"ImageObject","inLanguage":"de","@id":"https:\/\/kodasema.com\/de\/uber-uns\/#primaryimage","url":"https:\/\/kodasema.com\/wp-content\/uploads\/2024\/10\/microvillage.jpg","contentUrl":"https:\/\/kodasema.com\/wp-content\/uploads\/2024\/10\/microvillage.jpg","width":1620,"height":1080},{"@type":"BreadcrumbList","@id":"https:\/\/kodasema.com\/de\/uber-uns\/#breadcrumb","itemListElement":[{"@type":"ListItem","position":1,"name":"Home","item":"https:\/\/kodasema.com\/de\/"},{"@type":"ListItem","position":2,"name":"\u00dcBER UNS"}]},{"@type":"WebSite","@id":"https:\/\/kodasema.com\/en\/#website","url":"https:\/\/kodasema.com\/en\/","name":"KODA","description":"QUALITY AND DESIGN MEETS FLEXIBLE, INNOVATIVE SPACE","publisher":{"@id":"https:\/\/kodasema.com\/en\/#organization"},"potentialAction":[{"@type":"SearchAction","target":{"@type":"EntryPoint","urlTemplate":"https:\/\/kodasema.com\/en\/?s={search_term_string}"},"query-input":{"@type":"PropertyValueSpecification","valueRequired":true,"valueName":"search_term_string"}}],"inLanguage":"de"},{"@type":"Organization","@id":"https:\/\/kodasema.com\/en\/#organization","name":"KODA","url":"https:\/\/kodasema.com\/en\/","logo":{"@type":"ImageObject","inLanguage":"de","@id":"https:\/\/kodasema.com\/en\/#\/schema\/logo\/image\/","url":"https:\/\/kodasema.com\/wp-content\/uploads\/2024\/09\/logo-dark.svg","contentUrl":"https:\/\/kodasema.com\/wp-content\/uploads\/2024\/09\/logo-dark.svg","width":123,"height":34,"caption":"KODA"},"image":{"@id":"https:\/\/kodasema.com\/en\/#\/schema\/logo\/image\/"},"sameAs":["https:\/\/www.facebook.com\/kodabykodasema\/"]}]}},"_links":{"self":[{"href":"https:\/\/kodasema.com\/de\/wp-json\/wp\/v2\/pages\/8638","targetHints":{"allow":["GET"]}}],"collection":[{"href":"https:\/\/kodasema.com\/de\/wp-json\/wp\/v2\/pages"}],"about":[{"href":"https:\/\/kodasema.com\/de\/wp-json\/wp\/v2\/types\/page"}],"author":[{"embeddable":true,"href":"https:\/\/kodasema.com\/de\/wp-json\/wp\/v2\/users\/1"}],"replies":[{"embeddable":true,"href":"https:\/\/kodasema.com\/de\/wp-json\/wp\/v2\/comments?post=8638"}],"version-history":[{"count":0,"href":"https:\/\/kodasema.com\/de\/wp-json\/wp\/v2\/pages\/8638\/revisions"}],"wp:featuredmedia":[{"embeddable":true,"href":"https:\/\/kodasema.com\/de\/wp-json\/wp\/v2\/media\/11791"}],"wp:attachment":[{"href":"https:\/\/kodasema.com\/de\/wp-json\/wp\/v2\/media?parent=8638"}],"curies":[{"name":"wp","href":"https:\/\/api.w.org\/{rel}","templated":true}]}}